{"id":1328,"date":"2022-03-11T20:10:19","date_gmt":"2022-03-11T19:10:19","guid":{"rendered":"https:\/\/aed39d6b-c452-4f65-a5e4-4242a2f27b98.h3.conves.io\/?page_id=1328"},"modified":"2024-02-06T14:18:06","modified_gmt":"2024-02-06T13:18:06","slug":"control-de","status":"publish","type":"page","link":"https:\/\/housebook-solutions.com\/ar\/control-de\/","title":{"rendered":"Control"},"content":{"rendered":"<h2>Housebook Control<\/h2>\n\t<h6>\u062a\u062a\u064a\u062d \u0645\u0646\u0635\u0629 \u0627\u0644\u062a\u062d\u0643\u0645 \u0641\u064a Housebook Control \u0628\u0646\u0627\u0621 \u0647\u064a\u0643\u0644 \u0627\u0644\u0645\u0634\u0631\u0648\u0639 \u0648\u0625\u0646\u0634\u0627\u0621 \u0623\u0631\u0634\u064a\u0641 \u0645\u062a\u0643\u0627\u0645\u0644 \u0644\u0639\u0645\u0644\u064a\u0629 \u0627\u0644\u0628\u0646\u0627\u0621 \u0648\u0627\u0644\u0627\u0633\u062a\u062b\u0645\u0627\u0631. \u064a\u062a\u0645 \u0639\u0631\u0636 \u0627\u0644\u062a\u063a\u064a\u064a\u0631\u0627\u062a \u0627\u0644\u062a\u064a \u062a\u0645 \u0625\u062f\u062e\u0627\u0644\u0647\u0627 \u0628\u0634\u0643\u0644 \u0645\u0633\u062a\u0645\u0631 \u0639\u0644\u0649 \u0627\u0644\u0641\u0648\u0631\u060c \u0645\u0645\u0627 \u064a\u062c\u0639\u0644 \u0639\u0645\u0644 \u0627\u0644\u0641\u0631\u064a\u0642 \u0628\u0623\u0643\u0645\u0644\u0647 \u0623\u0643\u062b\u0631 \u0643\u0641\u0627\u0621\u0629\u060c \u0644\u0645\u0646 \u0644\u062f\u064a\u0647\u0645 \u0627\u0644\u0648\u0635\u0648\u0644 \u0625\u0644\u0649 Housebook Control.\n<\/h6>\n\t\t\t<a href=\"https:\/\/control.housebook-solutions.com\/#signup\/de\" target=\"_blank\" rel=\"noopener\">\n\t\t\t\t\t\t\u062c\u0631\u0651\u0628 \u0645\u062c\u0627\u0646\u0627\u064b \u0627\u0644\u0622\u0646.\n\t\t\t\t\t<\/a>\n\t<img decoding=\"async\" id=\"change-image\" src=\"\/wp-content\/uploads\/2022\/03\/control-01.jpg\" alt=\"HOUSEBOOK Control\" \/>\n\t<h6>\u0646\u0638\u0631\u0629 \u0639\u0627\u0645\u0629 \u0639\u0644\u0649 \u0645\u064a\u0632\u0627\u062a \u0627\u0644\u062a\u062d\u0643\u0645:<\/h6>\n        <img decoding=\"async\" src=\"\/wp-content\/uploads\/2022\/03\/housebook-icons-locationTracking.svg\" alt=\"HOUSEBOOK Control\" width=\"30\" \/>\n        <h3>\u062a\u062d\u062f\u064a\u062f \u0627\u0644\u0645\u0648\u0642\u0639 \u0639\u0646 \u0637\u0631\u064a\u0642 \u0631\u0645\u0632 \u0627\u0644\u0627\u0633\u062a\u062c\u0627\u0628\u0629 \u0627\u0644\u0633\u0631\u064a\u0639\u0629 (QR)<\/h3>\n        \u064a\u062a\u0645 \u062a\u062d\u062f\u064a\u062f \u0627\u0644\u0645\u0648\u0642\u0639 \u0627\u0644\u062f\u0642\u064a\u0642 \u0644\u0631\u0645\u0632 \u0627\u0644\u0627\u0633\u062a\u062c\u0627\u0628\u0629 \u0627\u0644\u0633\u0631\u064a\u0639\u0629 (QR) \u0627\u0644\u0645\u0648\u0636\u0648\u0639 \u0641\u064a \u0627\u0644\u0639\u0642\u0627\u0631 \u0623\u0648 \u062f\u0627\u062e\u0644 \u0627\u0644\u0645\u0628\u0646\u0649\u060c \u0648\u0644\u0627 \u064a\u062a\u0637\u0644\u0628 \u0630\u0644\u0643 \u0627\u0644\u0628\u062d\u062b \u0627\u0644\u0634\u0627\u0642. \u064a\u062a\u0645 \u062a\u0639\u064a\u064a\u0646 \u0627\u0644\u0639\u064a\u0648\u0628 \u0648\u0627\u0644\u0623\u0639\u0637\u0627\u0644 \u0648\u0627\u0644\u0623\u0639\u0645\u0627\u0644 \u0627\u0644\u062a\u064a \u064a\u062c\u0628 \u0625\u062c\u0631\u0627\u0624\u0647\u0627 \u0628\u0633\u0647\u0648\u0644\u0629 \u0628\u0647\u0630\u0647 \u0627\u0644\u0637\u0631\u064a\u0642\u0629 \u0648\u062a\u0648\u062b\u064a\u0642\u0647\u0627.\n    \n        <img decoding=\"async\" src=\"\/wp-content\/uploads\/2022\/03\/housebook-icons-siteManagers2.svg\" alt=\"HOUSEBOOK Control\" width=\"35\" \/>\n        <h3>\u0625\u062f\u0627\u0631\u0629 \u0627\u0644\u0645\u0628\u0627\u0646\u064a \u0627\u0644\u0634\u0627\u0645\u0644\u0629<\/h3>\n        \u064a\u0645\u0643\u0646\u0643 \u0627\u0644\u062a\u062d\u0643\u0645 \u0627\u0644\u0643\u0627\u0645\u0644 \u0641\u064a \u0625\u062f\u0627\u0631\u0629 \u0627\u0644\u0645\u0628\u0627\u0646\u064a \u0628\u0627\u0633\u062a\u062e\u062f\u0627\u0645 Housebook Control \u0641\u064a \u0623\u064a \u0645\u0643\u0627\u0646 \u0648\u0641\u064a \u0623\u064a \u0648\u0642\u062a. \u064a\u062a\u064a\u062d \u0644\u0643 \u0627\u0644\u062d\u0635\u0648\u0644 \u0639\u0644\u0649 \u0628\u064a\u0627\u0646\u0627\u062a\u0643 \u0641\u064a \u0627\u0644\u0633\u062d\u0627\u0628\u0629 \u0627\u0644\u0648\u0635\u0648\u0644 \u0625\u0644\u064a\u0647\u0627 \u0641\u064a \u062c\u0645\u064a\u0639 \u0623\u0646\u062d\u0627\u0621 \u0627\u0644\u0639\u0627\u0644\u0645. <br \/><br \/>\u0645\u0646 \u062e\u0644\u0627\u0644 \u062a\u062d\u062f\u064a\u062f \u0647\u064a\u0643\u0644 \u0627\u0644\u0645\u0628\u0646\u0649 \u0627\u0644\u0645\u0646\u0627\u0633\u0628 \u064a\u0645\u0643\u0646\u0643 \u062a\u0635\u0645\u064a\u0645 \u0625\u062f\u0627\u0631\u0629 \u0627\u0644\u0645\u0628\u0646\u0649 \u0639\u0644\u0649 \u0646\u062d\u0648 \u0634\u062e\u0635\u064a \u0648\u0641\u0642\u064b\u0627 \u0644\u0627\u062d\u062a\u064a\u0627\u062c\u0627\u062a\u0643 \u0628\u0633\u0647\u0648\u0644\u0629 \u0648\u0628\u0633\u0631\u0639\u0629. \u062a\u0648\u062b\u0651\u0642 \u0639\u0645\u0644\u064a\u0627\u062a \u0641\u062d\u0635 \u0623\u0645\u0627\u0646 \u0627\u0644\u0639\u0642\u0627\u0631\u0627\u062a \u0628\u0634\u0643\u0644 \u062f\u0627\u0626\u0645 \u0648\u0645\u062a\u0642\u0646.\n    \n        <img decoding=\"async\" src=\"\/wp-content\/uploads\/2022\/03\/housebook-icons-quality.svg\" alt=\"HOUSEBOOK Control\" width=\"35\" \/>\n        <h3>\u0627\u0644\u062a\u062d\u0642\u0642 \u0645\u0646 \u0627\u0644\u062c\u0648\u062f\u0629 \u0628\u0633\u0647\u0648\u0644\u0629<\/h3>\n        <p>\u064a\u062a\u0645 \u0648\u0636\u0639 \u0627\u0644\u0623\u0639\u0645\u0627\u0644 \u062a\u062d\u062a \u0645\u0631\u0627\u0642\u0628\u0629 \u0627\u0644\u062c\u0648\u062f\u0629 \u0627\u0644\u0645\u0633\u062a\u0645\u0631\u0629 \u062e\u0644\u0627\u0644 \u0645\u0631\u062d\u0644\u0629 \u0627\u0644\u0628\u0646\u0627\u0621. \u064a\u0645\u0643\u0646 \u0627\u0644\u0648\u0635\u0648\u0644 \u0628\u0633\u0647\u0648\u0644\u0629 \u0625\u0644\u0649 \u0639\u0631\u0636 \u0634\u0627\u0645\u0644 \u0644\u0644\u0639\u0645\u0644\u064a\u0627\u062a \u0627\u0644\u0645\u062e\u062a\u0644\u0641\u0629 \u0644\u0644\u062d\u0631\u0641\u064a\u064a\u0646 \u0639\u0646 \u0637\u0631\u064a\u0642 \u062a\u062c\u0645\u064a\u0639 \u0627\u0644\u062a\u0648\u062b\u064a\u0642\u0627\u062a \u0627\u0644\u0641\u0631\u062f\u064a\u0629. \u0643\u0645\u0627 \u064a\u0633\u0647\u0644 \u0627\u0644\u062a\u0648\u062b\u064a\u0642 \u0639\u0645\u0644\u064a\u0629 \u0627\u0644\u0631\u0639\u0627\u064a\u0629 \u0627\u0644\u0645\u0633\u062a\u0645\u0631\u0629 \u0644\u0644\u0645\u0646\u0632\u0644 \u0628\u0637\u0631\u064a\u0642\u0629 \u0645\u0641\u0647\u0648\u0645\u0629 \u0648\u0645\u0648\u062b\u0642\u0629.<\/p>\n        <img decoding=\"async\" src=\"\/wp-content\/uploads\/2022\/03\/housebook-icons-reminder.svg\" alt=\"HOUSEBOOK Control\" width=\"35\" \/>\n        <h3>\u0625\u0631\u0633\u0627\u0644 \u062a\u0644\u0642\u0627\u0626\u064a \u0644\u0644\u062a\u0646\u0628\u064a\u0647\u0627\u062a \u0648\u0627\u0644\u062a\u0630\u0643\u064a\u0631\u0627\u062a<\/h3>\n        <p>\u062a\u0645\u0643\u0651\u0646 \u0627\u0644\u0631\u0633\u0627\u0626\u0644 \u0627\u0644\u062a\u0630\u0643\u064a\u0631\u064a\u0629 \u0627\u0644\u0633\u0647\u0644\u0629 \u0645\u0646 \u062a\u0630\u0643\u064a\u0631 \u0627\u0644\u0645\u0633\u062a\u062e\u062f\u0645\u064a\u0646 \u0628\u0627\u0644\u0645\u0648\u0627\u0639\u064a\u062f \u0648\u0627\u0644\u0623\u0639\u0645\u0627\u0644 \u0627\u0644\u0648\u0627\u062c\u0628 \u0625\u062c\u0631\u0627\u0624\u0647\u0627\u060c \u0628\u0645\u0627 \u0641\u064a \u0630\u0644\u0643 \u0627\u0644\u062e\u062f\u0645\u0627\u062a \u0648\u0642\u0631\u0627\u0621\u0627\u062a \u0627\u0644\u0639\u062f\u0627\u062f\u0627\u062a \u0648\u0645\u0627 \u0625\u0644\u0649 \u0630\u0644\u0643. \u0648\u0647\u0630\u0627 \u064a\u0633\u0627\u0639\u062f \u0639\u0644\u0649 \u062a\u0633\u0647\u064a\u0644 \u062a\u0646\u0641\u064a\u0630 \u0627\u0644\u0639\u0645\u0644\u064a\u0627\u062a \u0627\u0644\u0645\u0630\u0643\u0648\u0631\u0629 \u0648\u064a\u0642\u0644\u0644 \u0627\u0644\u062a\u0643\u0627\u0644\u064a\u0641 \u0628\u0634\u0643\u0644 \u0639\u0627\u0645.<\/p>\n\t<h6>\u0645\u0632\u0627\u064a\u0627 \u0645\u0646\u0635\u0629 \u0627\u0644\u062a\u062d\u0643\u0645 Control:<\/h6>\n\t<h3>\u0645\u0646 \u062e\u0644\u0627\u0644 HOUSEBOOK Control \u064a\u0645\u0643\u0646\u0643 \u0625\u0646\u0634\u0627\u0621 \u0647\u064a\u0643\u0644 \u0645\u0634\u0631\u0648\u0639 \u0648\u0628\u0646\u0627\u0621 \u0623\u0631\u0634\u064a\u0641 \u0643\u0627\u0645\u0644 \u0644\u0639\u0645\u0644\u064a\u0629 \u0627\u0644\u0627\u0633\u062a\u062b\u0645\u0627\u0631.<\/h3>\n\t<a href=\"#\">\u062c\u0631\u0628 \u0627\u0644\u0622\u0646 \u062c\u0645\u064a\u0639 \u0627\u0644\u0648\u0638\u0627\u0626\u0641 \u0645\u062c\u0627\u0646\u064b\u0627.<\/a>\n        \u0660\u0661\n        <h4>\u0627\u0644\u062a\u0648\u0641\u0631\u064a\u0629<\/h4>\n        <p>\u0627\u0644\u0648\u0635\u0648\u0644 \u0625\u0644\u0649 \u062c\u0645\u064a\u0639 \u0627\u0644\u062a\u0648\u062b\u064a\u0642\u0627\u062a \u0645\u0646 \u062e\u0644\u0627\u0644 \u0623\u064a \u062c\u0647\u0627\u0632 \u0645\u062d\u0645\u0648\u0644 \u0623\u0648 \u0643\u0645\u0628\u064a\u0648\u062a\u0631 \u0641\u064a \u0623\u064a \u0645\u0643\u0627\u0646 \u0641\u064a \u0627\u0644\u0639\u0627\u0644\u0645.<\/p>\n        \u0660\u0662\n        <h4>\u0627\u0644\u0645\u0631\u0627\u0642\u0628\u0629<\/h4>\nKontrolle der aktuellen Phase und der mit der Beseitigung von M\u00e4ngeln verbundenen Arbeitsfortschritte.\n\n        a03\n        <h4>\u0627\u0644\u062a\u062e\u0635\u064a\u0635<\/h4>\n<p>\u0625\u0645\u0643\u0627\u0646\u064a\u0629 \u0627\u0633\u062a\u064a\u0631\u0627\u062f \u0646\u0645\u0648\u0630\u062c \u0627\u0644\u0623\u0631\u0634\u0641\u0629 \u0627\u0644\u0648\u062b\u0627\u0626\u0642\u064a \u0627\u0644\u062e\u0627\u0635 \u0628\u0643 \u0648\u0627\u0633\u062a\u062e\u062f\u0627\u0645 \u0627\u0644\u062a\u0637\u0628\u064a\u0642 \u0628\u0633\u0647\u0648\u0644\u0629.<\/p>\n        \u0660\u0664\n        <h4>\u0627\u0644\u0643\u0641\u0627\u0621\u0629<\/h4>\n<p>\u062a\u0633\u0631\u064a\u0639 \u0625\u062f\u0627\u0631\u0629 \u0648\u062b\u0627\u0626\u0642 \u0627\u0644\u0628\u0646\u0627\u0621.<\/p>\n        \u0660\u0665\n        <h4>\u0627\u0644\u062a\u0648\u062b\u064a\u0642<\/h4>\n<p>\u062a\u0648\u062b\u064a\u0642 \u0633\u0631\u064a\u0639 \u0644\u062c\u0645\u064a\u0639 \u0623\u0646\u0648\u0627\u0639 \u0627\u0644\u0641\u062d\u0648\u0635\u0627\u062a \u0648\u0627\u0639\u062a\u0645\u0627\u062f \u0627\u0644\u0623\u0639\u0645\u0627\u0644.<\/p>\n        \u0660\u0666\n        <h4>\u0631\u0645\u0632 \u0627\u0644\u0627\u0633\u062a\u062c\u0627\u0628\u0629 \u0627\u0644\u0633\u0631\u064a\u0639\u0629 QR<\/h4>\n        <p>\u0625\u0646\u0634\u0627\u0621 \u0631\u0645\u0632 \u0627\u0644\u0627\u0633\u062a\u062c\u0627\u0628\u0629 \u0627\u0644\u0633\u0631\u064a\u0639\u0629 \u0644\u0623\u064a \u0639\u0642\u0627\u0631 \u0641\u064a \u063a\u0636\u0648\u0646 \u062b\u0648\u0627\u0646\u064d.<\/p>\n        \u0660\u0667\n        <h4>\u0627\u0644\u062a\u062e\u0637\u064a\u0637<\/h4>\n<p>\u0627\u0644\u062a\u062e\u0637\u064a\u0637 \u0648\u062a\u0648\u0632\u064a\u0639 \u0627\u0644\u0645\u0647\u0627\u0645 \u0627\u0644\u0645\u062a\u0639\u0644\u0642\u0629 \u0628\u0625\u0632\u0627\u0644\u0629 \u0627\u0644\u0639\u064a\u0648\u0628.<\/p>\n\t<h3>\u0645\u0646 \u064a\u0633\u062a\u0641\u064a\u062f \u0645\u0646 Housebook\u061f<\/h3>\n        <a href=\"https:\/\/housebook-solutions.com\/ar\/bautraeger\/\"><img decoding=\"async\" src=\"\/wp-content\/uploads\/2022\/03\/housebook-icons-controlPlatform.svg\" alt=\"HOUSEBOOK Control\" width=\"35\" \/><br \/>Bau&shy;tr\u00e4ger &#038; Inves&shy;toren<\/a>\n        <a href=\"https:\/\/housebook-solutions.com\/ar\/generalunternehmer\/\"><img decoding=\"async\" src=\"\/wp-content\/uploads\/2022\/03\/housebook-icons-realEstate1.svg\" alt=\"HOUSEBOOK Control\" width=\"35\" \/><br \/>General&shy;unternehmer &#038; \u00d6BA<\/a>\n        <a href=\"https:\/\/housebook-solutions.com\/ar\/architekten\/\"><img decoding=\"async\" src=\"\/wp-content\/uploads\/2022\/03\/housebook-icons-architects1.svg\" alt=\"HOUSEBOOK Control\" width=\"32\" \/><br \/>Architekten &#038; Immo&shy;bilien&shy;ent&shy;wickler<\/a>\n        <a href=\"https:\/\/housebook-solutions.com\/ar\/sicherheitsfachkraefte\/\"><img decoding=\"async\" src=\"\/wp-content\/uploads\/2022\/03\/housebook-icons-inspectors1.svg\" alt=\"HOUSEBOOK Control\" width=\"30\" \/><br \/>\u0627\u0644\u0645\u062a\u062e\u0635\u0635\u0648\u0646 \u0641\u064a \u0627\u0644\u0623\u0645\u0646 \u0648\u0627\u0644\u0633\u0644\u0627\u0645\u0629<\/a>\n        <a href=\"https:\/\/housebook-solutions.com\/ar\/immobilienverwalter\/\"><img decoding=\"async\" src=\"\/wp-content\/uploads\/2022\/03\/housebook-icons-propertyManagers.svg\" alt=\"HOUSEBOOK Control\" width=\"40\" \/><br \/>\u0645\u062f\u0631\u0627\u0621 \u0627\u0644\u0639\u0642\u0627\u0631\u0627\u062a \u0627\u0644\u062a\u0642\u0646\u064a\u0629<\/a>\n        <a href=\"https:\/\/housebook-solutions.com\/ar\/versicherungsgesellschaften\/\"><img decoding=\"async\" src=\"\/wp-content\/uploads\/2022\/03\/housebook-icons-insurance.svg\" alt=\"HOUSEBOOK Control\" width=\"40\" \/><br \/>\u0634\u0631\u0643\u0627\u062a \u0627\u0644\u062a\u0623\u0645\u064a\u0646<\/a>\n    <a href=\"https:\/\/control.housebook-solutions.com\/#signup\/de\" target=\"_blank\" rel=\"noopener\">\u0633\u062c\u0644 \u0645\u062c\u0627\u0646\u0627\u064b \u0627\u0644\u0622\u0646 \u0648\u0627\u0628\u062f\u0623 \u0641\u064a \u0645\u0634\u0631\u0648\u0639\u0643 \u0627\u0644\u0623\u0648\u0644.<\/a>","protected":false},"excerpt":{"rendered":"<p>Housebook Control HOUSEBOOK Control erm\u00f6glicht den Aufbau einer Projektstruktur und Erstellung eines l\u00fcckenlosen Archivs f\u00fcr einen Bau- und Investitionsprozess. Die laufend eingef\u00fchrten \u00c4nderungen werden sofort sichtbar, was die Arbeit des gesamten Teams effizienter macht, das Zugang zu Housebook Control hat. Kostenlos testen Control-Funktionen im \u00dcberblick Ortsbestimmung durch QR-Code Durch die Ortsbestimmung wird die genaue Lage &#8230; <a title=\"Control\" class=\"read-more\" href=\"https:\/\/housebook-solutions.com\/ar\/control-de\/\" aria-label=\"Read more about Control\">\u0627\u0642\u0631\u0623 \u0627\u0644\u0645\u0632\u064a\u062f<\/a><\/p>","protected":false},"author":3,"featured_media":0,"parent":0,"menu_order":0,"comment_status":"closed","ping_status":"closed","template":"","meta":{"inline_featured_image":false,"footnotes":""},"class_list":["post-1328","page","type-page","status-publish"],"yoast_head":"<!-- This site is optimized with the Yoast SEO plugin v23.1 - https:\/\/yoast.com\/wordpress\/plugins\/seo\/ -->\n<title>Housebook Control - Baudokumentation &amp; Geb\u00e4udeverwaltung<\/title>\n<meta name=\"description\" content=\"HOUSEBOOK Control erm\u00f6glicht den Aufbau einer Projektstruktur und Erstellung eines l\u00fcckenlosen Archivs f\u00fcr einen Bau- und Investitionsprozess. Die laufend eingef\u00fchrten \u00c4nderungen ...\" \/>\n<meta name=\"robots\" content=\"index, follow, max-snippet:-1, max-image-preview:large, max-video-preview:-1\" \/>\n<link rel=\"canonical\" href=\"https:\/\/housebook-solutions.com\/ar\/control-de\/\" \/>\n<meta property=\"og:locale\" content=\"ar_AR\" \/>\n<meta property=\"og:type\" content=\"article\" \/>\n<meta property=\"og:title\" content=\"Housebook Control - Baudokumentation &amp; Geb\u00e4udeverwaltung\" \/>\n<meta property=\"og:description\" content=\"HOUSEBOOK Control erm\u00f6glicht den Aufbau einer Projektstruktur und Erstellung eines l\u00fcckenlosen Archivs f\u00fcr einen Bau- und Investitionsprozess. Die laufend eingef\u00fchrten \u00c4nderungen ...\" \/>\n<meta property=\"og:url\" content=\"https:\/\/housebook-solutions.com\/ar\/control-de\/\" \/>\n<meta property=\"og:site_name\" content=\"Housebook | Die App f\u00fcr Baudokumentation &amp; Geb\u00e4udeverwaltung\" \/>\n<meta property=\"article:publisher\" content=\"https:\/\/www.facebook.com\/people\/Housebook-GmbH\/100064052342719\/\" \/>\n<meta property=\"article:modified_time\" content=\"2024-02-06T13:18:06+00:00\" \/>\n<meta name=\"twitter:card\" content=\"summary_large_image\" \/>\n<meta name=\"twitter:site\" content=\"@housebook_app\" \/>\n<script type=\"application\/ld+json\" class=\"yoast-schema-graph\">{\"@context\":\"https:\/\/schema.org\",\"@graph\":[{\"@type\":\"WebPage\",\"@id\":\"https:\/\/housebook-solutions.com\/control-de\/\",\"url\":\"https:\/\/housebook-solutions.com\/control-de\/\",\"name\":\"Housebook Control - Baudokumentation & Geb\u00e4udeverwaltung\",\"isPartOf\":{\"@id\":\"https:\/\/housebook-solutions.com\/#website\"},\"datePublished\":\"2022-03-11T19:10:19+00:00\",\"dateModified\":\"2024-02-06T13:18:06+00:00\",\"description\":\"HOUSEBOOK Control erm\u00f6glicht den Aufbau einer Projektstruktur und Erstellung eines l\u00fcckenlosen Archivs f\u00fcr einen Bau- und Investitionsprozess. Die laufend eingef\u00fchrten \u00c4nderungen ...\",\"breadcrumb\":{\"@id\":\"https:\/\/housebook-solutions.com\/control-de\/#breadcrumb\"},\"inLanguage\":\"ar\",\"potentialAction\":[{\"@type\":\"ReadAction\",\"target\":[\"https:\/\/housebook-solutions.com\/control-de\/\"]}]},{\"@type\":\"BreadcrumbList\",\"@id\":\"https:\/\/housebook-solutions.com\/control-de\/#breadcrumb\",\"itemListElement\":[{\"@type\":\"ListItem\",\"position\":1,\"name\":\"Startseite\",\"item\":\"https:\/\/housebook-solutions.com\/\"},{\"@type\":\"ListItem\",\"position\":2,\"name\":\"Control\"}]},{\"@type\":\"WebSite\",\"@id\":\"https:\/\/housebook-solutions.com\/#website\",\"url\":\"https:\/\/housebook-solutions.com\/\",\"name\":\"Housebook | Die App f\u00fcr Baudokumentation &amp; Geb\u00e4udeverwaltung\",\"description\":\"HOUSEBOOK ist ein Werkzeug, das aus einer Control-Software und einer mobilen App besteht. Das intuitive Panel erm\u00f6glicht die Erstellung der gesamten Dokumentation eines Investitions- und Bauprozesses an einem Ort.\",\"publisher\":{\"@id\":\"https:\/\/housebook-solutions.com\/#organization\"},\"potentialAction\":[{\"@type\":\"SearchAction\",\"target\":{\"@type\":\"EntryPoint\",\"urlTemplate\":\"https:\/\/housebook-solutions.com\/?s={search_term_string}\"},\"query-input\":\"required name=search_term_string\"}],\"inLanguage\":\"ar\"},{\"@type\":\"Organization\",\"@id\":\"https:\/\/housebook-solutions.com\/#organization\",\"name\":\"Housebook GmbH\",\"url\":\"https:\/\/housebook-solutions.com\/\",\"logo\":{\"@type\":\"ImageObject\",\"inLanguage\":\"ar\",\"@id\":\"https:\/\/housebook-solutions.com\/#\/schema\/logo\/image\/\",\"url\":\"https:\/\/housebook-solutions.com\/wp-content\/uploads\/2023\/04\/housebook-2023-primaryLogo.svg\",\"contentUrl\":\"https:\/\/housebook-solutions.com\/wp-content\/uploads\/2023\/04\/housebook-2023-primaryLogo.svg\",\"width\":\"1024\",\"height\":\"1024\",\"caption\":\"Housebook GmbH\"},\"image\":{\"@id\":\"https:\/\/housebook-solutions.com\/#\/schema\/logo\/image\/\"},\"sameAs\":[\"https:\/\/www.facebook.com\/people\/Housebook-GmbH\/100064052342719\/\",\"https:\/\/x.com\/housebook_app\",\"https:\/\/www.linkedin.com\/company\/housebook-gmbh\/\"]}]}<\/script>\n<!-- \/ Yoast SEO plugin. -->","yoast_head_json":{"title":"Housebook Control - Baudokumentation & Geb\u00e4udeverwaltung","description":"HOUSEBOOK Control erm\u00f6glicht den Aufbau einer Projektstruktur und Erstellung eines l\u00fcckenlosen Archivs f\u00fcr einen Bau- und Investitionsprozess. Die laufend eingef\u00fchrten \u00c4nderungen ...","robots":{"index":"index","follow":"follow","max-snippet":"max-snippet:-1","max-image-preview":"max-image-preview:large","max-video-preview":"max-video-preview:-1"},"canonical":"https:\/\/housebook-solutions.com\/ar\/control-de\/","og_locale":"ar_AR","og_type":"article","og_title":"Housebook Control - Baudokumentation & Geb\u00e4udeverwaltung","og_description":"HOUSEBOOK Control erm\u00f6glicht den Aufbau einer Projektstruktur und Erstellung eines l\u00fcckenlosen Archivs f\u00fcr einen Bau- und Investitionsprozess. Die laufend eingef\u00fchrten \u00c4nderungen ...","og_url":"https:\/\/housebook-solutions.com\/ar\/control-de\/","og_site_name":"Housebook | Die App f\u00fcr Baudokumentation &amp; Geb\u00e4udeverwaltung","article_publisher":"https:\/\/www.facebook.com\/people\/Housebook-GmbH\/100064052342719\/","article_modified_time":"2024-02-06T13:18:06+00:00","twitter_card":"summary_large_image","twitter_site":"@housebook_app","schema":{"@context":"https:\/\/schema.org","@graph":[{"@type":"WebPage","@id":"https:\/\/housebook-solutions.com\/control-de\/","url":"https:\/\/housebook-solutions.com\/control-de\/","name":"Housebook Control - Baudokumentation & Geb\u00e4udeverwaltung","isPartOf":{"@id":"https:\/\/housebook-solutions.com\/#website"},"datePublished":"2022-03-11T19:10:19+00:00","dateModified":"2024-02-06T13:18:06+00:00","description":"HOUSEBOOK Control erm\u00f6glicht den Aufbau einer Projektstruktur und Erstellung eines l\u00fcckenlosen Archivs f\u00fcr einen Bau- und Investitionsprozess. Die laufend eingef\u00fchrten \u00c4nderungen ...","breadcrumb":{"@id":"https:\/\/housebook-solutions.com\/control-de\/#breadcrumb"},"inLanguage":"ar","potentialAction":[{"@type":"ReadAction","target":["https:\/\/housebook-solutions.com\/control-de\/"]}]},{"@type":"BreadcrumbList","@id":"https:\/\/housebook-solutions.com\/control-de\/#breadcrumb","itemListElement":[{"@type":"ListItem","position":1,"name":"Startseite","item":"https:\/\/housebook-solutions.com\/"},{"@type":"ListItem","position":2,"name":"Control"}]},{"@type":"WebSite","@id":"https:\/\/housebook-solutions.com\/#website","url":"https:\/\/housebook-solutions.com\/","name":"Housebook | Die App f\u00fcr Baudokumentation &amp; Geb\u00e4udeverwaltung","description":"HOUSEBOOK ist ein Werkzeug, das aus einer Control-Software und einer mobilen App besteht. Das intuitive Panel erm\u00f6glicht die Erstellung der gesamten Dokumentation eines Investitions- und Bauprozesses an einem Ort.","publisher":{"@id":"https:\/\/housebook-solutions.com\/#organization"},"potentialAction":[{"@type":"SearchAction","target":{"@type":"EntryPoint","urlTemplate":"https:\/\/housebook-solutions.com\/?s={search_term_string}"},"query-input":"required name=search_term_string"}],"inLanguage":"ar"},{"@type":"Organization","@id":"https:\/\/housebook-solutions.com\/#organization","name":"Housebook GmbH","url":"https:\/\/housebook-solutions.com\/","logo":{"@type":"ImageObject","inLanguage":"ar","@id":"https:\/\/housebook-solutions.com\/#\/schema\/logo\/image\/","url":"https:\/\/housebook-solutions.com\/wp-content\/uploads\/2023\/04\/housebook-2023-primaryLogo.svg","contentUrl":"https:\/\/housebook-solutions.com\/wp-content\/uploads\/2023\/04\/housebook-2023-primaryLogo.svg","width":"1024","height":"1024","caption":"Housebook GmbH"},"image":{"@id":"https:\/\/housebook-solutions.com\/#\/schema\/logo\/image\/"},"sameAs":["https:\/\/www.facebook.com\/people\/Housebook-GmbH\/100064052342719\/","https:\/\/x.com\/housebook_app","https:\/\/www.linkedin.com\/company\/housebook-gmbh\/"]}]}},"_links":{"self":[{"href":"https:\/\/housebook-solutions.com\/ar\/wp-json\/wp\/v2\/pages\/1328"}],"collection":[{"href":"https:\/\/housebook-solutions.com\/ar\/wp-json\/wp\/v2\/pages"}],"about":[{"href":"https:\/\/housebook-solutions.com\/ar\/wp-json\/wp\/v2\/types\/page"}],"author":[{"embeddable":true,"href":"https:\/\/housebook-solutions.com\/ar\/wp-json\/wp\/v2\/users\/3"}],"replies":[{"embeddable":true,"href":"https:\/\/housebook-solutions.com\/ar\/wp-json\/wp\/v2\/comments?post=1328"}],"version-history":[{"count":3,"href":"https:\/\/housebook-solutions.com\/ar\/wp-json\/wp\/v2\/pages\/1328\/revisions"}],"predecessor-version":[{"id":4675,"href":"https:\/\/housebook-solutions.com\/ar\/wp-json\/wp\/v2\/pages\/1328\/revisions\/4675"}],"wp:attachment":[{"href":"https:\/\/housebook-solutions.com\/ar\/wp-json\/wp\/v2\/media?parent=1328"}],"curies":[{"name":"wp","href":"https:\/\/api.w.org\/{rel}","templated":true}]}}