{"id":2205,"date":"2022-03-15T20:45:20","date_gmt":"2022-03-15T19:45:20","guid":{"rendered":"https:\/\/aed39d6b-c452-4f65-a5e4-4242a2f27b98.h3.conves.io\/datenschutzerklaerung\/"},"modified":"2025-09-09T12:35:33","modified_gmt":"2025-09-09T10:35:33","slug":"datenschutzbelehrung","status":"publish","type":"page","link":"https:\/\/housebook-solutions.com\/ar\/datenschutzbelehrung\/","title":{"rendered":"\u0633\u064a\u0627\u0633\u0629 \u0627\u0644\u062e\u0635\u0648\u0635\u064a\u0629"},"content":{"rendered":"Bitte aktivieren Sie Javascript, um die Liste aller deklarierten Cookies und \u00e4hnlicher Techniken zu sehen.\n<p><strong>1. Name und Kontaktdaten des f\u00fcr die Verarbeitung der Daten Verantwortlichen<\/strong><\/p>\n<p>Diese Datenschutzhinweise gelten f\u00fcr die Datenverarbeitung durch: Verantwortliche: Housebook GmbH, FN 479445 t, HG Innsbruck, Salzburgerstra\u00dfe 22b, A-6380 St. Johann in Tirol, E-Mail: office@housebook-solutions.com, Tel.: +43\/5352\/21630-10.<\/p>\n<p><strong>2. Gegenstand und Dauer<\/strong><\/p>\n2.1. Gegenstand<br \/>\nDie Datenschutzerkl\u00e4rung bezieht sich auf die Verarbeitung von Daten, die im Zusammenhang mit der Erbringung der vertraglich vereinbarten Leistung stehen, deren Umfang sich aus 4. Leistungen\/Vertragsgegenstand der Allgemeinen Gesch\u00e4ftsbedienungen der Housebook GmbH ergibt, auf die hier verwiesen wird.\n2.2. Dauer<br \/>\nDer Schutz der Daten durch die Verantwortliche endet mit Beendigung des Gebrauchs\u00fcberlassungsvertrages und der damit von ihr erbrachten vertraglich geschuldeten Leistung.\n2.3. Arten der Daten<br \/>\nDie Housebook GmbH verarbeitet personenbezogene Daten, d.h. jegliche Informationen, die sich auf eine identifizierte oder identifizierbare nat\u00fcrliche Person beziehen. F\u00fcr den Personenbezug gen\u00fcgt bereits die Identifizierungsm\u00f6glichkeit durch einen Dritten. Die Housebook GmbH speichert bei Registrierung bzw. der Bestellung durch den Kunden die E-Mail-Adresse und das pers\u00f6nliche Kennwort des Kunden f\u00fcr den Log-In in den gesicherten Bereich der Housebook GmbH. Die Housebook GmbH nutzt die E-Mail-Adresse weiter, um dem Kunden Systembenachrichtigungen bei Nutzung der Dienstleistungen (z.B. Benachrichtigungen \u00fcber den Eintrag neuer M\u00e4ngel in einem Projekt) der Housebook GmbH zu \u00fcbermitteln. Durch die Registrierung stimmt der Kunde der Verarbeitung zu. Sofern die personenbezogenen Daten des Kunden auf Grundlage von berechtigten Interessen gem\u00e4\u00df Art. 6 Abs. 1 S. 1 lit. f DSGVO verarbeitet werden, hat dieser das Recht, gem\u00e4\u00df Art. 21 DSGVO Widerspruch gegen die Verarbeitung seiner personenbezogenen Daten einzulegen, soweit daf\u00fcr Gr\u00fcnde vorliegen, die sich aus seiner besonderen Situation ergeben oder sich der Widerspruch gegen Direktwerbung richtet.Die personenbezogenen Daten werden somit auf Grundlage von berechtigten Interessen gem\u00e4\u00df Art. 6 Abs. 1 S. 1 lit. a DSGVO verarbeitet. Der Kunde hat das Recht, gem\u00e4\u00df Art. 21 DSVGO jederzeit Widerspruch gegen die Verarbeitung seiner personenbezogenen Daten einzulegen. M\u00f6chte der Kunde von seinem Widerrufs- oder Widerspruchsrecht Gebrauch machen, gen\u00fcgt eine E-Mail an: office@housebook-solutions.com.\n<p><strong>3. Verwendungszweck der Daten<\/strong><\/p>\nIm Rahmen der Nutzung der Leistungen der Housebook GmbH kann der Kunde zu einem konkreten Bauprojekt Baupl\u00e4ne sowie Fotos, Bilder, Texte und Audioinformationen zu Baum\u00e4ngeln auf den Webservern der Housebook GmbH speichern. Der Kunde hat das Recht, von der Verantwortlichen zu verlangen, die betreffenden personenbezogenen Daten unverz\u00fcglich zu l\u00f6schen, wenn der Zweck der Verarbeitung (mit Beendigung des Gebrauchs\u00fcberlassungsvertrages) wegf\u00e4llt, wenn die Verarbeitung auf Grundlage einer Einwilligung erfolgte und diese widerrufen wird, wenn die betroffene Person erfolgreich Widerspruch erhoben hat, wenn die Daten unrechtm\u00e4\u00dfig verarbeitet wurden oder die L\u00f6schung auf Grund von gesetzlichen Verpflichtungen notwendig ist.<br \/>\nDie personenbezogenen Daten werden von der Verantwortlichen in einer Form gespeichert, die die Identifizierung des Nutzers nur so lange erm\u00f6glicht, wie es f\u00fcr die Zwecke, f\u00fcr die sie verarbeitet werden, erforderlich ist; personenbezogene Daten d\u00fcrfen l\u00e4nger gespeichert werden, soweit die personenbezogenen Daten vorbehaltlich der Durchf\u00fchrung geeigneter technischer und organisatorischer Ma\u00dfnahmen, die von dieser Verordnung zum Schutz der Rechte und Freiheiten der betroffenen Person gefordert werden, ausschlie\u00dflich f\u00fcr im \u00f6ffentlichen Interesse liegende Archivzwecke oder f\u00fcr wissenschaftliche und historische Forschungszwecke oder f\u00fcr statistische Zwecke gem\u00e4\u00df Artikel 89 Absatz 1 verarbeitet werden (\u201eSpeicherbegrenzung&#8220;),(Art. 5 Abs 1 lit.e DSGVO). Danach sind die Daten zu l\u00f6schen oder zu anonymisieren, soweit die Daten nicht aufgrund gesetzlicher Verpflichtung l\u00e4nger aufbewahrt werden m\u00fcssen. F\u00fcr den Fall, dass ein User-Account gel\u00f6scht wurde, k\u00f6nnen die personenbezogenen Daten demnach anonymisiert werden und die Beitr\u00e4ge im System erhalten bleiben, da ansonsten der Hauptzweck, die Dokumentation von T\u00e4tigkeiten durch die Verantwortliche unm\u00f6glich gemacht wird. Die gespeicherten Dateien werden jedem Nutzer bzw. Kunden zug\u00e4nglich gemacht, den der Kunde f\u00fcr dieses Bauprojekt freigeschaltet hat. Nur der Kunde kann die derart von ihm gespeicherten Dateien und Daten jederzeit wieder l\u00f6schen. Loggt sich der Kunde mit seiner E-Mail-Adresse und seinem pers\u00f6nlichen Kennwort bei der Housebook GmbH ein, so speichert die Verantwortliche Log-In-Zeitpunkt und -datum. Die Housebook GmbH nutzt diese Daten zur Erkennung und Behebung von Fehlern, Verbesserung der Services und Kundenanfragen oder -beschwerden.\nDem Kunden ist es nachtr\u00e4glich nicht mehr m\u00f6glich eigene \u201eProzessdaten&#8220; zu l\u00f6schen.<br \/>\nDie Website der Housebook GmbH setzt auf Grund der Einwilligung des Kunden, gem. Art. 6 Abs. 1 lit. a, Art. 7 DSGVO, welche durch das Nutzen ihrer Website erfolgt, Google Analytics, einen Webanalysedienst der Google Inc. (\u201eGoogle&#8220;), ein. Google Analytics verwendet sog. \u201eCookies&#8220;, Textdateien, die auf dem Computer des Kunden gespeichert werden und die eine Analyse der Benutzung der Website durch den Kunden erm\u00f6glicht. Die durch die Cookies erzeugten Informationen \u00fcber die Benutzung der Website werden an einen Server von Google in den USA \u00fcbertragen und dort gespeichert. Google ist unter dem Privacy-Shield-Abkommen zertifiziert und bietet hierdurch eine Garantie, das europ\u00e4ische Datenschutzrecht einzuhalten, (https:\/\/www.privacyshield.gov\/participant?id=a2zt000000001L5AAI&amp;status=Active).<br \/>\nGoogle wird diese Informationen im Auftrag der Housebook GmbH benutzen, um die Nutzung des Onlineangebotes der Housebook GmbH durch die Kunden auszuwerten, um Reports \u00fcber die Aktivit\u00e4ten innerhalb ihres Onlineangebotes zusammenzustellen und um weitere, mit der Nutzung dieses Onlineangebotes und der Internetnutzung verbundene Dienstleistungen, der Housebook GmbH gegen\u00fcber zu erbringen. Dabei k\u00f6nnen aus den verarbeiteten Daten pseudonyme Nutzungsprofile der Kunden erstellt werden.<br \/>\nDie Housebook GmbH setzt Google Analytics nur mit aktivierter IP-Anonymisierung ein. Das bedeutet, die IP-Adresse der Kunden wird von Google innerhalb von Mitgliedstaaten der Europ\u00e4ischen Union oder in anderen Vertragsstaaten des Abkommens \u00fcber den Europ\u00e4ischen Wirtschaftsraum gek\u00fcrzt. Nur in Ausnahmef\u00e4llen wird die volle IP-Adresse an einen Server von Google in den USA \u00fcbertragen und dort gek\u00fcrzt.<br \/>\nDie von dem Browser des Kunden \u00fcbermittelte IP-Adresse wird nicht mit anderen Daten von Google zusammengef\u00fchrt. Die Kunden k\u00f6nnen die Speicherung der Cookies durch eine entsprechende Einstellung ihrer Browser-Software verhindern; die Kunden k\u00f6nnen dar\u00fcber hinaus die Erfassung der durch das Cookie erzeugten und auf ihre Nutzung des Onlineangebotes bezogenen Daten an Google sowie die Verarbeitung dieser Daten durch Google verhindern, indem die Kunden das unter folgendem Link verf\u00fcgbare Browser-Plugin herunterladen und installieren: http:\/\/tools.google.com\/dlpage\/gaoptout?hl=de.<br \/>\nWeitere Informationen zur Datennutzung durch Google, Einstellungs- und Widerspruchsm\u00f6glichkeiten, erfahren die Kunden in der Datenschutzerkl\u00e4rung von Google (https:\/\/policies.google.com\/technologies\/ads) sowie in den Einstellungen f\u00fcr die Darstellung von Werbeeinblendungen durch Google, (https:\/\/adssettings.google.com\/authenticated).<br \/>\nDie personenbezogenen Daten der Kunden werden nach 14 Monaten gel\u00f6scht oder anonymisiert.\n<p><strong>4. Grundsatz der Datenminimierung und Unab\u00e4nderbarkeit<\/strong><\/p>\n<p>Die Daten werden nur f\u00fcr die oben genannten festgelegten, eindeutigen und rechtm\u00e4\u00dfigen Zwecke ermittelt und weiterverwendet. (Art. 5 Abs 1 lit b DSGVO) Die Daten werden nach dem Grundsatz der Datenminimierung nur verwendet, soweit sie f\u00fcr die oben genannten Verarbeitungszwecke wesentlich sind und \u00fcber das erforderliche Ausma\u00df nicht hinausgehen (Art 5 Ab 1 lit d DSGVO).<\/p>\n<p><strong>5. Weitergabe von Daten<\/strong><\/p>\n<p>Eine Weitergabe der personenbezogenen Daten vom Kunden an Dritte erfolgt ausschlie\u00dflich an die im Rahmen der Vertragsabwicklung beteiligten Personen. Gegebenenfalls kann es erforderlich sein, personenbezogene Daten an andere Mitglieder oder an Dritte weiterzugeben, beispielsweise um dem Kunden den Zugriff auf die Leistungen der Verantwortlichen zu erm\u00f6glichen, um gesetzliche Verpflichtungen zu erf\u00fcllen, um die Allgemeinen Gsch\u00e4ftsbedingungen durchzusetzen. Die Verantwortliche begrenzt die Weitergabe der Menge der personenbezogenen Daten auf das, was unmittelbar zur Erreichung des angegebenen Zwecks relevant und notwendig ist. Die Verantwortliche gibt die personenbezogenen Daten nicht ohne die Einwilligung des Kunden an Dritte f\u00fcr Marketing- und Werbezwecke weiter, bzw. verkauft oder verleiht sie nicht.<\/p>\n<p><strong>6. Grundsatz der Speicherbegrenzung<\/strong><\/p>\n<p>Die Daten werden von der Verantwortlichen nur so lange in personenbezogener Form aufbewahrt, als dies f\u00fcr die Erreichung der Zwecke, f\u00fcr die sie ermittelt wurden, erforderlich ist. Danach werden die Daten von der Verantwortlichen gel\u00f6scht oder anonymisiert, soweit die Daten nicht auf Grund gesetzlicher Verpflichtung l\u00e4nger aufbewahrt werden m\u00fcssen. Kopien und Duplikate werden ohne Wissen des Kunden nicht erstellt. Hiervon ausgenommen sind Sicherheitskopien, soweit sie zur Gew\u00e4hrleistung einer ordnungsgem\u00e4\u00dfen Datenverarbeitung erforderlich sind.<\/p>\n<p><strong>7. Betroffenenrechte<\/strong><\/p>\n<p>Der Kunde hat das Recht:<\/p>\n<ul>\n<li>&#8211; gem\u00e4\u00df Art. 15 DSGVO Auskunft \u00fcber seine von der Verantwortlichen verarbeiteten personenbezogenen Daten zu verlangen. Insbesondere kann der Kunde Auskunft \u00fcber die Verarbeitungszwecke, die Kategorie der personenbezogenen Daten, die Kategorien von Empf\u00e4ngern, gegen\u00fcber denen der Kunde Daten offengelegt hat, die geplante Speicherdauer, das Bestehen eines Rechts auf Berichtigung, L\u00f6schung, Einschr\u00e4nkung der Verarbeitung oder Widerspruch, das Bestehen eines Beschwerderechts, die Herkunft seiner Daten, sofern diese nicht bei der Verantwortlichen erhoben wurden, sowie \u00fcber das Bestehen einer automatisierten Entscheidungsfindung einschlie\u00dflich Profiling und ggf. aussagekr\u00e4ftigen Informationen zu deren Einzelheiten verlangen.- gem\u00e4\u00df Art. 16 DSGVO unverz\u00fcglich die Berichtigung unrichtiger oder die Vervollst\u00e4ndigung seiner bei der Verantwortlichen gespeicherten personenbezogenen Daten zu verlangen.<br \/>\n&#8211; gem\u00e4\u00df Art. 17 DSGVO die L\u00f6schung seiner bei der Verantwortlichen gespeicherten personenbezogenen Daten zu verlangen, soweit nicht die Verarbeitung zur Aus\u00fcbung des Rechts auf freie Meinungs\u00e4u\u00dferung und Information, zur Erf\u00fcllung einer rechtlichen Verpflichtung, aus Gr\u00fcnden des \u00f6ffentlichen Interesses oder zur Geltendmachung, Aus\u00fcbung oder Verteidigung von Rechtsanspr\u00fcchen erforderlich ist.- gem\u00e4\u00df Art. 18 DSGVO die Einschr\u00e4nkung der Verarbeitung seiner personenbezogenen Daten zu verlangen, soweit die Richtigkeit der Daten von der Verantwortlichen bestritten wird, die Verarbeitung unrechtm\u00e4\u00dfig ist, oder der Kunde gem\u00e4\u00df Art. 21 DSGVO Widerspruch gegen die Verarbeitung eingelegt hat.- gem\u00e4\u00df Art. 20 DSGVO seine personenbezogenen Daten, die er der Verantwortlichen bereitgestellt hat, in einem strukturierten, g\u00e4ngigen und maschinenlesbaren Format zu erhalten oder die \u00dcbermittlung an einen anderen Verantwortlichen zu verlangen, soweit dies technisch machbar ist gem\u00e4\u00df Art. 20 Abs. 2 DSGVO.- gem\u00e4\u00df Art. 7 Abs. 3 DSGVO seine einmal erteilte Einwilligung jederzeit gegen\u00fcber der Verantwortlichen zu widerrufen. Dies hat zur Folge, dass die Verantwortliche die Datenverarbeitung, die auf ihrer Einwilligung beruhte, f\u00fcr die Zukunft nicht mehr fortf\u00fchren darf.<br \/>\n&#8211; gem\u00e4\u00df Art. 77 DSGVO sich bei einer Aufsichtsbeh\u00f6rde zu beschweren. In der Regel kann der Kunde sich hierf\u00fcr an die Aufsichtsbeh\u00f6rde seines \u00fcblichen Aufenthaltsortes oder Arbeitsplatzes oder dem Firmensitz der Verantwortlichen wenden.<\/li>\n<\/ul>\n<strong>8. Matomo Analyse Tracking<\/strong><br \/>\n<p id=\"matomo_opted_out_intro\" style=\"display:none;\">Opt-out complete; your visits to this website will not be recorded by the Web Analytics tool. Note that if you clear your cookies, delete the opt-out cookie, or if you change computers or Web browsers, you will need to perform the opt-out procedure again.<\/p><p id=\"matomo_opted_in_intro\" >You may choose to prevent this website from aggregating and analyzing the actions you take here. Doing so will protect your privacy, but will also prevent the owner from learning from your actions and creating a better experience for you and other users.<\/p><form action=\"\">\n        <input type=\"checkbox\" id=\"matomo_optout_checkbox\" checked=\"checked\"\/>\n        <label for=\"matomo_optout_checkbox\"><strong>\n        <span id=\"matomo_opted_in_label\" >You are not opted out. Uncheck this box to opt-out.<\/span>\n\t\t<span id=\"matomo_opted_out_label\" style=\"display:none;\">You are currently opted out. Check this box to opt-in.<\/span>\n        <\/strong><\/label><input type=\"hidden\" name=\"trp-form-language\" value=\"ar\"\/><\/form><noscript><p><strong style=\"color: #ff0000;\">This opt out feature requires JavaScript.<\/strong><\/p><\/noscript><p id=\"matomo_outout_err_cookies\" style=\"display: none;\"><strong>The tracking opt-out feature requires cookies to be enabled.<\/strong><\/p><br \/>\n<strong>9. Aktualit\u00e4t und \u00c4nderung dieser Datenschutzerkl\u00e4rung<\/strong>\n<p>Diese Datenschutzerkl\u00e4rung ist aktuell g\u00fcltig und hat den Stand M\u00e4rz 2018.<\/p>","protected":false},"excerpt":{"rendered":"<p>Bitte aktivieren Sie Javascript, um die Liste aller deklarierten Cookies und \u00e4hnlicher Techniken zu sehen. 1. Name und Kontaktdaten des f\u00fcr die Verarbeitung der Daten Verantwortlichen Diese Datenschutzhinweise gelten f\u00fcr die Datenverarbeitung durch: Verantwortliche: Housebook GmbH, FN 479445 t, HG Innsbruck, Salzburgerstra\u00dfe 22b, A-6380 St. Johann in Tirol, E-Mail: office@housebook-solutions.com, Tel.: +43\/5352\/21630-10. 2. Gegenstand und &#8230; <a title=\"\u0633\u064a\u0627\u0633\u0629 \u0627\u0644\u062e\u0635\u0648\u0635\u064a\u0629\" class=\"read-more\" href=\"https:\/\/housebook-solutions.com\/ar\/datenschutzbelehrung\/\" aria-label=\"Read more about Datenschutzerkl\u00e4rung\">\u0627\u0642\u0631\u0623 \u0627\u0644\u0645\u0632\u064a\u062f<\/a><\/p>","protected":false},"author":3,"featured_media":0,"parent":0,"menu_order":0,"comment_status":"closed","ping_status":"closed","template":"","meta":{"inline_featured_image":false,"footnotes":""},"class_list":["post-2205","page","type-page","status-publish"],"yoast_head":"<!-- This site is optimized with the Yoast SEO plugin v23.1 - https:\/\/yoast.com\/wordpress\/plugins\/seo\/ -->\n<title>Datenschutzerkl\u00e4rung - Housebook | Die App f\u00fcr Baudokumentation &amp; Geb\u00e4udeverwaltung<\/title>\n<meta name=\"robots\" content=\"index, follow, max-snippet:-1, max-image-preview:large, max-video-preview:-1\" \/>\n<link rel=\"canonical\" href=\"https:\/\/housebook-solutions.com\/ar\/datenschutzbelehrung\/\" \/>\n<meta property=\"og:locale\" content=\"ar_AR\" \/>\n<meta property=\"og:type\" content=\"article\" \/>\n<meta property=\"og:title\" content=\"Datenschutzerkl\u00e4rung - Housebook | Die App f\u00fcr Baudokumentation &amp; Geb\u00e4udeverwaltung\" \/>\n<meta property=\"og:description\" content=\"Bitte aktivieren Sie Javascript, um die Liste aller deklarierten Cookies und \u00e4hnlicher Techniken zu sehen. 1. Name und Kontaktdaten des f\u00fcr die Verarbeitung der Daten Verantwortlichen Diese Datenschutzhinweise gelten f\u00fcr die Datenverarbeitung durch: Verantwortliche: Housebook GmbH, FN 479445 t, HG Innsbruck, Salzburgerstra\u00dfe 22b, A-6380 St. Johann in Tirol, E-Mail: office@housebook-solutions.com, Tel.: +43\/5352\/21630-10. 2. Gegenstand und ... \u0627\u0642\u0631\u0623 \u0627\u0644\u0645\u0632\u064a\u062f\" \/>\n<meta property=\"og:url\" content=\"https:\/\/housebook-solutions.com\/ar\/datenschutzbelehrung\/\" \/>\n<meta property=\"og:site_name\" content=\"Housebook | Die App f\u00fcr Baudokumentation &amp; Geb\u00e4udeverwaltung\" \/>\n<meta property=\"article:publisher\" content=\"https:\/\/www.facebook.com\/people\/Housebook-GmbH\/100064052342719\/\" \/>\n<meta property=\"article:modified_time\" content=\"2025-09-09T10:35:33+00:00\" \/>\n<meta name=\"twitter:card\" content=\"summary_large_image\" \/>\n<meta name=\"twitter:site\" content=\"@housebook_app\" \/>\n<script type=\"application\/ld+json\" class=\"yoast-schema-graph\">{\"@context\":\"https:\/\/schema.org\",\"@graph\":[{\"@type\":\"WebPage\",\"@id\":\"https:\/\/housebook-solutions.com\/datenschutzbelehrung\/\",\"url\":\"https:\/\/housebook-solutions.com\/datenschutzbelehrung\/\",\"name\":\"Datenschutzerkl\u00e4rung - Housebook | Die App f\u00fcr Baudokumentation &amp; Geb\u00e4udeverwaltung\",\"isPartOf\":{\"@id\":\"https:\/\/housebook-solutions.com\/#website\"},\"datePublished\":\"2022-03-15T19:45:20+00:00\",\"dateModified\":\"2025-09-09T10:35:33+00:00\",\"breadcrumb\":{\"@id\":\"https:\/\/housebook-solutions.com\/datenschutzbelehrung\/#breadcrumb\"},\"inLanguage\":\"ar\",\"potentialAction\":[{\"@type\":\"ReadAction\",\"target\":[\"https:\/\/housebook-solutions.com\/datenschutzbelehrung\/\"]}]},{\"@type\":\"BreadcrumbList\",\"@id\":\"https:\/\/housebook-solutions.com\/datenschutzbelehrung\/#breadcrumb\",\"itemListElement\":[{\"@type\":\"ListItem\",\"position\":1,\"name\":\"Startseite\",\"item\":\"https:\/\/housebook-solutions.com\/\"},{\"@type\":\"ListItem\",\"position\":2,\"name\":\"Datenschutzerkl\u00e4rung\"}]},{\"@type\":\"WebSite\",\"@id\":\"https:\/\/housebook-solutions.com\/#website\",\"url\":\"https:\/\/housebook-solutions.com\/\",\"name\":\"Housebook | Die App f\u00fcr Baudokumentation &amp; Geb\u00e4udeverwaltung\",\"description\":\"HOUSEBOOK ist ein Werkzeug, das aus einer Control-Software und einer mobilen App besteht. Das intuitive Panel erm\u00f6glicht die Erstellung der gesamten Dokumentation eines Investitions- und Bauprozesses an einem Ort.\",\"publisher\":{\"@id\":\"https:\/\/housebook-solutions.com\/#organization\"},\"potentialAction\":[{\"@type\":\"SearchAction\",\"target\":{\"@type\":\"EntryPoint\",\"urlTemplate\":\"https:\/\/housebook-solutions.com\/?s={search_term_string}\"},\"query-input\":\"required name=search_term_string\"}],\"inLanguage\":\"ar\"},{\"@type\":\"Organization\",\"@id\":\"https:\/\/housebook-solutions.com\/#organization\",\"name\":\"Housebook GmbH\",\"url\":\"https:\/\/housebook-solutions.com\/\",\"logo\":{\"@type\":\"ImageObject\",\"inLanguage\":\"ar\",\"@id\":\"https:\/\/housebook-solutions.com\/#\/schema\/logo\/image\/\",\"url\":\"https:\/\/housebook-solutions.com\/wp-content\/uploads\/2023\/04\/housebook-2023-primaryLogo.svg\",\"contentUrl\":\"https:\/\/housebook-solutions.com\/wp-content\/uploads\/2023\/04\/housebook-2023-primaryLogo.svg\",\"width\":\"1024\",\"height\":\"1024\",\"caption\":\"Housebook GmbH\"},\"image\":{\"@id\":\"https:\/\/housebook-solutions.com\/#\/schema\/logo\/image\/\"},\"sameAs\":[\"https:\/\/www.facebook.com\/people\/Housebook-GmbH\/100064052342719\/\",\"https:\/\/x.com\/housebook_app\",\"https:\/\/www.linkedin.com\/company\/housebook-gmbh\/\"]}]}<\/script>\n<!-- \/ Yoast SEO plugin. -->","yoast_head_json":{"title":"Datenschutzerkl\u00e4rung - Housebook | Die App f\u00fcr Baudokumentation &amp; Geb\u00e4udeverwaltung","robots":{"index":"index","follow":"follow","max-snippet":"max-snippet:-1","max-image-preview":"max-image-preview:large","max-video-preview":"max-video-preview:-1"},"canonical":"https:\/\/housebook-solutions.com\/ar\/datenschutzbelehrung\/","og_locale":"ar_AR","og_type":"article","og_title":"Datenschutzerkl\u00e4rung - Housebook | Die App f\u00fcr Baudokumentation &amp; Geb\u00e4udeverwaltung","og_description":"Bitte aktivieren Sie Javascript, um die Liste aller deklarierten Cookies und \u00e4hnlicher Techniken zu sehen. 1. Name und Kontaktdaten des f\u00fcr die Verarbeitung der Daten Verantwortlichen Diese Datenschutzhinweise gelten f\u00fcr die Datenverarbeitung durch: Verantwortliche: Housebook GmbH, FN 479445 t, HG Innsbruck, Salzburgerstra\u00dfe 22b, A-6380 St. Johann in Tirol, E-Mail: office@housebook-solutions.com, Tel.: +43\/5352\/21630-10. 2. Gegenstand und ... \u0627\u0642\u0631\u0623 \u0627\u0644\u0645\u0632\u064a\u062f","og_url":"https:\/\/housebook-solutions.com\/ar\/datenschutzbelehrung\/","og_site_name":"Housebook | Die App f\u00fcr Baudokumentation &amp; Geb\u00e4udeverwaltung","article_publisher":"https:\/\/www.facebook.com\/people\/Housebook-GmbH\/100064052342719\/","article_modified_time":"2025-09-09T10:35:33+00:00","twitter_card":"summary_large_image","twitter_site":"@housebook_app","schema":{"@context":"https:\/\/schema.org","@graph":[{"@type":"WebPage","@id":"https:\/\/housebook-solutions.com\/datenschutzbelehrung\/","url":"https:\/\/housebook-solutions.com\/datenschutzbelehrung\/","name":"Datenschutzerkl\u00e4rung - Housebook | Die App f\u00fcr Baudokumentation &amp; Geb\u00e4udeverwaltung","isPartOf":{"@id":"https:\/\/housebook-solutions.com\/#website"},"datePublished":"2022-03-15T19:45:20+00:00","dateModified":"2025-09-09T10:35:33+00:00","breadcrumb":{"@id":"https:\/\/housebook-solutions.com\/datenschutzbelehrung\/#breadcrumb"},"inLanguage":"ar","potentialAction":[{"@type":"ReadAction","target":["https:\/\/housebook-solutions.com\/datenschutzbelehrung\/"]}]},{"@type":"BreadcrumbList","@id":"https:\/\/housebook-solutions.com\/datenschutzbelehrung\/#breadcrumb","itemListElement":[{"@type":"ListItem","position":1,"name":"Startseite","item":"https:\/\/housebook-solutions.com\/"},{"@type":"ListItem","position":2,"name":"Datenschutzerkl\u00e4rung"}]},{"@type":"WebSite","@id":"https:\/\/housebook-solutions.com\/#website","url":"https:\/\/housebook-solutions.com\/","name":"Housebook | Die App f\u00fcr Baudokumentation &amp; Geb\u00e4udeverwaltung","description":"HOUSEBOOK ist ein Werkzeug, das aus einer Control-Software und einer mobilen App besteht. Das intuitive Panel erm\u00f6glicht die Erstellung der gesamten Dokumentation eines Investitions- und Bauprozesses an einem Ort.","publisher":{"@id":"https:\/\/housebook-solutions.com\/#organization"},"potentialAction":[{"@type":"SearchAction","target":{"@type":"EntryPoint","urlTemplate":"https:\/\/housebook-solutions.com\/?s={search_term_string}"},"query-input":"required name=search_term_string"}],"inLanguage":"ar"},{"@type":"Organization","@id":"https:\/\/housebook-solutions.com\/#organization","name":"Housebook GmbH","url":"https:\/\/housebook-solutions.com\/","logo":{"@type":"ImageObject","inLanguage":"ar","@id":"https:\/\/housebook-solutions.com\/#\/schema\/logo\/image\/","url":"https:\/\/housebook-solutions.com\/wp-content\/uploads\/2023\/04\/housebook-2023-primaryLogo.svg","contentUrl":"https:\/\/housebook-solutions.com\/wp-content\/uploads\/2023\/04\/housebook-2023-primaryLogo.svg","width":"1024","height":"1024","caption":"Housebook GmbH"},"image":{"@id":"https:\/\/housebook-solutions.com\/#\/schema\/logo\/image\/"},"sameAs":["https:\/\/www.facebook.com\/people\/Housebook-GmbH\/100064052342719\/","https:\/\/x.com\/housebook_app","https:\/\/www.linkedin.com\/company\/housebook-gmbh\/"]}]}},"_links":{"self":[{"href":"https:\/\/housebook-solutions.com\/ar\/wp-json\/wp\/v2\/pages\/2205"}],"collection":[{"href":"https:\/\/housebook-solutions.com\/ar\/wp-json\/wp\/v2\/pages"}],"about":[{"href":"https:\/\/housebook-solutions.com\/ar\/wp-json\/wp\/v2\/types\/page"}],"author":[{"embeddable":true,"href":"https:\/\/housebook-solutions.com\/ar\/wp-json\/wp\/v2\/users\/3"}],"replies":[{"embeddable":true,"href":"https:\/\/housebook-solutions.com\/ar\/wp-json\/wp\/v2\/comments?post=2205"}],"version-history":[{"count":3,"href":"https:\/\/housebook-solutions.com\/ar\/wp-json\/wp\/v2\/pages\/2205\/revisions"}],"predecessor-version":[{"id":4973,"href":"https:\/\/housebook-solutions.com\/ar\/wp-json\/wp\/v2\/pages\/2205\/revisions\/4973"}],"wp:attachment":[{"href":"https:\/\/housebook-solutions.com\/ar\/wp-json\/wp\/v2\/media?parent=2205"}],"curies":[{"name":"wp","href":"https:\/\/api.w.org\/{rel}","templated":true}]}}