{"id":2208,"date":"2022-03-15T20:45:20","date_gmt":"2022-03-15T19:45:20","guid":{"rendered":"https:\/\/aed39d6b-c452-4f65-a5e4-4242a2f27b98.h3.conves.io\/impressum\/"},"modified":"2024-02-09T20:43:50","modified_gmt":"2024-02-09T19:43:50","slug":"impressum-2","status":"publish","type":"page","link":"https:\/\/housebook-solutions.com\/ar\/impressum-2\/","title":{"rendered":"\u0625\u0634\u0639\u0627\u0631 \u0642\u0627\u0646\u0648\u0646\u064a (Imprint)"},"content":{"rendered":"<h4>\u0634\u0631\u0643\u0629 Housebook GmbH<\/h4>\n\u0634\u0627\u0631\u0639 \u0633\u0627\u0644\u0632\u0628\u0648\u0631\u063a\u0631 22\u0628<br \/>\n6380 \u0633\u0627\u0646\u062a \u064a\u0648\u0647\u0627\u0646 \u0641\u064a \u062a\u064a\u0631\u0648\u0644\u060c \u0627\u0644\u0646\u0645\u0633\u0627<br \/>\nFN 479445 t<br \/>\n\u0645\u062d\u0643\u0645\u0629 \u0625\u0646\u0633\u0628\u0631\u0648\u0643 \u0627\u0644\u0625\u0642\u0644\u064a\u0645\u064a\u0629<br \/>\n\u0627\u0644\u0645\u0648\u0642\u0639 \u0627\u0644\u0625\u0644\u0643\u062a\u0631\u0648\u0646\u064a:\u00a0<a href=\"https:\/\/housebook-solutions.com\/ar\/\">housebook-solutions.com<\/a><br \/>\n\u0627\u0644\u0628\u0631\u064a\u062f \u0627\u0644\u0625\u0644\u0643\u062a\u0631\u0648\u0646\u064a:\u00a0\u00a0<a href=\"mailto:office@housebook.at\">office@housebook.at<\/a><br \/>\nUID : ATU 72636025<br \/>\n\u0631\u0642\u0645 \u0627\u0644\u062d\u0633\u0627\u0628 \u0627\u0644\u0636\u0631\u064a\u0628\u064a: 82153\/0078<br \/>\n\u0627\u0644\u0645\u062f\u064a\u0631 \u0627\u0644\u062a\u0646\u0641\u064a\u0630\u064a: \u0643\u0631\u064a\u0633\u062a\u064a\u0627\u0646 \u0634\u0646\u064a\u0631\u0633\u0645\u0627\u064a\u0631<br \/>\n\u0647\u0627\u062a\u0641: +43\/5352\/21630-10\n<p>\u0633\u0644\u0637\u0629 ECG: \u0645\u0642\u0627\u0637\u0639\u0629 \u0643\u064a\u062a\u0633\u0628\u0648\u0647\u064a\u0644<\/p>\n<hr \/>\n<p>\u062d\u0644 \u0627\u0644\u0646\u0632\u0627\u0639 \u0639\u0628\u0631 \u0627\u0644\u0625\u0646\u062a\u0631\u0646\u062a \u0648\u0641\u0642\u064b\u0627 \u0644\u0644\u0645\u0627\u062f\u0629 14 \u0627\u0644\u0641\u0642\u0631\u0629 1 \u0645\u0646 \u0642\u0648\u0627\u0639\u062f \u0627\u0644\u0644\u062c\u0646\u0629 \u0627\u0644\u0623\u0648\u0631\u0648\u0628\u064a\u0629: \u062a\u0648\u0641\u0631 \u0627\u0644\u0645\u0641\u0648\u0636\u064a\u0629 \u0627\u0644\u0623\u0648\u0631\u0648\u0628\u064a\u0629 \u0645\u0646\u0635\u0629 \u0644\u062d\u0644 \u0627\u0644\u0646\u0632\u0627\u0639\u0627\u062a \u0639\u0628\u0631 \u0627\u0644\u0625\u0646\u062a\u0631\u0646\u062a (OS)\u060c \u0648\u0627\u0644\u062a\u064a \u064a\u0645\u0643\u0646 \u0627\u0644\u0639\u062b\u0648\u0631 \u0639\u0644\u064a\u0647\u0627 \u0639\u0644\u0649\u00a0<a href=\"http:\/\/ec.europa.eu\/consumers\/odr\/\" target=\"_blank\" rel=\"noreferrer noopener\">http:\/\/ec.europa.eu\/consumers\/odr\/<\/a>\u00a0.<\/p>\n<p>&nbsp;<\/p>\n\u062a\u0635\u0645\u064a\u0645 \u0627\u0644\u0645\u0648\u0642\u0639 \u0648\u0627\u0644\u062a\u0646\u0641\u064a\u0630:<br \/>\n<a href=\"https:\/\/www.bitstudios.at\/webdesign-graz\/\" target=\"_blank\" rel=\"noopener\">bitSTUDIOS &#8211; Webdesign Agentur Graz<\/a>","protected":false},"excerpt":{"rendered":"<p>Housebook GmbH Salzburgerstra\u00dfe 22b A-6380 St. Johann in Tirol FN 479445 t Landesgericht Innsbruck Web:\u00a0housebook-solutions.com E-Mail:\u00a0\u00a0office@housebook.at UID : ATU 72636025 Abgabenkontonummer: 82153\/0078 Gesch\u00e4ftsf\u00fchrer: Christian Schniersmeyer Tel.: +43\/5352\/21630-10 Beh\u00f6rde gem. ECG :Bezirkshauptmannschaft Kitzb\u00fchel Online-Streitbeilegung gem\u00e4\u00df Art. 14 Abs. 1 ODR-VO: Die Europ\u00e4ische Kommission stellt eine Plattform zur Online-Streitbeilegung (OS) bereit, die Sie\u00a0unter\u00a0http:\/\/ec.europa.eu\/consumers\/odr\/\u00a0finden. &nbsp; Webdesign &amp; Umsetzung: &#8230; <a title=\"\u0625\u0634\u0639\u0627\u0631 \u0642\u0627\u0646\u0648\u0646\u064a (Imprint)\" class=\"read-more\" href=\"https:\/\/housebook-solutions.com\/ar\/impressum-2\/\" aria-label=\"Read more about Impressum\">\u0627\u0642\u0631\u0623 \u0627\u0644\u0645\u0632\u064a\u062f<\/a><\/p>","protected":false},"author":3,"featured_media":0,"parent":0,"menu_order":0,"comment_status":"closed","ping_status":"closed","template":"","meta":{"inline_featured_image":false,"footnotes":""},"class_list":["post-2208","page","type-page","status-publish"],"yoast_head":"<!-- This site is optimized with the Yoast SEO plugin v23.1 - https:\/\/yoast.com\/wordpress\/plugins\/seo\/ -->\n<title>Impressum - Housebook | Die App f\u00fcr Baudokumentation &amp; Geb\u00e4udeverwaltung<\/title>\n<meta name=\"robots\" content=\"index, follow, max-snippet:-1, max-image-preview:large, max-video-preview:-1\" \/>\n<link rel=\"canonical\" href=\"https:\/\/housebook-solutions.com\/ar\/impressum-2\/\" \/>\n<meta property=\"og:locale\" content=\"ar_AR\" \/>\n<meta property=\"og:type\" content=\"article\" \/>\n<meta property=\"og:title\" content=\"Impressum - Housebook | Die App f\u00fcr Baudokumentation &amp; Geb\u00e4udeverwaltung\" \/>\n<meta property=\"og:description\" content=\"Housebook GmbH Salzburgerstra\u00dfe 22b A-6380 St. Johann in Tirol FN 479445 t Landesgericht Innsbruck Web:\u00a0housebook-solutions.com E-Mail:\u00a0\u00a0office@housebook.at UID : ATU 72636025 Abgabenkontonummer: 82153\/0078 Gesch\u00e4ftsf\u00fchrer: Christian Schniersmeyer Tel.: +43\/5352\/21630-10 Beh\u00f6rde gem. ECG :Bezirkshauptmannschaft Kitzb\u00fchel Online-Streitbeilegung gem\u00e4\u00df Art. 14 Abs. 1 ODR-VO: Die Europ\u00e4ische Kommission stellt eine Plattform zur Online-Streitbeilegung (OS) bereit, die Sie\u00a0unter\u00a0http:\/\/ec.europa.eu\/consumers\/odr\/\u00a0finden. &nbsp; Webdesign &amp; Umsetzung: ... \u0627\u0642\u0631\u0623 \u0627\u0644\u0645\u0632\u064a\u062f\" \/>\n<meta property=\"og:url\" content=\"https:\/\/housebook-solutions.com\/ar\/impressum-2\/\" \/>\n<meta property=\"og:site_name\" content=\"Housebook | Die App f\u00fcr Baudokumentation &amp; Geb\u00e4udeverwaltung\" \/>\n<meta property=\"article:publisher\" content=\"https:\/\/www.facebook.com\/people\/Housebook-GmbH\/100064052342719\/\" \/>\n<meta property=\"article:modified_time\" content=\"2024-02-09T19:43:50+00:00\" \/>\n<meta name=\"twitter:card\" content=\"summary_large_image\" \/>\n<meta name=\"twitter:site\" content=\"@housebook_app\" \/>\n<script type=\"application\/ld+json\" class=\"yoast-schema-graph\">{\"@context\":\"https:\/\/schema.org\",\"@graph\":[{\"@type\":\"WebPage\",\"@id\":\"https:\/\/housebook-solutions.com\/impressum-2\/\",\"url\":\"https:\/\/housebook-solutions.com\/impressum-2\/\",\"name\":\"Impressum - Housebook | Die App f\u00fcr Baudokumentation &amp; Geb\u00e4udeverwaltung\",\"isPartOf\":{\"@id\":\"https:\/\/housebook-solutions.com\/#website\"},\"datePublished\":\"2022-03-15T19:45:20+00:00\",\"dateModified\":\"2024-02-09T19:43:50+00:00\",\"breadcrumb\":{\"@id\":\"https:\/\/housebook-solutions.com\/impressum-2\/#breadcrumb\"},\"inLanguage\":\"ar\",\"potentialAction\":[{\"@type\":\"ReadAction\",\"target\":[\"https:\/\/housebook-solutions.com\/impressum-2\/\"]}]},{\"@type\":\"BreadcrumbList\",\"@id\":\"https:\/\/housebook-solutions.com\/impressum-2\/#breadcrumb\",\"itemListElement\":[{\"@type\":\"ListItem\",\"position\":1,\"name\":\"Startseite\",\"item\":\"https:\/\/housebook-solutions.com\/\"},{\"@type\":\"ListItem\",\"position\":2,\"name\":\"Impressum\"}]},{\"@type\":\"WebSite\",\"@id\":\"https:\/\/housebook-solutions.com\/#website\",\"url\":\"https:\/\/housebook-solutions.com\/\",\"name\":\"Housebook | Die App f\u00fcr Baudokumentation &amp; Geb\u00e4udeverwaltung\",\"description\":\"HOUSEBOOK ist ein Werkzeug, das aus einer Control-Software und einer mobilen App besteht. Das intuitive Panel erm\u00f6glicht die Erstellung der gesamten Dokumentation eines Investitions- und Bauprozesses an einem Ort.\",\"publisher\":{\"@id\":\"https:\/\/housebook-solutions.com\/#organization\"},\"potentialAction\":[{\"@type\":\"SearchAction\",\"target\":{\"@type\":\"EntryPoint\",\"urlTemplate\":\"https:\/\/housebook-solutions.com\/?s={search_term_string}\"},\"query-input\":\"required name=search_term_string\"}],\"inLanguage\":\"ar\"},{\"@type\":\"Organization\",\"@id\":\"https:\/\/housebook-solutions.com\/#organization\",\"name\":\"Housebook GmbH\",\"url\":\"https:\/\/housebook-solutions.com\/\",\"logo\":{\"@type\":\"ImageObject\",\"inLanguage\":\"ar\",\"@id\":\"https:\/\/housebook-solutions.com\/#\/schema\/logo\/image\/\",\"url\":\"https:\/\/housebook-solutions.com\/wp-content\/uploads\/2023\/04\/housebook-2023-primaryLogo.svg\",\"contentUrl\":\"https:\/\/housebook-solutions.com\/wp-content\/uploads\/2023\/04\/housebook-2023-primaryLogo.svg\",\"width\":\"1024\",\"height\":\"1024\",\"caption\":\"Housebook GmbH\"},\"image\":{\"@id\":\"https:\/\/housebook-solutions.com\/#\/schema\/logo\/image\/\"},\"sameAs\":[\"https:\/\/www.facebook.com\/people\/Housebook-GmbH\/100064052342719\/\",\"https:\/\/x.com\/housebook_app\",\"https:\/\/www.linkedin.com\/company\/housebook-gmbh\/\"]}]}<\/script>\n<!-- \/ Yoast SEO plugin. -->","yoast_head_json":{"title":"Impressum - Housebook | Die App f\u00fcr Baudokumentation &amp; Geb\u00e4udeverwaltung","robots":{"index":"index","follow":"follow","max-snippet":"max-snippet:-1","max-image-preview":"max-image-preview:large","max-video-preview":"max-video-preview:-1"},"canonical":"https:\/\/housebook-solutions.com\/ar\/impressum-2\/","og_locale":"ar_AR","og_type":"article","og_title":"Impressum - Housebook | Die App f\u00fcr Baudokumentation &amp; Geb\u00e4udeverwaltung","og_description":"Housebook GmbH Salzburgerstra\u00dfe 22b A-6380 St. Johann in Tirol FN 479445 t Landesgericht Innsbruck Web:\u00a0housebook-solutions.com E-Mail:\u00a0\u00a0office@housebook.at UID : ATU 72636025 Abgabenkontonummer: 82153\/0078 Gesch\u00e4ftsf\u00fchrer: Christian Schniersmeyer Tel.: +43\/5352\/21630-10 Beh\u00f6rde gem. ECG :Bezirkshauptmannschaft Kitzb\u00fchel Online-Streitbeilegung gem\u00e4\u00df Art. 14 Abs. 1 ODR-VO: Die Europ\u00e4ische Kommission stellt eine Plattform zur Online-Streitbeilegung (OS) bereit, die Sie\u00a0unter\u00a0http:\/\/ec.europa.eu\/consumers\/odr\/\u00a0finden. &nbsp; Webdesign &amp; Umsetzung: ... \u0627\u0642\u0631\u0623 \u0627\u0644\u0645\u0632\u064a\u062f","og_url":"https:\/\/housebook-solutions.com\/ar\/impressum-2\/","og_site_name":"Housebook | Die App f\u00fcr Baudokumentation &amp; Geb\u00e4udeverwaltung","article_publisher":"https:\/\/www.facebook.com\/people\/Housebook-GmbH\/100064052342719\/","article_modified_time":"2024-02-09T19:43:50+00:00","twitter_card":"summary_large_image","twitter_site":"@housebook_app","schema":{"@context":"https:\/\/schema.org","@graph":[{"@type":"WebPage","@id":"https:\/\/housebook-solutions.com\/impressum-2\/","url":"https:\/\/housebook-solutions.com\/impressum-2\/","name":"Impressum - Housebook | Die App f\u00fcr Baudokumentation &amp; Geb\u00e4udeverwaltung","isPartOf":{"@id":"https:\/\/housebook-solutions.com\/#website"},"datePublished":"2022-03-15T19:45:20+00:00","dateModified":"2024-02-09T19:43:50+00:00","breadcrumb":{"@id":"https:\/\/housebook-solutions.com\/impressum-2\/#breadcrumb"},"inLanguage":"ar","potentialAction":[{"@type":"ReadAction","target":["https:\/\/housebook-solutions.com\/impressum-2\/"]}]},{"@type":"BreadcrumbList","@id":"https:\/\/housebook-solutions.com\/impressum-2\/#breadcrumb","itemListElement":[{"@type":"ListItem","position":1,"name":"Startseite","item":"https:\/\/housebook-solutions.com\/"},{"@type":"ListItem","position":2,"name":"Impressum"}]},{"@type":"WebSite","@id":"https:\/\/housebook-solutions.com\/#website","url":"https:\/\/housebook-solutions.com\/","name":"Housebook | Die App f\u00fcr Baudokumentation &amp; Geb\u00e4udeverwaltung","description":"HOUSEBOOK ist ein Werkzeug, das aus einer Control-Software und einer mobilen App besteht. Das intuitive Panel erm\u00f6glicht die Erstellung der gesamten Dokumentation eines Investitions- und Bauprozesses an einem Ort.","publisher":{"@id":"https:\/\/housebook-solutions.com\/#organization"},"potentialAction":[{"@type":"SearchAction","target":{"@type":"EntryPoint","urlTemplate":"https:\/\/housebook-solutions.com\/?s={search_term_string}"},"query-input":"required name=search_term_string"}],"inLanguage":"ar"},{"@type":"Organization","@id":"https:\/\/housebook-solutions.com\/#organization","name":"Housebook GmbH","url":"https:\/\/housebook-solutions.com\/","logo":{"@type":"ImageObject","inLanguage":"ar","@id":"https:\/\/housebook-solutions.com\/#\/schema\/logo\/image\/","url":"https:\/\/housebook-solutions.com\/wp-content\/uploads\/2023\/04\/housebook-2023-primaryLogo.svg","contentUrl":"https:\/\/housebook-solutions.com\/wp-content\/uploads\/2023\/04\/housebook-2023-primaryLogo.svg","width":"1024","height":"1024","caption":"Housebook GmbH"},"image":{"@id":"https:\/\/housebook-solutions.com\/#\/schema\/logo\/image\/"},"sameAs":["https:\/\/www.facebook.com\/people\/Housebook-GmbH\/100064052342719\/","https:\/\/x.com\/housebook_app","https:\/\/www.linkedin.com\/company\/housebook-gmbh\/"]}]}},"_links":{"self":[{"href":"https:\/\/housebook-solutions.com\/ar\/wp-json\/wp\/v2\/pages\/2208"}],"collection":[{"href":"https:\/\/housebook-solutions.com\/ar\/wp-json\/wp\/v2\/pages"}],"about":[{"href":"https:\/\/housebook-solutions.com\/ar\/wp-json\/wp\/v2\/types\/page"}],"author":[{"embeddable":true,"href":"https:\/\/housebook-solutions.com\/ar\/wp-json\/wp\/v2\/users\/3"}],"replies":[{"embeddable":true,"href":"https:\/\/housebook-solutions.com\/ar\/wp-json\/wp\/v2\/comments?post=2208"}],"version-history":[{"count":1,"href":"https:\/\/housebook-solutions.com\/ar\/wp-json\/wp\/v2\/pages\/2208\/revisions"}],"predecessor-version":[{"id":4756,"href":"https:\/\/housebook-solutions.com\/ar\/wp-json\/wp\/v2\/pages\/2208\/revisions\/4756"}],"wp:attachment":[{"href":"https:\/\/housebook-solutions.com\/ar\/wp-json\/wp\/v2\/media?parent=2208"}],"curies":[{"name":"wp","href":"https:\/\/api.w.org\/{rel}","templated":true}]}}