{"id":2214,"date":"2022-03-15T20:45:21","date_gmt":"2022-03-15T19:45:21","guid":{"rendered":"https:\/\/aed39d6b-c452-4f65-a5e4-4242a2f27b98.h3.conves.io\/widerrufsbelehrung\/"},"modified":"2025-11-19T16:48:16","modified_gmt":"2025-11-19T15:48:16","slug":"widerrufsbelehrung","status":"publish","type":"page","link":"https:\/\/housebook-solutions.com\/ar\/widerrufsbelehrung\/","title":{"rendered":"\u0628\u064a\u0627\u0646 \u0633\u064a\u0627\u0633\u0629 \u0627\u0644\u0625\u0644\u063a\u0627\u0621 \u0648\u0627\u0644\u0627\u0633\u062a\u0631\u062c\u0627\u0639"},"content":{"rendered":"<h3>R\u00fccktrittsbelehrung gem \u00a7 3 KSchG<\/h3>\n<ol>\n<li>R\u00fccktrittsrecht<\/li>\n<\/ol>\n<p>Haben Sie als Verbraucher Ihre Vertragserkl\u00e4rung weder in den von der Anbieterin f\u00fcr ihre gesch\u00e4ftlichen Zwecke dauernd ben\u00fctzten R\u00e4umen noch bei einem von der Anbieterin auf einer Messe oder einem Markt ben\u00fctzten Stand abgegeben, so k\u00f6nnen Sie vom Vertragsantrag oder vom Vertrag gem\u00e4\u00df \u00a7 3 Konsumentenschutzgesetz (KSchG) zur\u00fccktreten.<\/p>\n<p>Dieser R\u00fccktritt kann bis zum Zustandekommen des Vertrags oder danach binnen 14 Tagen erkl\u00e4rt werden. Um Ihr R\u00fccktrittsrecht auszu\u00fcben, m\u00fcssen Sie uns, der Housebook GmbH, mittels einer eindeutigen Erkl\u00e4rung (z.B. mit der Post versandter Brief oder E-Mail) \u00fcber Ihren Entschluss, von diesem Vertrag zur\u00fcckzutreten, informieren. Sie k\u00f6nnen daf\u00fcr das beigef\u00fcgte Muster-R\u00fccktrittsformular verwenden, das jedoch nicht vorgeschrieben ist.<\/p>\n<p>Das R\u00fccktrittsrecht steht dem Verbraucher nicht zu,<\/p>\n<ul>\n<li>wenn er selbst die gesch\u00e4ftliche Verbindung mit dem Unternehmer oder dessen Beauftragten zwecks Schlie\u00dfung dieses Vertrages angebahnt hat,<\/li>\n<li>wenn dem Zustandekommen des Vertrages keine Besprechungen zwischen den Beteiligten oder ihren Beauftragten vorangegangen sind,<\/li>\n<li>bei Vertr\u00e4gen, bei denen die beiderseitigen Leistungen sofort zu erbringen sind, wenn sie \u00fcblicherweise von Unternehmern au\u00dferhalb ihrer Gesch\u00e4ftsr\u00e4ume geschlossen werden und das vereinbarte Entgelt 25\u00a0Euro, oder wenn das Unternehmen nach seiner Natur nicht in st\u00e4ndigen Gesch\u00e4ftsr\u00e4umen betrieben wird und das Entgelt 50\u00a0Euro nicht \u00fcbersteigt,<\/li>\n<li>bei Vertr\u00e4gen, die dem Fern- und Ausw\u00e4rtsgesch\u00e4fte-Gesetz oder dem Versicherungsvertragsgesetz unterliegen, oder<\/li>\n<li>bei Vertragserkl\u00e4rungen, die der Verbraucher in k\u00f6rperlicher Abwesenheit des Unternehmers abgegeben hat, es sei denn, dass er dazu vom Unternehmer gedr\u00e4ngt worden ist.<\/li>\n<\/ul>\n<p>Die Erkl\u00e4rung des R\u00fccktritts ist an keine bestimmte Form gebunden. Die R\u00fccktrittsfrist ist gewahrt, wenn die R\u00fccktrittserkl\u00e4rung innerhalb der Frist abgesendet wird. Das R\u00fccktrittsrecht erlischt, wenn die Anbieterin die Leistungen vollst\u00e4ndig erbracht hat, nachdem Sie ausdr\u00fccklich zugestimmt haben, dass die Anbieterin die Leistungen vor Ablauf der R\u00fccktrittsfrist erbringen soll.<\/p>\n<ol start=\"2\">\n<li>Folgen des R\u00fccktritts<\/li>\n<\/ol>\n<p>Vor Ablauf der R\u00fccktrittsfrist werden kostenpflichtige Leistungen nur erbracht, wenn Ihre gesonderte Zustimmung erfolgt. Sodann ist ein angemessener Betrag zu zahlen, der dem Anteil der bis zu dem Zeitpunkt, zu dem Sie die Anbieterin von der Aus\u00fcbung des R\u00fccktrittsrechts hinsichtlich dieses Vertrags unterrichtet, bereits erbrachten Leistungen im Vergleich zum Gesamtumfang der im Vertrag vorgesehenen Leistungen entspricht.<\/p>\n<p>Mit gegenst\u00e4ndlichem Formular sollen die gesetzlichen R\u00fccktrittsrechte des Konsumentenschutzgesetzes nicht erweitert, sondern nur erl\u00e4utert werden.<\/p>\n<p>&nbsp;<\/p>\n<p>&nbsp;<\/p>\n<p><strong>R\u00fccktrittsformular<\/strong><\/p>\n<p>Wenn Sie vom Vertrag zur\u00fccktreten wollen, f\u00fcllen Sie bitte dieses Formular aus oder senden eine andere eindeutige Erkl\u00e4rung an die:<\/p>\n<p>\u0634\u0631\u0643\u0629 Housebook GmbH<\/p>\n<p>Salzburgerstra\u00dfe 22b,<\/p>\n<p>6380 \u0633\u0627\u0646\u062a \u064a\u0648\u0647\u0627\u0646 \u0641\u064a \u062a\u064a\u0631\u0648\u0644\u060c \u0627\u0644\u0646\u0645\u0633\u0627<\/p>\n<p>\u0647\u0627\u062a\u0641: +43\/5352\/21630-10<\/p>\n<p>\u0627\u0644\u0628\u0631\u064a\u062f \u0627\u0644\u0625\u0644\u0643\u062a\u0631\u0648\u0646\u064a: <a href=\"mailto:office@housebook-solutions.com\">office@housebook-solutions.com<\/a><\/p>\n<p><a href=\"https:\/\/housebook-solutions.com\/wp-content\/uploads\/2025\/11\/Ruecktritt-Formular.pdf\">\u279c Formular-Download<\/a><\/p>\n<p><strong>\u00a0<\/strong><\/p>\n<p>Widerrufsbelehrung gem \u00a7 11 FAGG<\/p>\n<ol start=\"3\">\n<li>Widerrufsrecht<\/li>\n<\/ol>\n<p>Ein Verbraucher kann von einem Fernabsatzvertrag oder einem au\u00dferhalb von Gesch\u00e4ftsr\u00e4umen geschlossenen Vertrag binnen 14 Tagen ab dem Tag des Vertragsabschlusses ohne Angabe von Gr\u00fcnden zur\u00fccktreten.<\/p>\n<p>Um Ihr Widerrufsrecht auszu\u00fcben, m\u00fcssen Sie uns, der Housebook GmbH, mittels einer eindeutigen Erkl\u00e4rung (z.B. mit der Post versandter Brief oder E-Mail) \u00fcber Ihren Entschluss, diesen Vertrag zu widerrufen, informieren. Sie k\u00f6nnen daf\u00fcr das beigef\u00fcgte Muster-Widerrufsformular verwenden, das jedoch nicht vorgeschrieben ist.<\/p>\n<p>Zur Wahrung der Widerrufsfrist reicht es aus, dass Sie die Mitteilung \u00fcber die Aus\u00fcbung des Widerrufsrechts vor Ablauf der Widerrufsfrist absenden.<\/p>\n<p>Das Widerrufsrecht erlischt, wenn die Anbieterin die Leistungen vollst\u00e4ndig erbracht hat, nachdem der Nutzer ausdr\u00fccklich zugestimmt hat, dass die Anbieterin die Leistungen vor Ablauf der Widerrufsfrist erbringen soll.<\/p>\n<ol start=\"4\">\n<li>Folgen des Widerrufs<\/li>\n<\/ol>\n<p>Vor Ablauf der Widerrufsfrist werden kostenpflichtige Leistungen nur erbracht, wenn Ihre gesonderte Zustimmung erfolgt. Sodann ist ein angemessener Betrag zu zahlen, der dem Anteil der bis zu dem Zeitpunkt, zu dem Sie die Anbieterin von der Aus\u00fcbung des Widerrufsrechts hinsichtlich dieses Vertrags unterrichtet, bereits erbrachten Leistungen im Vergleich zum Gesamtumfang der im Vertrag vorgesehenen Leistungen entspricht.<\/p>\n<p>&nbsp;<\/p>\n<p>&nbsp;<\/p>\n<p><strong>Widerrufsformular<\/strong><\/p>\n<p>Wenn Sie den Vertrag widerrufen wollen, f\u00fcllen Sie bitte dieses Formular aus oder senden eine andere eindeutige Erkl\u00e4rung an die:<\/p>\n<p>\u0634\u0631\u0643\u0629 Housebook GmbH<\/p>\n<p>Salzburgerstra\u00dfe 22b,<\/p>\n<p>6380 \u0633\u0627\u0646\u062a \u064a\u0648\u0647\u0627\u0646 \u0641\u064a \u062a\u064a\u0631\u0648\u0644\u060c \u0627\u0644\u0646\u0645\u0633\u0627<\/p>\n<p>\u0647\u0627\u062a\u0641: +43\/5352\/21630-10<\/p>\n<p>\u0627\u0644\u0628\u0631\u064a\u062f \u0627\u0644\u0625\u0644\u0643\u062a\u0631\u0648\u0646\u064a: <a href=\"mailto:office@housebook-solutions.com\">office@housebook-solutions.com<\/a><\/p>\n<p><a href=\"https:\/\/housebook-solutions.com\/wp-content\/uploads\/2025\/11\/Widerruf-Formular.pdf\">\u279c Formular-Download<\/a><\/p>","protected":false},"excerpt":{"rendered":"<p>R\u00fccktrittsbelehrung gem \u00a7 3 KSchG R\u00fccktrittsrecht Haben Sie als Verbraucher Ihre Vertragserkl\u00e4rung weder in den von der Anbieterin f\u00fcr ihre gesch\u00e4ftlichen Zwecke dauernd ben\u00fctzten R\u00e4umen noch bei einem von der Anbieterin auf einer Messe oder einem Markt ben\u00fctzten Stand abgegeben, so k\u00f6nnen Sie vom Vertragsantrag oder vom Vertrag gem\u00e4\u00df \u00a7 3 Konsumentenschutzgesetz (KSchG) zur\u00fccktreten. Dieser &#8230; <a title=\"\u0628\u064a\u0627\u0646 \u0633\u064a\u0627\u0633\u0629 \u0627\u0644\u0625\u0644\u063a\u0627\u0621 \u0648\u0627\u0644\u0627\u0633\u062a\u0631\u062c\u0627\u0639\" class=\"read-more\" href=\"https:\/\/housebook-solutions.com\/ar\/widerrufsbelehrung\/\" aria-label=\"Read more about Widerrufsbelehrung\">\u0627\u0642\u0631\u0623 \u0627\u0644\u0645\u0632\u064a\u062f<\/a><\/p>","protected":false},"author":3,"featured_media":0,"parent":0,"menu_order":0,"comment_status":"closed","ping_status":"closed","template":"","meta":{"inline_featured_image":false,"footnotes":""},"class_list":["post-2214","page","type-page","status-publish"],"yoast_head":"<!-- This site is optimized with the Yoast SEO plugin v23.1 - https:\/\/yoast.com\/wordpress\/plugins\/seo\/ -->\n<title>Widerrufsbelehrung - Housebook | Die App f\u00fcr Baudokumentation &amp; Geb\u00e4udeverwaltung<\/title>\n<meta name=\"robots\" content=\"index, follow, max-snippet:-1, max-image-preview:large, max-video-preview:-1\" \/>\n<link rel=\"canonical\" href=\"https:\/\/housebook-solutions.com\/ar\/widerrufsbelehrung\/\" \/>\n<meta property=\"og:locale\" content=\"ar_AR\" \/>\n<meta property=\"og:type\" content=\"article\" \/>\n<meta property=\"og:title\" content=\"Widerrufsbelehrung - Housebook | Die App f\u00fcr Baudokumentation &amp; Geb\u00e4udeverwaltung\" \/>\n<meta property=\"og:description\" content=\"R\u00fccktrittsbelehrung gem \u00a7 3 KSchG R\u00fccktrittsrecht Haben Sie als Verbraucher Ihre Vertragserkl\u00e4rung weder in den von der Anbieterin f\u00fcr ihre gesch\u00e4ftlichen Zwecke dauernd ben\u00fctzten R\u00e4umen noch bei einem von der Anbieterin auf einer Messe oder einem Markt ben\u00fctzten Stand abgegeben, so k\u00f6nnen Sie vom Vertragsantrag oder vom Vertrag gem\u00e4\u00df \u00a7 3 Konsumentenschutzgesetz (KSchG) zur\u00fccktreten. Dieser ... \u0627\u0642\u0631\u0623 \u0627\u0644\u0645\u0632\u064a\u062f\" \/>\n<meta property=\"og:url\" content=\"https:\/\/housebook-solutions.com\/ar\/widerrufsbelehrung\/\" \/>\n<meta property=\"og:site_name\" content=\"Housebook | Die App f\u00fcr Baudokumentation &amp; Geb\u00e4udeverwaltung\" \/>\n<meta property=\"article:publisher\" content=\"https:\/\/www.facebook.com\/people\/Housebook-GmbH\/100064052342719\/\" \/>\n<meta property=\"article:modified_time\" content=\"2025-11-19T15:48:16+00:00\" \/>\n<meta name=\"twitter:card\" content=\"summary_large_image\" \/>\n<meta name=\"twitter:site\" content=\"@housebook_app\" \/>\n<script type=\"application\/ld+json\" class=\"yoast-schema-graph\">{\"@context\":\"https:\/\/schema.org\",\"@graph\":[{\"@type\":\"WebPage\",\"@id\":\"https:\/\/housebook-solutions.com\/widerrufsbelehrung\/\",\"url\":\"https:\/\/housebook-solutions.com\/widerrufsbelehrung\/\",\"name\":\"Widerrufsbelehrung - Housebook | Die App f\u00fcr Baudokumentation &amp; Geb\u00e4udeverwaltung\",\"isPartOf\":{\"@id\":\"https:\/\/housebook-solutions.com\/#website\"},\"datePublished\":\"2022-03-15T19:45:21+00:00\",\"dateModified\":\"2025-11-19T15:48:16+00:00\",\"breadcrumb\":{\"@id\":\"https:\/\/housebook-solutions.com\/widerrufsbelehrung\/#breadcrumb\"},\"inLanguage\":\"ar\",\"potentialAction\":[{\"@type\":\"ReadAction\",\"target\":[\"https:\/\/housebook-solutions.com\/widerrufsbelehrung\/\"]}]},{\"@type\":\"BreadcrumbList\",\"@id\":\"https:\/\/housebook-solutions.com\/widerrufsbelehrung\/#breadcrumb\",\"itemListElement\":[{\"@type\":\"ListItem\",\"position\":1,\"name\":\"Startseite\",\"item\":\"https:\/\/housebook-solutions.com\/\"},{\"@type\":\"ListItem\",\"position\":2,\"name\":\"Widerrufsbelehrung\"}]},{\"@type\":\"WebSite\",\"@id\":\"https:\/\/housebook-solutions.com\/#website\",\"url\":\"https:\/\/housebook-solutions.com\/\",\"name\":\"Housebook | Die App f\u00fcr Baudokumentation &amp; Geb\u00e4udeverwaltung\",\"description\":\"HOUSEBOOK ist ein Werkzeug, das aus einer Control-Software und einer mobilen App besteht. Das intuitive Panel erm\u00f6glicht die Erstellung der gesamten Dokumentation eines Investitions- und Bauprozesses an einem Ort.\",\"publisher\":{\"@id\":\"https:\/\/housebook-solutions.com\/#organization\"},\"potentialAction\":[{\"@type\":\"SearchAction\",\"target\":{\"@type\":\"EntryPoint\",\"urlTemplate\":\"https:\/\/housebook-solutions.com\/?s={search_term_string}\"},\"query-input\":\"required name=search_term_string\"}],\"inLanguage\":\"ar\"},{\"@type\":\"Organization\",\"@id\":\"https:\/\/housebook-solutions.com\/#organization\",\"name\":\"Housebook GmbH\",\"url\":\"https:\/\/housebook-solutions.com\/\",\"logo\":{\"@type\":\"ImageObject\",\"inLanguage\":\"ar\",\"@id\":\"https:\/\/housebook-solutions.com\/#\/schema\/logo\/image\/\",\"url\":\"https:\/\/housebook-solutions.com\/wp-content\/uploads\/2023\/04\/housebook-2023-primaryLogo.svg\",\"contentUrl\":\"https:\/\/housebook-solutions.com\/wp-content\/uploads\/2023\/04\/housebook-2023-primaryLogo.svg\",\"width\":\"1024\",\"height\":\"1024\",\"caption\":\"Housebook GmbH\"},\"image\":{\"@id\":\"https:\/\/housebook-solutions.com\/#\/schema\/logo\/image\/\"},\"sameAs\":[\"https:\/\/www.facebook.com\/people\/Housebook-GmbH\/100064052342719\/\",\"https:\/\/x.com\/housebook_app\",\"https:\/\/www.linkedin.com\/company\/housebook-gmbh\/\"]}]}<\/script>\n<!-- \/ Yoast SEO plugin. -->","yoast_head_json":{"title":"Widerrufsbelehrung - Housebook | Die App f\u00fcr Baudokumentation &amp; Geb\u00e4udeverwaltung","robots":{"index":"index","follow":"follow","max-snippet":"max-snippet:-1","max-image-preview":"max-image-preview:large","max-video-preview":"max-video-preview:-1"},"canonical":"https:\/\/housebook-solutions.com\/ar\/widerrufsbelehrung\/","og_locale":"ar_AR","og_type":"article","og_title":"Widerrufsbelehrung - Housebook | Die App f\u00fcr Baudokumentation &amp; Geb\u00e4udeverwaltung","og_description":"R\u00fccktrittsbelehrung gem \u00a7 3 KSchG R\u00fccktrittsrecht Haben Sie als Verbraucher Ihre Vertragserkl\u00e4rung weder in den von der Anbieterin f\u00fcr ihre gesch\u00e4ftlichen Zwecke dauernd ben\u00fctzten R\u00e4umen noch bei einem von der Anbieterin auf einer Messe oder einem Markt ben\u00fctzten Stand abgegeben, so k\u00f6nnen Sie vom Vertragsantrag oder vom Vertrag gem\u00e4\u00df \u00a7 3 Konsumentenschutzgesetz (KSchG) zur\u00fccktreten. Dieser ... \u0627\u0642\u0631\u0623 \u0627\u0644\u0645\u0632\u064a\u062f","og_url":"https:\/\/housebook-solutions.com\/ar\/widerrufsbelehrung\/","og_site_name":"Housebook | Die App f\u00fcr Baudokumentation &amp; Geb\u00e4udeverwaltung","article_publisher":"https:\/\/www.facebook.com\/people\/Housebook-GmbH\/100064052342719\/","article_modified_time":"2025-11-19T15:48:16+00:00","twitter_card":"summary_large_image","twitter_site":"@housebook_app","schema":{"@context":"https:\/\/schema.org","@graph":[{"@type":"WebPage","@id":"https:\/\/housebook-solutions.com\/widerrufsbelehrung\/","url":"https:\/\/housebook-solutions.com\/widerrufsbelehrung\/","name":"Widerrufsbelehrung - Housebook | Die App f\u00fcr Baudokumentation &amp; Geb\u00e4udeverwaltung","isPartOf":{"@id":"https:\/\/housebook-solutions.com\/#website"},"datePublished":"2022-03-15T19:45:21+00:00","dateModified":"2025-11-19T15:48:16+00:00","breadcrumb":{"@id":"https:\/\/housebook-solutions.com\/widerrufsbelehrung\/#breadcrumb"},"inLanguage":"ar","potentialAction":[{"@type":"ReadAction","target":["https:\/\/housebook-solutions.com\/widerrufsbelehrung\/"]}]},{"@type":"BreadcrumbList","@id":"https:\/\/housebook-solutions.com\/widerrufsbelehrung\/#breadcrumb","itemListElement":[{"@type":"ListItem","position":1,"name":"Startseite","item":"https:\/\/housebook-solutions.com\/"},{"@type":"ListItem","position":2,"name":"Widerrufsbelehrung"}]},{"@type":"WebSite","@id":"https:\/\/housebook-solutions.com\/#website","url":"https:\/\/housebook-solutions.com\/","name":"Housebook | Die App f\u00fcr Baudokumentation &amp; Geb\u00e4udeverwaltung","description":"HOUSEBOOK ist ein Werkzeug, das aus einer Control-Software und einer mobilen App besteht. Das intuitive Panel erm\u00f6glicht die Erstellung der gesamten Dokumentation eines Investitions- und Bauprozesses an einem Ort.","publisher":{"@id":"https:\/\/housebook-solutions.com\/#organization"},"potentialAction":[{"@type":"SearchAction","target":{"@type":"EntryPoint","urlTemplate":"https:\/\/housebook-solutions.com\/?s={search_term_string}"},"query-input":"required name=search_term_string"}],"inLanguage":"ar"},{"@type":"Organization","@id":"https:\/\/housebook-solutions.com\/#organization","name":"Housebook GmbH","url":"https:\/\/housebook-solutions.com\/","logo":{"@type":"ImageObject","inLanguage":"ar","@id":"https:\/\/housebook-solutions.com\/#\/schema\/logo\/image\/","url":"https:\/\/housebook-solutions.com\/wp-content\/uploads\/2023\/04\/housebook-2023-primaryLogo.svg","contentUrl":"https:\/\/housebook-solutions.com\/wp-content\/uploads\/2023\/04\/housebook-2023-primaryLogo.svg","width":"1024","height":"1024","caption":"Housebook GmbH"},"image":{"@id":"https:\/\/housebook-solutions.com\/#\/schema\/logo\/image\/"},"sameAs":["https:\/\/www.facebook.com\/people\/Housebook-GmbH\/100064052342719\/","https:\/\/x.com\/housebook_app","https:\/\/www.linkedin.com\/company\/housebook-gmbh\/"]}]}},"_links":{"self":[{"href":"https:\/\/housebook-solutions.com\/ar\/wp-json\/wp\/v2\/pages\/2214"}],"collection":[{"href":"https:\/\/housebook-solutions.com\/ar\/wp-json\/wp\/v2\/pages"}],"about":[{"href":"https:\/\/housebook-solutions.com\/ar\/wp-json\/wp\/v2\/types\/page"}],"author":[{"embeddable":true,"href":"https:\/\/housebook-solutions.com\/ar\/wp-json\/wp\/v2\/users\/3"}],"replies":[{"embeddable":true,"href":"https:\/\/housebook-solutions.com\/ar\/wp-json\/wp\/v2\/comments?post=2214"}],"version-history":[{"count":2,"href":"https:\/\/housebook-solutions.com\/ar\/wp-json\/wp\/v2\/pages\/2214\/revisions"}],"predecessor-version":[{"id":4979,"href":"https:\/\/housebook-solutions.com\/ar\/wp-json\/wp\/v2\/pages\/2214\/revisions\/4979"}],"wp:attachment":[{"href":"https:\/\/housebook-solutions.com\/ar\/wp-json\/wp\/v2\/media?parent=2214"}],"curies":[{"name":"wp","href":"https:\/\/api.w.org\/{rel}","templated":true}]}}