{"id":2220,"date":"2022-03-15T20:45:21","date_gmt":"2022-03-15T19:45:21","guid":{"rendered":"https:\/\/aed39d6b-c452-4f65-a5e4-4242a2f27b98.h3.conves.io\/bezahlmoeglichkeiten\/"},"modified":"2023-11-09T10:16:32","modified_gmt":"2023-11-09T09:16:32","slug":"bezahlmoeglichkeiten","status":"publish","type":"page","link":"https:\/\/housebook-solutions.com\/ar\/bezahlmoeglichkeiten\/","title":{"rendered":"\u0637\u0631\u0642 \u0627\u0644\u062f\u0641\u0639"},"content":{"rendered":"Sie k\u00f6nnen Ihre Housebook Lizenz mit Kreditkarte, Paypal oder per \u00dcberweisung bezahlen und in Auftrag geben.\nSollten Sie keinen Paypal-Account besitzen, klicken Sie im Bestellvorgang dennoch auf Paypal. Sie k\u00f6nnen in dem Fall auch nur Ihre Kreditkartendaten bekanntgeben &#8211; nat\u00fcrlich alles ohne Registrierung.\nFalls Sie gerne via \u00dcberweisung bezahlen m\u00f6chten, \u00fcberweisen Sie direkt an folgende Bankverbindung:\n<strong data-renderer-mark=\"true\"><u data-renderer-mark=\"true\">\u062a\u0641\u0627\u0635\u064a\u0644 \u0627\u0644\u062d\u0633\u0627\u0628: <\/u><\/strong>\nHousebook GmbH\nIBAN: AT06 3626300005153416\nBIC: RZTIAT22263\nBitte nutzen Sie die Bestellnummer als Verwendungszweck um eine korrekte Zuweisung unsererseits gew\u00e4hrleisten zu k\u00f6nnen.","protected":false},"excerpt":{"rendered":"<p>Sie k\u00f6nnen Ihre Housebook Lizenz mit Kreditkarte, Paypal oder per \u00dcberweisung bezahlen und in Auftrag geben. Sollten Sie keinen Paypal-Account besitzen, klicken Sie im Bestellvorgang dennoch auf Paypal. Sie k\u00f6nnen in dem Fall auch nur Ihre Kreditkartendaten bekanntgeben &#8211; nat\u00fcrlich alles ohne Registrierung. Falls Sie gerne via \u00dcberweisung bezahlen m\u00f6chten, \u00fcberweisen Sie direkt an folgende &#8230; <a title=\"\u0637\u0631\u0642 \u0627\u0644\u062f\u0641\u0639\" class=\"read-more\" href=\"https:\/\/housebook-solutions.com\/ar\/bezahlmoeglichkeiten\/\" aria-label=\"Read more about Zahlungsarten\">\u0627\u0642\u0631\u0623 \u0627\u0644\u0645\u0632\u064a\u062f<\/a><\/p>","protected":false},"author":3,"featured_media":0,"parent":0,"menu_order":0,"comment_status":"closed","ping_status":"closed","template":"","meta":{"inline_featured_image":false,"footnotes":""},"class_list":["post-2220","page","type-page","status-publish"],"yoast_head":"<!-- This site is optimized with the Yoast SEO plugin v23.1 - https:\/\/yoast.com\/wordpress\/plugins\/seo\/ -->\n<title>Zahlungsarten - Housebook | Die App f\u00fcr Baudokumentation &amp; Geb\u00e4udeverwaltung<\/title>\n<meta name=\"robots\" content=\"index, follow, max-snippet:-1, max-image-preview:large, max-video-preview:-1\" \/>\n<link rel=\"canonical\" href=\"https:\/\/housebook-solutions.com\/ar\/bezahlmoeglichkeiten\/\" \/>\n<meta property=\"og:locale\" content=\"ar_AR\" \/>\n<meta property=\"og:type\" content=\"article\" \/>\n<meta property=\"og:title\" content=\"Zahlungsarten - Housebook | Die App f\u00fcr Baudokumentation &amp; Geb\u00e4udeverwaltung\" \/>\n<meta property=\"og:description\" content=\"Sie k\u00f6nnen Ihre Housebook Lizenz mit Kreditkarte, Paypal oder per \u00dcberweisung bezahlen und in Auftrag geben. Sollten Sie keinen Paypal-Account besitzen, klicken Sie im Bestellvorgang dennoch auf Paypal. Sie k\u00f6nnen in dem Fall auch nur Ihre Kreditkartendaten bekanntgeben &#8211; nat\u00fcrlich alles ohne Registrierung. Falls Sie gerne via \u00dcberweisung bezahlen m\u00f6chten, \u00fcberweisen Sie direkt an folgende ... \u0627\u0642\u0631\u0623 \u0627\u0644\u0645\u0632\u064a\u062f\" \/>\n<meta property=\"og:url\" content=\"https:\/\/housebook-solutions.com\/ar\/bezahlmoeglichkeiten\/\" \/>\n<meta property=\"og:site_name\" content=\"Housebook | Die App f\u00fcr Baudokumentation &amp; Geb\u00e4udeverwaltung\" \/>\n<meta property=\"article:publisher\" content=\"https:\/\/www.facebook.com\/people\/Housebook-GmbH\/100064052342719\/\" \/>\n<meta property=\"article:modified_time\" content=\"2023-11-09T09:16:32+00:00\" \/>\n<meta name=\"twitter:card\" content=\"summary_large_image\" \/>\n<meta name=\"twitter:site\" content=\"@housebook_app\" \/>\n<script type=\"application\/ld+json\" class=\"yoast-schema-graph\">{\"@context\":\"https:\/\/schema.org\",\"@graph\":[{\"@type\":\"WebPage\",\"@id\":\"https:\/\/housebook-solutions.com\/bezahlmoeglichkeiten\/\",\"url\":\"https:\/\/housebook-solutions.com\/bezahlmoeglichkeiten\/\",\"name\":\"Zahlungsarten - Housebook | Die App f\u00fcr Baudokumentation &amp; Geb\u00e4udeverwaltung\",\"isPartOf\":{\"@id\":\"https:\/\/housebook-solutions.com\/#website\"},\"datePublished\":\"2022-03-15T19:45:21+00:00\",\"dateModified\":\"2023-11-09T09:16:32+00:00\",\"breadcrumb\":{\"@id\":\"https:\/\/housebook-solutions.com\/bezahlmoeglichkeiten\/#breadcrumb\"},\"inLanguage\":\"ar\",\"potentialAction\":[{\"@type\":\"ReadAction\",\"target\":[\"https:\/\/housebook-solutions.com\/bezahlmoeglichkeiten\/\"]}]},{\"@type\":\"BreadcrumbList\",\"@id\":\"https:\/\/housebook-solutions.com\/bezahlmoeglichkeiten\/#breadcrumb\",\"itemListElement\":[{\"@type\":\"ListItem\",\"position\":1,\"name\":\"Startseite\",\"item\":\"https:\/\/housebook-solutions.com\/\"},{\"@type\":\"ListItem\",\"position\":2,\"name\":\"Zahlungsarten\"}]},{\"@type\":\"WebSite\",\"@id\":\"https:\/\/housebook-solutions.com\/#website\",\"url\":\"https:\/\/housebook-solutions.com\/\",\"name\":\"Housebook | Die App f\u00fcr Baudokumentation &amp; Geb\u00e4udeverwaltung\",\"description\":\"HOUSEBOOK ist ein Werkzeug, das aus einer Control-Software und einer mobilen App besteht. Das intuitive Panel erm\u00f6glicht die Erstellung der gesamten Dokumentation eines Investitions- und Bauprozesses an einem Ort.\",\"publisher\":{\"@id\":\"https:\/\/housebook-solutions.com\/#organization\"},\"potentialAction\":[{\"@type\":\"SearchAction\",\"target\":{\"@type\":\"EntryPoint\",\"urlTemplate\":\"https:\/\/housebook-solutions.com\/?s={search_term_string}\"},\"query-input\":\"required name=search_term_string\"}],\"inLanguage\":\"ar\"},{\"@type\":\"Organization\",\"@id\":\"https:\/\/housebook-solutions.com\/#organization\",\"name\":\"Housebook GmbH\",\"url\":\"https:\/\/housebook-solutions.com\/\",\"logo\":{\"@type\":\"ImageObject\",\"inLanguage\":\"ar\",\"@id\":\"https:\/\/housebook-solutions.com\/#\/schema\/logo\/image\/\",\"url\":\"https:\/\/housebook-solutions.com\/wp-content\/uploads\/2023\/04\/housebook-2023-primaryLogo.svg\",\"contentUrl\":\"https:\/\/housebook-solutions.com\/wp-content\/uploads\/2023\/04\/housebook-2023-primaryLogo.svg\",\"width\":\"1024\",\"height\":\"1024\",\"caption\":\"Housebook GmbH\"},\"image\":{\"@id\":\"https:\/\/housebook-solutions.com\/#\/schema\/logo\/image\/\"},\"sameAs\":[\"https:\/\/www.facebook.com\/people\/Housebook-GmbH\/100064052342719\/\",\"https:\/\/x.com\/housebook_app\",\"https:\/\/www.linkedin.com\/company\/housebook-gmbh\/\"]}]}<\/script>\n<!-- \/ Yoast SEO plugin. -->","yoast_head_json":{"title":"Zahlungsarten - Housebook | Die App f\u00fcr Baudokumentation &amp; Geb\u00e4udeverwaltung","robots":{"index":"index","follow":"follow","max-snippet":"max-snippet:-1","max-image-preview":"max-image-preview:large","max-video-preview":"max-video-preview:-1"},"canonical":"https:\/\/housebook-solutions.com\/ar\/bezahlmoeglichkeiten\/","og_locale":"ar_AR","og_type":"article","og_title":"Zahlungsarten - Housebook | Die App f\u00fcr Baudokumentation &amp; Geb\u00e4udeverwaltung","og_description":"Sie k\u00f6nnen Ihre Housebook Lizenz mit Kreditkarte, Paypal oder per \u00dcberweisung bezahlen und in Auftrag geben. Sollten Sie keinen Paypal-Account besitzen, klicken Sie im Bestellvorgang dennoch auf Paypal. Sie k\u00f6nnen in dem Fall auch nur Ihre Kreditkartendaten bekanntgeben &#8211; nat\u00fcrlich alles ohne Registrierung. Falls Sie gerne via \u00dcberweisung bezahlen m\u00f6chten, \u00fcberweisen Sie direkt an folgende ... \u0627\u0642\u0631\u0623 \u0627\u0644\u0645\u0632\u064a\u062f","og_url":"https:\/\/housebook-solutions.com\/ar\/bezahlmoeglichkeiten\/","og_site_name":"Housebook | Die App f\u00fcr Baudokumentation &amp; Geb\u00e4udeverwaltung","article_publisher":"https:\/\/www.facebook.com\/people\/Housebook-GmbH\/100064052342719\/","article_modified_time":"2023-11-09T09:16:32+00:00","twitter_card":"summary_large_image","twitter_site":"@housebook_app","schema":{"@context":"https:\/\/schema.org","@graph":[{"@type":"WebPage","@id":"https:\/\/housebook-solutions.com\/bezahlmoeglichkeiten\/","url":"https:\/\/housebook-solutions.com\/bezahlmoeglichkeiten\/","name":"Zahlungsarten - Housebook | Die App f\u00fcr Baudokumentation &amp; Geb\u00e4udeverwaltung","isPartOf":{"@id":"https:\/\/housebook-solutions.com\/#website"},"datePublished":"2022-03-15T19:45:21+00:00","dateModified":"2023-11-09T09:16:32+00:00","breadcrumb":{"@id":"https:\/\/housebook-solutions.com\/bezahlmoeglichkeiten\/#breadcrumb"},"inLanguage":"ar","potentialAction":[{"@type":"ReadAction","target":["https:\/\/housebook-solutions.com\/bezahlmoeglichkeiten\/"]}]},{"@type":"BreadcrumbList","@id":"https:\/\/housebook-solutions.com\/bezahlmoeglichkeiten\/#breadcrumb","itemListElement":[{"@type":"ListItem","position":1,"name":"Startseite","item":"https:\/\/housebook-solutions.com\/"},{"@type":"ListItem","position":2,"name":"Zahlungsarten"}]},{"@type":"WebSite","@id":"https:\/\/housebook-solutions.com\/#website","url":"https:\/\/housebook-solutions.com\/","name":"Housebook | Die App f\u00fcr Baudokumentation &amp; Geb\u00e4udeverwaltung","description":"HOUSEBOOK ist ein Werkzeug, das aus einer Control-Software und einer mobilen App besteht. Das intuitive Panel erm\u00f6glicht die Erstellung der gesamten Dokumentation eines Investitions- und Bauprozesses an einem Ort.","publisher":{"@id":"https:\/\/housebook-solutions.com\/#organization"},"potentialAction":[{"@type":"SearchAction","target":{"@type":"EntryPoint","urlTemplate":"https:\/\/housebook-solutions.com\/?s={search_term_string}"},"query-input":"required name=search_term_string"}],"inLanguage":"ar"},{"@type":"Organization","@id":"https:\/\/housebook-solutions.com\/#organization","name":"Housebook GmbH","url":"https:\/\/housebook-solutions.com\/","logo":{"@type":"ImageObject","inLanguage":"ar","@id":"https:\/\/housebook-solutions.com\/#\/schema\/logo\/image\/","url":"https:\/\/housebook-solutions.com\/wp-content\/uploads\/2023\/04\/housebook-2023-primaryLogo.svg","contentUrl":"https:\/\/housebook-solutions.com\/wp-content\/uploads\/2023\/04\/housebook-2023-primaryLogo.svg","width":"1024","height":"1024","caption":"Housebook GmbH"},"image":{"@id":"https:\/\/housebook-solutions.com\/#\/schema\/logo\/image\/"},"sameAs":["https:\/\/www.facebook.com\/people\/Housebook-GmbH\/100064052342719\/","https:\/\/x.com\/housebook_app","https:\/\/www.linkedin.com\/company\/housebook-gmbh\/"]}]}},"_links":{"self":[{"href":"https:\/\/housebook-solutions.com\/ar\/wp-json\/wp\/v2\/pages\/2220"}],"collection":[{"href":"https:\/\/housebook-solutions.com\/ar\/wp-json\/wp\/v2\/pages"}],"about":[{"href":"https:\/\/housebook-solutions.com\/ar\/wp-json\/wp\/v2\/types\/page"}],"author":[{"embeddable":true,"href":"https:\/\/housebook-solutions.com\/ar\/wp-json\/wp\/v2\/users\/3"}],"replies":[{"embeddable":true,"href":"https:\/\/housebook-solutions.com\/ar\/wp-json\/wp\/v2\/comments?post=2220"}],"version-history":[{"count":4,"href":"https:\/\/housebook-solutions.com\/ar\/wp-json\/wp\/v2\/pages\/2220\/revisions"}],"predecessor-version":[{"id":4663,"href":"https:\/\/housebook-solutions.com\/ar\/wp-json\/wp\/v2\/pages\/2220\/revisions\/4663"}],"wp:attachment":[{"href":"https:\/\/housebook-solutions.com\/ar\/wp-json\/wp\/v2\/media?parent=2220"}],"curies":[{"name":"wp","href":"https:\/\/api.w.org\/{rel}","templated":true}]}}