{"id":3569,"date":"2022-08-31T00:40:00","date_gmt":"2022-08-30T22:40:00","guid":{"rendered":"https:\/\/aed39d6b-c452-4f65-a5e4-4242a2f27b98.h3.conves.io\/?page_id=3569"},"modified":"2024-02-07T11:14:43","modified_gmt":"2024-02-07T10:14:43","slug":"bautraeger","status":"publish","type":"page","link":"https:\/\/housebook-solutions.com\/ar\/bautraeger\/","title":{"rendered":"Bautr\u00e4ger"},"content":{"rendered":"<h6>\u0627\u0644\u0634\u0641\u0627\u0641\u064a\u0629 \u0645\u0639 Housebook \u0644\u0640<\/h6>\n<h2>\n\t\tBautr\u00e4ger &#038; Investoren\n\t<\/h2>\n\t<h5>\u0643\u0645\u0637\u0648\u0631 \u0639\u0642\u0627\u0631\u064a \u0623\u0648 \u0645\u0633\u062a\u062b\u0645\u0631\u060c \u0644\u0627 \u062f\u0627\u0639\u064a \u0644\u0644\u0642\u0644\u0642 \u0628\u0634\u0623\u0646 \u0634\u0641\u0627\u0641\u064a\u0629 \u0648\u062a\u0648\u0627\u0641\u0631 \u0648\u062b\u0627\u0626\u0642 \u0627\u0644\u0627\u0633\u062a\u062b\u0645\u0627\u0631.<\/h5>\n<p class=\" translation-block\">\u062a\u064f\u062d\u0641\u0638 \u0627\u0644\u0645\u0648\u0627\u062f \u0627\u0644\u0645\u0631\u062a\u0628\u0637\u0629 \u0628\u0639\u0645\u0644\u064a\u0629 \u0627\u0644\u0627\u0633\u062a\u062b\u0645\u0627\u0631 \u0641\u064a \u062a\u0637\u0628\u064a\u0642 HOUSEBOOK \u0648\u064a\u0645\u0643\u0646 \u0627\u0644\u0648\u0635\u0648\u0644 \u0625\u0644\u064a\u0647\u0627 \u0645\u0646 \u062e\u0644\u0627\u0644 \u0627\u0644\u0623\u062c\u0647\u0632\u0629 \u0627\u0644\u0645\u062d\u0645\u0648\u0644\u0629 \u0639\u0644\u0649 \u0645\u0648\u0642\u0639 \u0627\u0644\u0628\u0646\u0627\u0621 \u0648\u0623\u062b\u0646\u0627\u0621 \u0627\u062c\u062a\u0645\u0627\u0639 \u0641\u064a \u0627\u0644\u0645\u0643\u062a\u0628 \u0644\u0644\u0645\u0648\u0638\u0641\u064a\u0646. \u0628\u0641\u0636\u0644 \u062a\u0637\u0628\u064a\u0642 HOUSEBOOK\u060c \u062a\u0635\u0628\u062d \u0645\u0646\u0627\u0642\u0634\u0629 \u0627\u0644\u062a\u0642\u062f\u0645 \u0641\u064a \u0627\u0644\u0623\u0639\u0645\u0627\u0644 \u0627\u0644\u0625\u0646\u0634\u0627\u0626\u064a\u0629 \u0623\u0633\u0647\u0644 \u0628\u0643\u062b\u064a\u0631. \u0628\u062a\u0637\u0628\u064a\u0642 \u0623\u062f\u0648\u0627\u062a\u0646\u0627 \u0627\u0644\u0631\u0642\u0645\u064a\u0629\u060c \u0633\u062a\u062d\u0635\u0644 \u0639\u0644\u0649 \u0637\u0631\u064a\u0642\u0629 \u0645\u0648\u062b\u0648\u0642\u0629 \u0644\u0644\u062a\u0648\u0627\u0635\u0644 \u0645\u0639 \u0634\u0631\u0643\u062a\u0643 \u0641\u064a \u0623\u064a \u0648\u0642\u062a \u0648\u0645\u0646 \u0623\u064a \u0645\u0643\u0627\u0646 \u0641\u064a \u0627\u0644\u0639\u0627\u0644\u0645.<\/p>\n\t\t\t<video src=\"https:\/\/housebook-solutions.com\/wp-content\/uploads\/2022\/09\/Bautraeger-16-9-macbook-1.mp4\" autoplay=\"\" webkit-playsinline=\"\" playsinline=\"\" loop=\"\" controls=\"\" muted=\"muted\" controlslist=\"nodownload\" poster=\"\" preload=\"none\"><\/video>\n<h3>\n\t\t\u0627\u0644\u0641\u0648\u0627\u0626\u062f \u0644\u0644\u0645\u0637\u0648\u0631\u064a\u0646 \u0627\u0644\u0639\u0642\u0627\u0631\u064a\u064a\u0646\n\t<\/h3>\n\t<ul>\n\t\t\t<li>\n\t\t\t\t\u0627\u0644\u062a\u0632\u0627\u0645 \u0627\u0644\u0645\u062a\u0639\u0647\u062f\u064a\u0646 \u0628\u0625\u062b\u0628\u0627\u062a\u0627\u062a \u0627\u0644\u0623\u062f\u0627\u0621\n\t\t\t<\/li>\n\t\t\t<li>\n\t\t\t\t\u062a\u0648\u062b\u064a\u0642 \u0634\u0627\u0645\u0644 \u0644\u062c\u0645\u064a\u0639 \u0627\u0644\u0645\u0634\u0627\u0631\u064a\u0639 \u0639\u0646\u062f \u0627\u0644\u062a\u0633\u0644\u064a\u0645\n\t\t\t<\/li>\n\t\t\t<li>\n\t\t\t\t\u0645\u0631\u0627\u0642\u0628\u0629 \u0631\u0642\u0645\u064a\u0629 \u0644\u062c\u0645\u064a\u0639 \u0627\u0644\u0639\u0645\u0644\u064a\u0627\u062a \u062f\u0648\u0646 \u0627\u0644\u062d\u0627\u062c\u0629 \u0625\u0644\u0649 \u0627\u0644\u0648\u062c\u0648\u062f \u0641\u064a \u0627\u0644\u0645\u0648\u0642\u0639.\n\t\t\t<\/li>\n\t\t<\/ul>\n\t<ul>\n\t\t\t<li>\n\t\t\t\t\u062a\u0648\u0632\u064a\u0639 \u0627\u0644\u0645\u0647\u0627\u0645 \u0627\u0644\u0645\u0628\u0627\u0634\u0631\u0629 \u0639\u0644\u0649 \u0627\u0644\u0645\u0642\u0627\u0648\u0644\u064a\u0646\n\t\t\t<\/li>\n\t\t\t<li>\n\t\t\t\t\u0645\u0631\u0627\u0642\u0628\u0629 \u062c\u0645\u064a\u0639 \u0639\u0645\u0644\u064a\u0627\u062a \u0627\u0644\u0628\u0646\u0627\u0621 \u0627\u0644\u0641\u0631\u062f\u064a\u0629\n\t\t\t<\/li>\n\t\t\t<li>\n\t\t\t\t\u062a\u0648\u0641\u064a\u0631 \u0627\u0644\u0648\u0642\u062a \u0645\u0646 \u062e\u0644\u0627\u0644 \u062a\u0633\u062c\u064a\u0644 \u062a\u0644\u0642\u0627\u0626\u064a\n\t\t\t<\/li>\n\t\t<\/ul>\n\t<h4>\u0645\u0639 Housebook\u060c \u0644\u0627 \u062a\u062e\u0637\u0637 \u0641\u0642\u0637 \u0644\u0645\u0647\u0627\u0645 \u0645\u0648\u0638\u0641\u064a\u0643\u060c \u0628\u0644 \u062a\u0636\u0645\u0646 \u0623\u064a\u0636\u064b\u0627 \u0623\u0646 \u064a\u062a\u0645 \u062a\u0646\u0641\u064a\u0630\u0647\u0627 \u0628\u0623\u0645\u0627\u0646 \u0648\u0641\u064a \u0627\u0644\u0648\u0642\u062a \u0627\u0644\u0645\u062d\u062f\u062f.<\/h4>\n\t<h6>\u0633\u064a\u0635\u0628\u062d \u0645\u0631\u0627\u0642\u0628\u0629 \u0639\u0645\u0644\u064a\u0629 \u0627\u0644\u0627\u0633\u062a\u062b\u0645\u0627\u0631 \u0623\u0643\u062b\u0631 \u062a\u0631\u0627\u0628\u0637\u064b\u0627 \u0648\u062a\u0646\u0638\u064a\u0645\u064b\u0627 \u0648\u0641\u0639\u0627\u0644\u064a\u0629 \u0628\u0641\u0636\u0644 \u0627\u0644\u0623\u062f\u0648\u0627\u062a \u0627\u0644\u0631\u0642\u0645\u064a\u0629. \u0628\u0637\u0631\u064a\u0642\u0629 \u0622\u0645\u0646\u0629 \u0648\u0634\u0641\u0627\u0641\u0629 \u0644\u062c\u0645\u064a\u0639 \u0623\u0639\u0636\u0627\u0621 \u0627\u0644\u0641\u0631\u064a\u0642\u060c \u0633\u062a\u062e\u0637\u0637 \u0644\u0639\u0645\u0644\u0643 \u0648\u062a\u0648\u0641\u0631 \u0648\u062b\u0627\u0626\u0642 \u0643\u0627\u0645\u0644\u0629 \u0644\u0639\u0645\u0644\u064a\u0629 \u0627\u0644\u0627\u0633\u062a\u062b\u0645\u0627\u0631. \u0644\u0627 \u062a\u0633\u0645\u062d \u0644\u0644\u0645\u0647\u0645\u0629 \u0627\u0644\u0645\u0633\u0624\u0648\u0644\u0629 \u0627\u0644\u062a\u064a \u062a\u0642\u0639 \u0623\u0645\u0627\u0645\u0643 \u0628\u062a\u0634\u0643\u064a\u0644 \u062a\u062d\u062f\u064a\u064b\u0627 \u0643\u0628\u064a\u0631\u064b\u0627.<\/h6>","protected":false},"excerpt":{"rendered":"<p>Transparenz mit Housebook f\u00fcr Bautr\u00e4ger &#038; Investoren ALS BAUTR\u00c4GER ODER INVESTOR BRAUCHEN SIE SICH KEINE SORGEN UM DIE TRANSPARENZ UND VERF\u00dcGBARKEIT DER IN\u00adVESTITIONS\u00adDOKU\u00adMENTATION ZU MACHEN. Die mit dem Investitionsprozess verbundenen Materialien werden in der HOUSEBOOK App aufbewahrt und sind \u00fcber mobile Ger\u00e4te sowohl auf der Baustelle als auch w\u00e4hrend eines Treffens im B\u00fcro f\u00fcr die &#8230; <a title=\"Bautr\u00e4ger\" class=\"read-more\" href=\"https:\/\/housebook-solutions.com\/ar\/bautraeger\/\" aria-label=\"Read more about Bautr\u00e4ger\">\u0627\u0642\u0631\u0623 \u0627\u0644\u0645\u0632\u064a\u062f<\/a><\/p>","protected":false},"author":3,"featured_media":0,"parent":0,"menu_order":0,"comment_status":"closed","ping_status":"closed","template":"","meta":{"inline_featured_image":false,"footnotes":""},"class_list":["post-3569","page","type-page","status-publish"],"yoast_head":"<!-- This site is optimized with the Yoast SEO plugin v23.1 - https:\/\/yoast.com\/wordpress\/plugins\/seo\/ -->\n<title>Bautr\u00e4ger - Housebook | Die App f\u00fcr Baudokumentation &amp; Geb\u00e4udeverwaltung<\/title>\n<meta name=\"robots\" content=\"index, follow, max-snippet:-1, max-image-preview:large, max-video-preview:-1\" \/>\n<link rel=\"canonical\" href=\"https:\/\/housebook-solutions.com\/ar\/bautraeger\/\" \/>\n<meta property=\"og:locale\" content=\"ar_AR\" \/>\n<meta property=\"og:type\" content=\"article\" \/>\n<meta property=\"og:title\" content=\"Bautr\u00e4ger - Housebook | Die App f\u00fcr Baudokumentation &amp; Geb\u00e4udeverwaltung\" \/>\n<meta property=\"og:description\" content=\"Transparenz mit Housebook f\u00fcr Bautr\u00e4ger &#038; Investoren ALS BAUTR\u00c4GER ODER INVESTOR BRAUCHEN SIE SICH KEINE SORGEN UM DIE TRANSPARENZ UND VERF\u00dcGBARKEIT DER IN\u00adVESTITIONS\u00adDOKU\u00adMENTATION ZU MACHEN. Die mit dem Investitionsprozess verbundenen Materialien werden in der HOUSEBOOK App aufbewahrt und sind \u00fcber mobile Ger\u00e4te sowohl auf der Baustelle als auch w\u00e4hrend eines Treffens im B\u00fcro f\u00fcr die ... \u0627\u0642\u0631\u0623 \u0627\u0644\u0645\u0632\u064a\u062f\" \/>\n<meta property=\"og:url\" content=\"https:\/\/housebook-solutions.com\/ar\/bautraeger\/\" \/>\n<meta property=\"og:site_name\" content=\"Housebook | Die App f\u00fcr Baudokumentation &amp; Geb\u00e4udeverwaltung\" \/>\n<meta property=\"article:publisher\" content=\"https:\/\/www.facebook.com\/people\/Housebook-GmbH\/100064052342719\/\" \/>\n<meta property=\"article:modified_time\" content=\"2024-02-07T10:14:43+00:00\" \/>\n<meta name=\"twitter:card\" content=\"summary_large_image\" \/>\n<meta name=\"twitter:site\" content=\"@housebook_app\" \/>\n<script type=\"application\/ld+json\" class=\"yoast-schema-graph\">{\"@context\":\"https:\/\/schema.org\",\"@graph\":[{\"@type\":\"WebPage\",\"@id\":\"https:\/\/housebook-solutions.com\/bautraeger\/\",\"url\":\"https:\/\/housebook-solutions.com\/bautraeger\/\",\"name\":\"Bautr\u00e4ger - Housebook | Die App f\u00fcr Baudokumentation &amp; Geb\u00e4udeverwaltung\",\"isPartOf\":{\"@id\":\"https:\/\/housebook-solutions.com\/#website\"},\"datePublished\":\"2022-08-30T22:40:00+00:00\",\"dateModified\":\"2024-02-07T10:14:43+00:00\",\"breadcrumb\":{\"@id\":\"https:\/\/housebook-solutions.com\/bautraeger\/#breadcrumb\"},\"inLanguage\":\"ar\",\"potentialAction\":[{\"@type\":\"ReadAction\",\"target\":[\"https:\/\/housebook-solutions.com\/bautraeger\/\"]}]},{\"@type\":\"BreadcrumbList\",\"@id\":\"https:\/\/housebook-solutions.com\/bautraeger\/#breadcrumb\",\"itemListElement\":[{\"@type\":\"ListItem\",\"position\":1,\"name\":\"Startseite\",\"item\":\"https:\/\/housebook-solutions.com\/\"},{\"@type\":\"ListItem\",\"position\":2,\"name\":\"Bautr\u00e4ger\"}]},{\"@type\":\"WebSite\",\"@id\":\"https:\/\/housebook-solutions.com\/#website\",\"url\":\"https:\/\/housebook-solutions.com\/\",\"name\":\"Housebook | Die App f\u00fcr Baudokumentation &amp; Geb\u00e4udeverwaltung\",\"description\":\"HOUSEBOOK ist ein Werkzeug, das aus einer Control-Software und einer mobilen App besteht. Das intuitive Panel erm\u00f6glicht die Erstellung der gesamten Dokumentation eines Investitions- und Bauprozesses an einem Ort.\",\"publisher\":{\"@id\":\"https:\/\/housebook-solutions.com\/#organization\"},\"potentialAction\":[{\"@type\":\"SearchAction\",\"target\":{\"@type\":\"EntryPoint\",\"urlTemplate\":\"https:\/\/housebook-solutions.com\/?s={search_term_string}\"},\"query-input\":\"required name=search_term_string\"}],\"inLanguage\":\"ar\"},{\"@type\":\"Organization\",\"@id\":\"https:\/\/housebook-solutions.com\/#organization\",\"name\":\"Housebook GmbH\",\"url\":\"https:\/\/housebook-solutions.com\/\",\"logo\":{\"@type\":\"ImageObject\",\"inLanguage\":\"ar\",\"@id\":\"https:\/\/housebook-solutions.com\/#\/schema\/logo\/image\/\",\"url\":\"https:\/\/housebook-solutions.com\/wp-content\/uploads\/2023\/04\/housebook-2023-primaryLogo.svg\",\"contentUrl\":\"https:\/\/housebook-solutions.com\/wp-content\/uploads\/2023\/04\/housebook-2023-primaryLogo.svg\",\"width\":\"1024\",\"height\":\"1024\",\"caption\":\"Housebook GmbH\"},\"image\":{\"@id\":\"https:\/\/housebook-solutions.com\/#\/schema\/logo\/image\/\"},\"sameAs\":[\"https:\/\/www.facebook.com\/people\/Housebook-GmbH\/100064052342719\/\",\"https:\/\/x.com\/housebook_app\",\"https:\/\/www.linkedin.com\/company\/housebook-gmbh\/\"]}]}<\/script>\n<!-- \/ Yoast SEO plugin. -->","yoast_head_json":{"title":"Bautr\u00e4ger - Housebook | Die App f\u00fcr Baudokumentation &amp; Geb\u00e4udeverwaltung","robots":{"index":"index","follow":"follow","max-snippet":"max-snippet:-1","max-image-preview":"max-image-preview:large","max-video-preview":"max-video-preview:-1"},"canonical":"https:\/\/housebook-solutions.com\/ar\/bautraeger\/","og_locale":"ar_AR","og_type":"article","og_title":"Bautr\u00e4ger - Housebook | Die App f\u00fcr Baudokumentation &amp; Geb\u00e4udeverwaltung","og_description":"Transparenz mit Housebook f\u00fcr Bautr\u00e4ger &#038; Investoren ALS BAUTR\u00c4GER ODER INVESTOR BRAUCHEN SIE SICH KEINE SORGEN UM DIE TRANSPARENZ UND VERF\u00dcGBARKEIT DER IN\u00adVESTITIONS\u00adDOKU\u00adMENTATION ZU MACHEN. Die mit dem Investitionsprozess verbundenen Materialien werden in der HOUSEBOOK App aufbewahrt und sind \u00fcber mobile Ger\u00e4te sowohl auf der Baustelle als auch w\u00e4hrend eines Treffens im B\u00fcro f\u00fcr die ... \u0627\u0642\u0631\u0623 \u0627\u0644\u0645\u0632\u064a\u062f","og_url":"https:\/\/housebook-solutions.com\/ar\/bautraeger\/","og_site_name":"Housebook | Die App f\u00fcr Baudokumentation &amp; Geb\u00e4udeverwaltung","article_publisher":"https:\/\/www.facebook.com\/people\/Housebook-GmbH\/100064052342719\/","article_modified_time":"2024-02-07T10:14:43+00:00","twitter_card":"summary_large_image","twitter_site":"@housebook_app","schema":{"@context":"https:\/\/schema.org","@graph":[{"@type":"WebPage","@id":"https:\/\/housebook-solutions.com\/bautraeger\/","url":"https:\/\/housebook-solutions.com\/bautraeger\/","name":"Bautr\u00e4ger - Housebook | Die App f\u00fcr Baudokumentation &amp; Geb\u00e4udeverwaltung","isPartOf":{"@id":"https:\/\/housebook-solutions.com\/#website"},"datePublished":"2022-08-30T22:40:00+00:00","dateModified":"2024-02-07T10:14:43+00:00","breadcrumb":{"@id":"https:\/\/housebook-solutions.com\/bautraeger\/#breadcrumb"},"inLanguage":"ar","potentialAction":[{"@type":"ReadAction","target":["https:\/\/housebook-solutions.com\/bautraeger\/"]}]},{"@type":"BreadcrumbList","@id":"https:\/\/housebook-solutions.com\/bautraeger\/#breadcrumb","itemListElement":[{"@type":"ListItem","position":1,"name":"Startseite","item":"https:\/\/housebook-solutions.com\/"},{"@type":"ListItem","position":2,"name":"Bautr\u00e4ger"}]},{"@type":"WebSite","@id":"https:\/\/housebook-solutions.com\/#website","url":"https:\/\/housebook-solutions.com\/","name":"Housebook | Die App f\u00fcr Baudokumentation &amp; Geb\u00e4udeverwaltung","description":"HOUSEBOOK ist ein Werkzeug, das aus einer Control-Software und einer mobilen App besteht. Das intuitive Panel erm\u00f6glicht die Erstellung der gesamten Dokumentation eines Investitions- und Bauprozesses an einem Ort.","publisher":{"@id":"https:\/\/housebook-solutions.com\/#organization"},"potentialAction":[{"@type":"SearchAction","target":{"@type":"EntryPoint","urlTemplate":"https:\/\/housebook-solutions.com\/?s={search_term_string}"},"query-input":"required name=search_term_string"}],"inLanguage":"ar"},{"@type":"Organization","@id":"https:\/\/housebook-solutions.com\/#organization","name":"Housebook GmbH","url":"https:\/\/housebook-solutions.com\/","logo":{"@type":"ImageObject","inLanguage":"ar","@id":"https:\/\/housebook-solutions.com\/#\/schema\/logo\/image\/","url":"https:\/\/housebook-solutions.com\/wp-content\/uploads\/2023\/04\/housebook-2023-primaryLogo.svg","contentUrl":"https:\/\/housebook-solutions.com\/wp-content\/uploads\/2023\/04\/housebook-2023-primaryLogo.svg","width":"1024","height":"1024","caption":"Housebook GmbH"},"image":{"@id":"https:\/\/housebook-solutions.com\/#\/schema\/logo\/image\/"},"sameAs":["https:\/\/www.facebook.com\/people\/Housebook-GmbH\/100064052342719\/","https:\/\/x.com\/housebook_app","https:\/\/www.linkedin.com\/company\/housebook-gmbh\/"]}]}},"_links":{"self":[{"href":"https:\/\/housebook-solutions.com\/ar\/wp-json\/wp\/v2\/pages\/3569"}],"collection":[{"href":"https:\/\/housebook-solutions.com\/ar\/wp-json\/wp\/v2\/pages"}],"about":[{"href":"https:\/\/housebook-solutions.com\/ar\/wp-json\/wp\/v2\/types\/page"}],"author":[{"embeddable":true,"href":"https:\/\/housebook-solutions.com\/ar\/wp-json\/wp\/v2\/users\/3"}],"replies":[{"embeddable":true,"href":"https:\/\/housebook-solutions.com\/ar\/wp-json\/wp\/v2\/comments?post=3569"}],"version-history":[{"count":9,"href":"https:\/\/housebook-solutions.com\/ar\/wp-json\/wp\/v2\/pages\/3569\/revisions"}],"predecessor-version":[{"id":4729,"href":"https:\/\/housebook-solutions.com\/ar\/wp-json\/wp\/v2\/pages\/3569\/revisions\/4729"}],"wp:attachment":[{"href":"https:\/\/housebook-solutions.com\/ar\/wp-json\/wp\/v2\/media?parent=3569"}],"curies":[{"name":"wp","href":"https:\/\/api.w.org\/{rel}","templated":true}]}}