{"id":3997,"date":"2022-09-01T13:01:16","date_gmt":"2022-09-01T11:01:16","guid":{"rendered":"https:\/\/aed39d6b-c452-4f65-a5e4-4242a2f27b98.h3.conves.io\/?page_id=3997"},"modified":"2024-08-20T10:52:56","modified_gmt":"2024-08-20T08:52:56","slug":"versicherungsgesellschaften","status":"publish","type":"page","link":"https:\/\/housebook-solutions.com\/ar\/versicherungsgesellschaften\/","title":{"rendered":"\u0634\u0631\u0643\u0627\u062a \u0627\u0644\u062a\u0623\u0645\u064a\u0646"},"content":{"rendered":"<h6>\u062a\u0642\u064a\u064a\u0645 \u0627\u0644\u0645\u062e\u0627\u0637\u0631 \u0644\u0635\u0627\u0644\u062d \u0634\u0631\u0643\u0627\u062a \u0627\u0644\u062a\u0623\u0645\u064a\u0646<\/h6>\n<h2>\n\t\t\u0634\u0631\u0643\u0627\u062a \u0627\u0644\u062a\u0623\u0645\u064a\u0646\n\t<\/h2>\n\t<h5>PLANEN SIE, VERSCHIEDENE RISIKEN DIGITAL ZU ANALYSIEREN?<\/h5>\n<p>Mit einem fortschrittlichen Tool wie HOUSEBOOK analysieren Sie effizient die digitalen Risiken Ihres Unternehmens und dokumentieren den technischen Zustand der zu versichernden Immobilie.<\/p>\n\t\t\t<video src=\"https:\/\/housebook-solutions.com\/wp-content\/uploads\/2022\/09\/iphone-Versicherungen.mp4\" autoplay=\"\" webkit-playsinline=\"\" playsinline=\"\" loop=\"\" controls=\"\" muted=\"muted\" controlslist=\"nodownload\" poster=\"\" preload=\"none\"><\/video>\n<h3>\n\t\t\u0641\u0648\u0627\u0626\u062f \u0644\u0634\u0631\u0643\u0627\u062a \u0627\u0644\u062a\u0623\u0645\u064a\u0646\n\t<\/h3>\n\t<ul>\n\t\t\t<li>\n\t\t\t\tAutomatisierte Analysen\n\t\t\t<\/li>\n\t\t\t<li>\n\t\t\t\tRisikobewertung in Echtzeit\n\t\t\t<\/li>\n\t\t\t<li>\n\t\t\t\tTransparente Informationen\n\t\t\t<\/li>\n\t\t<\/ul>\n\t<ul>\n\t\t\t<li>\n\t\t\t\tVermeidung von Schadensf\u00e4llen\n\t\t\t<\/li>\n\t\t\t<li>\n\t\t\t\tDetaillierte Berichte\n\t\t\t<\/li>\n\t\t<\/ul>\n\t<h4>\u0645\u0639 Housebook\u060c \u0644\u0627 \u062a\u062e\u0637\u0637 \u0641\u0642\u0637 \u0644\u0645\u0647\u0627\u0645 \u0645\u0648\u0638\u0641\u064a\u0643\u060c \u0628\u0644 \u062a\u0636\u0645\u0646 \u0623\u064a\u0636\u064b\u0627 \u0623\u0646 \u064a\u062a\u0645 \u062a\u0646\u0641\u064a\u0630\u0647\u0627 \u0628\u0623\u0645\u0627\u0646 \u0648\u0641\u064a \u0627\u0644\u0648\u0642\u062a \u0627\u0644\u0645\u062d\u062f\u062f.<\/h4>\n\t<h6>\u0633\u064a\u0635\u0628\u062d \u0645\u0631\u0627\u0642\u0628\u0629 \u0639\u0645\u0644\u064a\u0629 \u0627\u0644\u0627\u0633\u062a\u062b\u0645\u0627\u0631 \u0623\u0643\u062b\u0631 \u062a\u0631\u0627\u0628\u0637\u064b\u0627 \u0648\u062a\u0646\u0638\u064a\u0645\u064b\u0627 \u0648\u0641\u0639\u0627\u0644\u064a\u0629 \u0628\u0641\u0636\u0644 \u0627\u0644\u0623\u062f\u0648\u0627\u062a \u0627\u0644\u0631\u0642\u0645\u064a\u0629. \u0628\u0637\u0631\u064a\u0642\u0629 \u0622\u0645\u0646\u0629 \u0648\u0634\u0641\u0627\u0641\u0629 \u0644\u062c\u0645\u064a\u0639 \u0623\u0639\u0636\u0627\u0621 \u0627\u0644\u0641\u0631\u064a\u0642\u060c \u0633\u062a\u062e\u0637\u0637 \u0644\u0639\u0645\u0644\u0643 \u0648\u062a\u0648\u0641\u0631 \u0648\u062b\u0627\u0626\u0642 \u0643\u0627\u0645\u0644\u0629 \u0644\u0639\u0645\u0644\u064a\u0629 \u0627\u0644\u0627\u0633\u062a\u062b\u0645\u0627\u0631. \u0644\u0627 \u062a\u0633\u0645\u062d \u0644\u0644\u0645\u0647\u0645\u0629 \u0627\u0644\u0645\u0633\u0624\u0648\u0644\u0629 \u0627\u0644\u062a\u064a \u062a\u0642\u0639 \u0623\u0645\u0627\u0645\u0643 \u0628\u062a\u0634\u0643\u064a\u0644 \u062a\u062d\u062f\u064a\u064b\u0627 \u0643\u0628\u064a\u0631\u064b\u0627.<\/h6>","protected":false},"excerpt":{"rendered":"<p>Risikobewertung f\u00fcr Versicherungs&shy;gesellschaften PLANEN SIE, VERSCHIEDENE RISIKEN DIGITAL ZU ANALYSIEREN? Mit einem fortschrittlichen Tool wie HOUSEBOOK analysieren Sie effizient die digitalen Risiken Ihres Unternehmens und dokumentieren den technischen Zustand der zu versichernden Immobilie. Vorteile f\u00fcr Versicherungs&shy;gesellschaften Automatisierte Analysen Risikobewertung in Echtzeit Transparente Informationen Vermeidung von Schadensf\u00e4llen Detaillierte Berichte Mit HOUSEBOOK planen Sie nicht nur die &#8230; <a title=\"\u0634\u0631\u0643\u0627\u062a \u0627\u0644\u062a\u0623\u0645\u064a\u0646\" class=\"read-more\" href=\"https:\/\/housebook-solutions.com\/ar\/versicherungsgesellschaften\/\" aria-label=\"Read more about Versicherungs&shy;gesellschaften\">\u0627\u0642\u0631\u0623 \u0627\u0644\u0645\u0632\u064a\u062f<\/a><\/p>","protected":false},"author":3,"featured_media":0,"parent":0,"menu_order":0,"comment_status":"closed","ping_status":"closed","template":"","meta":{"inline_featured_image":false,"footnotes":""},"class_list":["post-3997","page","type-page","status-publish"],"yoast_head":"<!-- This site is optimized with the Yoast SEO plugin v23.1 - https:\/\/yoast.com\/wordpress\/plugins\/seo\/ -->\n<title>Versicherungs&shy;gesellschaften - Housebook | Die App f\u00fcr Baudokumentation &amp; Geb\u00e4udeverwaltung<\/title>\n<meta name=\"robots\" content=\"index, follow, max-snippet:-1, max-image-preview:large, max-video-preview:-1\" \/>\n<link rel=\"canonical\" href=\"https:\/\/housebook-solutions.com\/ar\/versicherungsgesellschaften\/\" \/>\n<meta property=\"og:locale\" content=\"ar_AR\" \/>\n<meta property=\"og:type\" content=\"article\" \/>\n<meta property=\"og:title\" content=\"Versicherungs&shy;gesellschaften - Housebook | Die App f\u00fcr Baudokumentation &amp; Geb\u00e4udeverwaltung\" \/>\n<meta property=\"og:description\" content=\"Risikobewertung f\u00fcr Versicherungs&shy;gesellschaften PLANEN SIE, VERSCHIEDENE RISIKEN DIGITAL ZU ANALYSIEREN? Mit einem fortschrittlichen Tool wie HOUSEBOOK analysieren Sie effizient die digitalen Risiken Ihres Unternehmens und dokumentieren den technischen Zustand der zu versichernden Immobilie. Vorteile f\u00fcr Versicherungs&shy;gesellschaften Automatisierte Analysen Risikobewertung in Echtzeit Transparente Informationen Vermeidung von Schadensf\u00e4llen Detaillierte Berichte Mit HOUSEBOOK planen Sie nicht nur die ... \u0627\u0642\u0631\u0623 \u0627\u0644\u0645\u0632\u064a\u062f\" \/>\n<meta property=\"og:url\" content=\"https:\/\/housebook-solutions.com\/ar\/versicherungsgesellschaften\/\" \/>\n<meta property=\"og:site_name\" content=\"Housebook | Die App f\u00fcr Baudokumentation &amp; Geb\u00e4udeverwaltung\" \/>\n<meta property=\"article:publisher\" content=\"https:\/\/www.facebook.com\/people\/Housebook-GmbH\/100064052342719\/\" \/>\n<meta property=\"article:modified_time\" content=\"2024-08-20T08:52:56+00:00\" \/>\n<meta name=\"twitter:card\" content=\"summary_large_image\" \/>\n<meta name=\"twitter:site\" content=\"@housebook_app\" \/>\n<script type=\"application\/ld+json\" class=\"yoast-schema-graph\">{\"@context\":\"https:\/\/schema.org\",\"@graph\":[{\"@type\":\"WebPage\",\"@id\":\"https:\/\/housebook-solutions.com\/versicherungsgesellschaften\/\",\"url\":\"https:\/\/housebook-solutions.com\/versicherungsgesellschaften\/\",\"name\":\"Versicherungs&shy;gesellschaften - Housebook | Die App f\u00fcr Baudokumentation &amp; Geb\u00e4udeverwaltung\",\"isPartOf\":{\"@id\":\"https:\/\/housebook-solutions.com\/#website\"},\"datePublished\":\"2022-09-01T11:01:16+00:00\",\"dateModified\":\"2024-08-20T08:52:56+00:00\",\"breadcrumb\":{\"@id\":\"https:\/\/housebook-solutions.com\/versicherungsgesellschaften\/#breadcrumb\"},\"inLanguage\":\"ar\",\"potentialAction\":[{\"@type\":\"ReadAction\",\"target\":[\"https:\/\/housebook-solutions.com\/versicherungsgesellschaften\/\"]}]},{\"@type\":\"BreadcrumbList\",\"@id\":\"https:\/\/housebook-solutions.com\/versicherungsgesellschaften\/#breadcrumb\",\"itemListElement\":[{\"@type\":\"ListItem\",\"position\":1,\"name\":\"Startseite\",\"item\":\"https:\/\/housebook-solutions.com\/\"},{\"@type\":\"ListItem\",\"position\":2,\"name\":\"Versicherungs&shy;gesellschaften\"}]},{\"@type\":\"WebSite\",\"@id\":\"https:\/\/housebook-solutions.com\/#website\",\"url\":\"https:\/\/housebook-solutions.com\/\",\"name\":\"Housebook | Die App f\u00fcr Baudokumentation &amp; Geb\u00e4udeverwaltung\",\"description\":\"HOUSEBOOK ist ein Werkzeug, das aus einer Control-Software und einer mobilen App besteht. Das intuitive Panel erm\u00f6glicht die Erstellung der gesamten Dokumentation eines Investitions- und Bauprozesses an einem Ort.\",\"publisher\":{\"@id\":\"https:\/\/housebook-solutions.com\/#organization\"},\"potentialAction\":[{\"@type\":\"SearchAction\",\"target\":{\"@type\":\"EntryPoint\",\"urlTemplate\":\"https:\/\/housebook-solutions.com\/?s={search_term_string}\"},\"query-input\":\"required name=search_term_string\"}],\"inLanguage\":\"ar\"},{\"@type\":\"Organization\",\"@id\":\"https:\/\/housebook-solutions.com\/#organization\",\"name\":\"Housebook GmbH\",\"url\":\"https:\/\/housebook-solutions.com\/\",\"logo\":{\"@type\":\"ImageObject\",\"inLanguage\":\"ar\",\"@id\":\"https:\/\/housebook-solutions.com\/#\/schema\/logo\/image\/\",\"url\":\"https:\/\/housebook-solutions.com\/wp-content\/uploads\/2023\/04\/housebook-2023-primaryLogo.svg\",\"contentUrl\":\"https:\/\/housebook-solutions.com\/wp-content\/uploads\/2023\/04\/housebook-2023-primaryLogo.svg\",\"width\":\"1024\",\"height\":\"1024\",\"caption\":\"Housebook GmbH\"},\"image\":{\"@id\":\"https:\/\/housebook-solutions.com\/#\/schema\/logo\/image\/\"},\"sameAs\":[\"https:\/\/www.facebook.com\/people\/Housebook-GmbH\/100064052342719\/\",\"https:\/\/x.com\/housebook_app\",\"https:\/\/www.linkedin.com\/company\/housebook-gmbh\/\"]}]}<\/script>\n<!-- \/ Yoast SEO plugin. -->","yoast_head_json":{"title":"Versicherungs&shy;gesellschaften - Housebook | Die App f\u00fcr Baudokumentation &amp; Geb\u00e4udeverwaltung","robots":{"index":"index","follow":"follow","max-snippet":"max-snippet:-1","max-image-preview":"max-image-preview:large","max-video-preview":"max-video-preview:-1"},"canonical":"https:\/\/housebook-solutions.com\/ar\/versicherungsgesellschaften\/","og_locale":"ar_AR","og_type":"article","og_title":"Versicherungs&shy;gesellschaften - Housebook | Die App f\u00fcr Baudokumentation &amp; Geb\u00e4udeverwaltung","og_description":"Risikobewertung f\u00fcr Versicherungs&shy;gesellschaften PLANEN SIE, VERSCHIEDENE RISIKEN DIGITAL ZU ANALYSIEREN? Mit einem fortschrittlichen Tool wie HOUSEBOOK analysieren Sie effizient die digitalen Risiken Ihres Unternehmens und dokumentieren den technischen Zustand der zu versichernden Immobilie. Vorteile f\u00fcr Versicherungs&shy;gesellschaften Automatisierte Analysen Risikobewertung in Echtzeit Transparente Informationen Vermeidung von Schadensf\u00e4llen Detaillierte Berichte Mit HOUSEBOOK planen Sie nicht nur die ... \u0627\u0642\u0631\u0623 \u0627\u0644\u0645\u0632\u064a\u062f","og_url":"https:\/\/housebook-solutions.com\/ar\/versicherungsgesellschaften\/","og_site_name":"Housebook | Die App f\u00fcr Baudokumentation &amp; Geb\u00e4udeverwaltung","article_publisher":"https:\/\/www.facebook.com\/people\/Housebook-GmbH\/100064052342719\/","article_modified_time":"2024-08-20T08:52:56+00:00","twitter_card":"summary_large_image","twitter_site":"@housebook_app","schema":{"@context":"https:\/\/schema.org","@graph":[{"@type":"WebPage","@id":"https:\/\/housebook-solutions.com\/versicherungsgesellschaften\/","url":"https:\/\/housebook-solutions.com\/versicherungsgesellschaften\/","name":"Versicherungs&shy;gesellschaften - Housebook | Die App f\u00fcr Baudokumentation &amp; Geb\u00e4udeverwaltung","isPartOf":{"@id":"https:\/\/housebook-solutions.com\/#website"},"datePublished":"2022-09-01T11:01:16+00:00","dateModified":"2024-08-20T08:52:56+00:00","breadcrumb":{"@id":"https:\/\/housebook-solutions.com\/versicherungsgesellschaften\/#breadcrumb"},"inLanguage":"ar","potentialAction":[{"@type":"ReadAction","target":["https:\/\/housebook-solutions.com\/versicherungsgesellschaften\/"]}]},{"@type":"BreadcrumbList","@id":"https:\/\/housebook-solutions.com\/versicherungsgesellschaften\/#breadcrumb","itemListElement":[{"@type":"ListItem","position":1,"name":"Startseite","item":"https:\/\/housebook-solutions.com\/"},{"@type":"ListItem","position":2,"name":"Versicherungs&shy;gesellschaften"}]},{"@type":"WebSite","@id":"https:\/\/housebook-solutions.com\/#website","url":"https:\/\/housebook-solutions.com\/","name":"Housebook | Die App f\u00fcr Baudokumentation &amp; Geb\u00e4udeverwaltung","description":"HOUSEBOOK ist ein Werkzeug, das aus einer Control-Software und einer mobilen App besteht. Das intuitive Panel erm\u00f6glicht die Erstellung der gesamten Dokumentation eines Investitions- und Bauprozesses an einem Ort.","publisher":{"@id":"https:\/\/housebook-solutions.com\/#organization"},"potentialAction":[{"@type":"SearchAction","target":{"@type":"EntryPoint","urlTemplate":"https:\/\/housebook-solutions.com\/?s={search_term_string}"},"query-input":"required name=search_term_string"}],"inLanguage":"ar"},{"@type":"Organization","@id":"https:\/\/housebook-solutions.com\/#organization","name":"Housebook GmbH","url":"https:\/\/housebook-solutions.com\/","logo":{"@type":"ImageObject","inLanguage":"ar","@id":"https:\/\/housebook-solutions.com\/#\/schema\/logo\/image\/","url":"https:\/\/housebook-solutions.com\/wp-content\/uploads\/2023\/04\/housebook-2023-primaryLogo.svg","contentUrl":"https:\/\/housebook-solutions.com\/wp-content\/uploads\/2023\/04\/housebook-2023-primaryLogo.svg","width":"1024","height":"1024","caption":"Housebook GmbH"},"image":{"@id":"https:\/\/housebook-solutions.com\/#\/schema\/logo\/image\/"},"sameAs":["https:\/\/www.facebook.com\/people\/Housebook-GmbH\/100064052342719\/","https:\/\/x.com\/housebook_app","https:\/\/www.linkedin.com\/company\/housebook-gmbh\/"]}]}},"_links":{"self":[{"href":"https:\/\/housebook-solutions.com\/ar\/wp-json\/wp\/v2\/pages\/3997"}],"collection":[{"href":"https:\/\/housebook-solutions.com\/ar\/wp-json\/wp\/v2\/pages"}],"about":[{"href":"https:\/\/housebook-solutions.com\/ar\/wp-json\/wp\/v2\/types\/page"}],"author":[{"embeddable":true,"href":"https:\/\/housebook-solutions.com\/ar\/wp-json\/wp\/v2\/users\/3"}],"replies":[{"embeddable":true,"href":"https:\/\/housebook-solutions.com\/ar\/wp-json\/wp\/v2\/comments?post=3997"}],"version-history":[{"count":5,"href":"https:\/\/housebook-solutions.com\/ar\/wp-json\/wp\/v2\/pages\/3997\/revisions"}],"predecessor-version":[{"id":4859,"href":"https:\/\/housebook-solutions.com\/ar\/wp-json\/wp\/v2\/pages\/3997\/revisions\/4859"}],"wp:attachment":[{"href":"https:\/\/housebook-solutions.com\/ar\/wp-json\/wp\/v2\/media?parent=3997"}],"curies":[{"name":"wp","href":"https:\/\/api.w.org\/{rel}","templated":true}]}}