{"id":753,"date":"2022-03-09T13:10:36","date_gmt":"2022-03-09T12:10:36","guid":{"rendered":"https:\/\/aed39d6b-c452-4f65-a5e4-4242a2f27b98.h3.conves.io\/?page_id=753"},"modified":"2024-02-07T11:12:01","modified_gmt":"2024-02-07T10:12:01","slug":"app","status":"publish","type":"page","link":"https:\/\/housebook-solutions.com\/ar\/app\/","title":{"rendered":"\u062a\u0637\u0628\u064a\u0642"},"content":{"rendered":"<h2>\u062a\u0637\u0628\u064a\u0642 Housebook<\/h2>\n\t<h6 class=\" translation-block\">\u062a\u0639\u062f \u062a\u0637\u0628\u064a\u0642 \u0647\u0627\u0648\u0633 \u0628\u0648\u0643 \u0627\u0644\u062e\u064a\u0627\u0631 \u0627\u0644\u0645\u062b\u0627\u0644\u064a \u0644\u0644\u0645\u0642\u0627\u0648\u0644\u064a\u0646\u060c \u0627\u0644\u0645\u0642\u0627\u0648\u0644\u064a\u0646 \u0627\u0644\u0639\u0627\u0645\u064a\u0646\u060c \u0627\u0644\u0645\u0647\u0646\u062f\u0633\u064a\u0646 \u0627\u0644\u0645\u0639\u0645\u0627\u0631\u064a\u064a\u0646\u060c \u0645\u0641\u062a\u0634\u064a \u0627\u0644\u0625\u0634\u0631\u0627\u0641\u060c \u0634\u0631\u0643\u0627\u062a \u0627\u0644\u062a\u0623\u0645\u064a\u0646\u060c \u0645\u062f\u064a\u0631\u064a \u0627\u0644\u0645\u0634\u0627\u0631\u064a\u0639\u060c \u0648\u0634\u0631\u0643\u0627\u062a \u0627\u0644\u062a\u0623\u0645\u064a\u0646 \u0648\u0645\u062f\u064a\u0631\u064a \u0627\u0644\u0645\u0628\u0627\u0646\u064a \u0627\u0644\u0630\u064a\u0646 \u064a\u0631\u063a\u0628\u0648\u0646 \u0641\u064a \u062c\u0639\u0644 \u0639\u0645\u0644\u0647\u0645 \u0623\u0643\u062b\u0631 \u0641\u0639\u0627\u0644\u064a\u0629 \u0648\u062a\u0633\u0647\u064a\u0644 \u0625\u062f\u0627\u0631\u0629 \u0643\u0644 \u0645\u0631\u062d\u0644\u0629 \u0645\u0646 \u0645\u0631\u0627\u062d\u0644 \u0627\u0644\u0627\u0633\u062a\u062b\u0645\u0627\u0631 \u0627\u0644\u0639\u0642\u0627\u0631\u064a. \u062a\u0639\u0631\u0651\u0641 \u0639\u0644\u0649 \u0643\u064a\u0641 \u064a\u0645\u0643\u0646 \u0644\u062a\u0637\u0628\u064a\u0642 HOUSEBOOK \u0623\u0646 \u064a\u0633\u0627\u0639\u062f\u0643 \u062e\u0644\u0627\u0644 \u0639\u0645\u0644\u064a\u0629 \u0627\u0644\u0628\u0646\u0627\u0621 \u0648\u0625\u062f\u0627\u0631\u0629 \u0627\u0644\u0639\u0642\u0627\u0631\u0627\u062a.<\/h6>\n\t\t\t<a href=\"https:\/\/itunes.apple.com\/de\/app\/housebook-app\/id1109844386?mt=8\" target=\"_blank\" rel=\"noopener\">\n\t\t\t\t\t\t\u062a\u0637\u0628\u064a\u0642 Android\n\t\t\t\t\t<\/a>\n\t\t\t<a href=\"https:\/\/play.google.com\/store\/apps\/details?id=at.bitstudios.housebook\" target=\"_blank\" rel=\"noopener\">\n\t\t\t\t\t\t\u062a\u0637\u0628\u064a\u0642 iOS\n\t\t\t\t\t<\/a>\n\t<img decoding=\"async\" id=\"change-image\" src=\"\/wp-content\/uploads\/2022\/03\/app-home2.jpg\" alt=\"Housebook App\" \/>\n\t<h6>\u0646\u0638\u0631\u0629 \u0639\u0627\u0645\u0629 \u0639\u0644\u0649 \u0645\u064a\u0632\u0627\u062a \u0627\u0644\u062a\u0637\u0628\u064a\u0642<\/h6>\n        <img decoding=\"async\" src=\"\/wp-content\/uploads\/2022\/03\/housebook-icons-locationTracking.svg\" alt=\"HOUSEBOOK App\" width=\"30\" \/>\n        <h3>\u062a\u0633\u062c\u064a\u0644 \u0627\u0644\u062f\u062e\u0648\u0644\u060c \u0645\u0633\u062d \u0631\u0645\u0632 \u0627\u0644\u0627\u0633\u062a\u062c\u0627\u0628\u0629 \u0627\u0644\u0633\u0631\u064a\u0639\u0629 (QR) \u0648\u062a\u062d\u062f\u064a\u062f \u0645\u0648\u0642\u0639\u0643<\/h3>\n        \u00dcber die an Ihrer Immobilie angebrachten QR-Codes melden Sie sich mit der Housebook App beim System an. Ihr Standort wird bestimmt &#8211; es kann losgehen! Ihre QR-Codes k\u00f6nnen Sie mit <a href=\"https:\/\/housebook-solutions.com\/ar\/control-de\/\">HOUSEBOOK CONTROL<\/a> erstellen.\n    \n        <img decoding=\"async\" src=\"\/wp-content\/uploads\/2022\/03\/housebook-icons-descriptions.svg\" alt=\"HOUSEBOOK App\" width=\"35\" \/>\n        <h3>\u062c\u0645\u064a\u0639 \u0627\u0644\u0648\u0635\u0641\u0627\u062a \u0641\u064a \u0646\u0638\u0631\u0629 \u0648\u0627\u062d\u062f\u0629<\/h3>\n        \u0644\u0627 \u062d\u0627\u062c\u0629 \u0644\u0644\u0628\u062d\u062b \u0644\u0641\u062a\u0631\u0629 \u0637\u0648\u064a\u0644\u0629! \u064a\u0645\u0643\u0646\u0643 \u0627\u0644\u0648\u0635\u0648\u0644 \u0625\u0644\u0649 \u062c\u0645\u064a\u0639 \u0627\u0644\u0648\u0635\u0641\u0627\u062a \u0641\u064a \u0623\u064a \u0648\u0642\u062a \u0648\u0641\u064a \u0623\u064a \u0645\u0643\u0627\u0646 \u0639\u0646\u062f \u062a\u0633\u062c\u064a\u0644 \u0627\u0644\u062f\u062e\u0648\u0644.\n    \n        <img decoding=\"async\" src=\"\/wp-content\/uploads\/2022\/03\/housebook-icons-documentation.svg\" alt=\"HOUSEBOOK App\" width=\"35\" \/>\n        <h3>\u0627\u0644\u0646\u0645\u0648\u0630\u062c \u0627\u0644\u0645\u0631\u0646 \u0644\u0648\u062b\u0627\u0626\u0642 \u0627\u0644\u0639\u0642\u0627\u0631\u0627\u062a<\/h3>\n        <p>\u064a\u0645\u0643\u0646 \u0637\u0628\u0627\u0639\u0629 \u0627\u0644\u0625\u062c\u0631\u0627\u0621\u0627\u062a \u0627\u0644\u0645\u062e\u0632\u0646\u0629 \u0644\u0643\u0644 \u0639\u0642\u0627\u0631 \u0628\u0623\u0634\u0643\u0627\u0644 \u0645\u062e\u062a\u0644\u0641\u0629. \u064a\u0645\u0643\u0646 \u0625\u0646\u0634\u0627\u0621 \u0648\u062d\u0641\u0638 \u0648\u0637\u0628\u0627\u0639\u0629 \u062c\u0645\u064a\u0639 \u0627\u0644\u0625\u062c\u0631\u0627\u0621\u0627\u062a \u0648\u0627\u0644\u062e\u0637\u0637 \u0648\u0627\u0644\u0635\u0648\u0631 \u0648\u0627\u0644\u062a\u0642\u0627\u0631\u064a\u0631 \u0628\u0645\u0631\u0648\u0646\u0629 \u062d\u0633\u0628 \u0643\u0644 \u0639\u0642\u0627\u0631.<\/p>\n        <img decoding=\"async\" src=\"\/wp-content\/uploads\/2022\/03\/housebook-icons-backup.svg\" alt=\"HOUSEBOOK App\" width=\"35\" \/>\n        <h3>\u0633\u0647\u0648\u0644\u0629 \u0646\u0633\u062e \u0627\u0644\u0628\u064a\u0627\u0646\u0627\u062a<\/h3>\n        <p class=\" translation-block\">\u064a\u062a\u0645 \u062c\u0645\u0639 \u0648\u062d\u0641\u0638 \u062c\u0645\u064a\u0639 \u0627\u0644\u0628\u064a\u0627\u0646\u0627\u062a \u0627\u0644\u0645\u0631\u062a\u0628\u0637\u0629 \u0628\u0631\u0645\u0632 \u0627\u0644\u0627\u0633\u062a\u062c\u0627\u0628\u0629 \u0627\u0644\u0633\u0631\u064a\u0639\u0629 (QR) \u0641\u064a \u0633\u062d\u0627\u0628\u0629 \u0627\u0644\u0625\u0646\u062a\u0631\u0646\u062a. \u0628\u0647\u0630\u0647 \u0627\u0644\u0637\u0631\u064a\u0642\u0629\u060c \u0644\u0627 \u062a\u0628\u0642\u0649 \u0627\u0644\u0628\u064a\u0627\u0646\u0627\u062a \u0645\u0631\u062a\u0628\u0637\u0629 \u0641\u0642\u0637 \u0628\u0627\u0644\u0639\u0642\u0627\u0631\u060c \u0648\u0644\u0643\u0646\u0647\u0627 \u0623\u064a\u0636\u064b\u0627 \u0644\u0627 \u062a\u0633\u062a\u0647\u0644\u0643 \u0645\u0633\u0627\u062d\u0629 \u0627\u0644\u062a\u062e\u0632\u064a\u0646 \u0639\u0644\u0649 \u0627\u0644\u0642\u0631\u0635 \u0627\u0644\u0635\u0644\u0628. \u064a\u062a\u0645 \u0645\u0632\u0627\u0645\u0646\u0629 \u062c\u0645\u064a\u0639 \u0627\u0644\u0628\u064a\u0627\u0646\u0627\u062a \u0645\u0639 Housebook Control \u0648\u064a\u0645\u0643\u0646 \u0627\u0644\u0648\u0635\u0648\u0644 \u0625\u0644\u064a\u0647\u0627 \u0641\u064a \u0623\u064a \u0648\u0642\u062a.<\/p>\n\t<h6>\u0645\u0632\u0627\u064a\u0627 \u0627\u0644\u062a\u0637\u0628\u064a\u0642:<\/h6>\n\t<h3>\u062a\u0639\u0631\u0651\u0641 \u0639\u0644\u0649 \u0643\u064a\u0641\u064a\u0629 \u0645\u0631\u0627\u0642\u0628\u0629 \u0627\u0644\u0639\u064a\u0648\u0628 \u0641\u064a \u0645\u0648\u0642\u0639 \u0627\u0644\u0628\u0646\u0627\u0621 \u0623\u0648 \u0641\u064a \u0627\u0644\u0645\u0628\u0627\u0646\u064a \u0627\u0644\u0642\u0627\u0626\u0645\u0629 \u0628\u0627\u0633\u062a\u062e\u062f\u0627\u0645 \u062c\u0647\u0627\u0632\u0643 \u0627\u0644\u0646\u0642\u0627\u0644.<\/h3>\n\t<a href=\"https:\/\/control.housebook-solutions.com\/#signup\/de\" target=\"_blank\" rel=\"noopener\">\u062c\u0631\u0651\u0628 \u062c\u0645\u064a\u0639 \u0627\u0644\u0645\u064a\u0632\u0627\u062a \u0627\u0644\u0622\u0646 \u0645\u062c\u0627\u0646\u0627\u064b.<\/a>\n        \u0660\u0661\n        <h4>\u0627\u0644\u0645\u0631\u0627\u0642\u0628\u0629<\/h4>\n        Kontrolle der aktuellen Phase und der mit der Beseitigung von M\u00e4ngeln verbundenen Arbeitsfortschritte.\n\n        a02\n        <h4>\u0627\u0644\u0643\u0641\u0627\u0621\u0629<\/h4>\n<p>\u0632\u064a\u0627\u062f\u0629 \u0627\u0644\u0631\u0628\u062d\u064a\u0629 \u0645\u0646 \u0627\u0644\u0627\u0633\u062a\u062b\u0645\u0627\u0631 \u0639\u0646 \u0637\u0631\u064a\u0642 \u0625\u062f\u0627\u0631\u0629 \u0641\u0639\u0627\u0644\u0629 \u0644\u062a\u062d\u062f\u064a\u062f \u0627\u0644\u0639\u064a\u0648\u0628 \u0648\u0625\u0632\u0627\u0644\u062a\u0647\u0627.<\/p>\n        \u0660\u0663\n        <h4>\u0627\u0644\u062a\u0648\u062b\u064a\u0642<\/h4>\nBlitzschnelle Dokumentation von Inspektionen aller Art und der Abnahme von Arbeiten.\n\n        a04\n        <h4>\u0631\u0645\u0632 \u0627\u0644\u0627\u0633\u062a\u062c\u0627\u0628\u0629 \u0627\u0644\u0633\u0631\u064a\u0639\u0629 QR<\/h4>\n<p>\u0627\u0644\u062a\u0639\u0631\u0641 \u0639\u0644\u0649 \u0643\u0644 \u0639\u0642\u0627\u0631 \u0641\u064a \u063a\u0636\u0648\u0646 \u062b\u0648\u0627\u0646\u064d.<\/p>\n        \u0660\u0665\n        <h4>\u0627\u0644\u0628\u062f\u064a\u0647\u064a\u0629<\/h4>\n<p>\u0625\u0646\u062c\u0627\u0632 \u0633\u0647\u0644 \u0644\u0642\u0628\u0648\u0644 \u0627\u0644\u0634\u0642\u0642 \u0627\u0644\u0633\u0643\u0646\u064a\u0629\u060c \u0648\u0627\u0644\u0641\u062d\u0648\u0635\u0627\u062a\u060c \u0648\u0642\u0628\u0648\u0644 \u0623\u0639\u0645\u0627\u0644 \u0627\u0644\u0628\u0646\u0627\u0621\u060c \u0648\u0642\u0628\u0648\u0644 \u0623\u062c\u0647\u0632\u0629 \u0627\u0644\u0633\u0644\u0627\u0645\u0629 \u0645\u0646 \u0627\u0644\u062d\u0631\u0627\u0626\u0642\u060c \u0648\u0625\u062c\u0631\u0627\u0621\u0627\u062a \u0627\u0644\u062a\u0641\u062a\u064a\u0634 \u0627\u0644\u0623\u0645\u0646\u064a\u0629.<\/p>\n        \u0660\u0666\n        <h4>\u0627\u0644\u0646\u0645\u0630\u062c\u0629 \u0627\u0644\u0627\u0639\u062a\u0645\u0627\u062f\u064a\u0629 \u0644\u0644\u0645\u0628\u0627\u0646\u064a \u062b\u0644\u0627\u062b\u064a\u0629 \u0627\u0644\u0623\u0628\u0639\u0627\u062f 3D BIM<\/h4>\n<p>\u0627\u0644\u0637\u0631\u064a\u0642\u0629 \u0627\u0644\u0623\u0648\u0644\u0649 \u0641\u064a \u0623\u0648\u0631\u0648\u0628\u0627 \u0644\u0631\u0628\u0637 \u0627\u0644\u0628\u0631\u0627\u0645\u062c \u0645\u0639 \u0646\u0645\u0627\u0630\u062c \u0627\u0644\u0645\u0628\u0627\u0646\u064a \u062b\u0644\u0627\u062b\u064a\u0629 \u0627\u0644\u0623\u0628\u0639\u0627\u062f 3D BIM.<\/p>\n\t<h3>\u0645\u0646 \u064a\u0633\u062a\u0641\u064a\u062f \u0645\u0646 Housebook\u061f<\/h3>\n        <a href=\"https:\/\/housebook-solutions.com\/ar\/bautraeger\/\"><img decoding=\"async\" src=\"\/wp-content\/uploads\/2022\/03\/housebook-icons-controlPlatform.svg\" alt=\"HOUSEBOOK App\" width=\"35\" \/><br \/>Bau&shy;tr\u00e4ger &#038; Inves&shy;toren<\/a>\n        <a href=\"https:\/\/housebook-solutions.com\/ar\/generalunternehmer\/\"><img decoding=\"async\" src=\"\/wp-content\/uploads\/2022\/03\/housebook-icons-realEstate1.svg\" alt=\"HOUSEBOOK App\" width=\"35\" \/><br \/>General&shy;unternehmer &#038; \u00d6BA<\/a>\n        <a href=\"https:\/\/housebook-solutions.com\/ar\/architekten\/\"><img decoding=\"async\" src=\"\/wp-content\/uploads\/2022\/03\/housebook-icons-architects1.svg\" alt=\"HOUSEBOOK App\" width=\"32\" \/><br \/>Architekten &#038; Immo&shy;bilien&shy;ent&shy;wickler<\/a>\n        <a href=\"https:\/\/housebook-solutions.com\/ar\/sicherheitsfachkraefte\/\"><img decoding=\"async\" src=\"\/wp-content\/uploads\/2022\/03\/housebook-icons-inspectors1.svg\" alt=\"HOUSEBOOK App\" width=\"30\" \/><br \/>\u0627\u0644\u0645\u062a\u062e\u0635\u0635\u0648\u0646 \u0641\u064a \u0627\u0644\u0623\u0645\u0646 \u0648\u0627\u0644\u0633\u0644\u0627\u0645\u0629<\/a>\n        <a href=\"https:\/\/housebook-solutions.com\/ar\/immobilienverwalter\/\"><img decoding=\"async\" src=\"\/wp-content\/uploads\/2022\/03\/housebook-icons-propertyManagers.svg\" alt=\"HOUSEBOOK App\" width=\"40\" \/><br \/>\u0645\u062f\u0631\u0627\u0621 \u0627\u0644\u0639\u0642\u0627\u0631\u0627\u062a \u0627\u0644\u062a\u0642\u0646\u064a\u0629<\/a>\n        <a href=\"https:\/\/housebook-solutions.com\/ar\/versicherungsgesellschaften\/\"><img decoding=\"async\" src=\"\/wp-content\/uploads\/2022\/03\/housebook-icons-insurance.svg\" alt=\"HOUSEBOOK App\" width=\"40\" \/><br \/>\u0634\u0631\u0643\u0627\u062a \u0627\u0644\u062a\u0623\u0645\u064a\u0646<\/a>\n    <a href=\"https:\/\/control.housebook-solutions.com\/#signup\/de\" target=\"_blank\" rel=\"noopener\">\u0633\u062c\u0644 \u0645\u062c\u0627\u0646\u0627\u064b \u0627\u0644\u0622\u0646 \u0648\u0627\u0628\u062f\u0623 \u0641\u064a \u0645\u0634\u0631\u0648\u0639\u0643 \u0627\u0644\u0623\u0648\u0644.<\/a>","protected":false},"excerpt":{"rendered":"<p>Housebook App Housebook ist die perfekte App f\u00fcr Bautr\u00e4ger, Generalunternehmer, Architekten, Aufsichtsinspektoren, Versicherungsgesellschaften, Bauleiter, Versicherungsunternehmen und Geb\u00e4udeverwalter, die ihre Arbeit effektiver macht und die Verwaltung jeder Phase einer Bauinvestition erleichtert. Sehen Sie sich an, wie die HOUSEBOOK App w\u00e4hrend des Bauprozesses und bei der Immobilienverwaltung behilflich sein kann. iOS app Android app App-Funktionen im \u00dcberblick &#8230; <a title=\"\u062a\u0637\u0628\u064a\u0642\" class=\"read-more\" href=\"https:\/\/housebook-solutions.com\/ar\/app\/\" aria-label=\"Read more about App\">\u0627\u0642\u0631\u0623 \u0627\u0644\u0645\u0632\u064a\u062f<\/a><\/p>","protected":false},"author":3,"featured_media":0,"parent":0,"menu_order":0,"comment_status":"closed","ping_status":"closed","template":"","meta":{"inline_featured_image":false,"footnotes":""},"class_list":["post-753","page","type-page","status-publish"],"yoast_head":"<!-- This site is optimized with the Yoast SEO plugin v23.1 - https:\/\/yoast.com\/wordpress\/plugins\/seo\/ -->\n<title>App - Housebook | Die App f\u00fcr Baudokumentation &amp; Geb\u00e4udeverwaltung<\/title>\n<meta name=\"robots\" content=\"index, follow, max-snippet:-1, max-image-preview:large, max-video-preview:-1\" \/>\n<link rel=\"canonical\" href=\"https:\/\/housebook-solutions.com\/ar\/app\/\" \/>\n<meta property=\"og:locale\" content=\"ar_AR\" \/>\n<meta property=\"og:type\" content=\"article\" \/>\n<meta property=\"og:title\" content=\"App - Housebook | Die App f\u00fcr Baudokumentation &amp; Geb\u00e4udeverwaltung\" \/>\n<meta property=\"og:description\" content=\"Housebook App Housebook ist die perfekte App f\u00fcr Bautr\u00e4ger, Generalunternehmer, Architekten, Aufsichtsinspektoren, Versicherungsgesellschaften, Bauleiter, Versicherungsunternehmen und Geb\u00e4udeverwalter, die ihre Arbeit effektiver macht und die Verwaltung jeder Phase einer Bauinvestition erleichtert. Sehen Sie sich an, wie die HOUSEBOOK App w\u00e4hrend des Bauprozesses und bei der Immobilienverwaltung behilflich sein kann. iOS app Android app App-Funktionen im \u00dcberblick ... \u0627\u0642\u0631\u0623 \u0627\u0644\u0645\u0632\u064a\u062f\" \/>\n<meta property=\"og:url\" content=\"https:\/\/housebook-solutions.com\/ar\/app\/\" \/>\n<meta property=\"og:site_name\" content=\"Housebook | Die App f\u00fcr Baudokumentation &amp; Geb\u00e4udeverwaltung\" \/>\n<meta property=\"article:publisher\" content=\"https:\/\/www.facebook.com\/people\/Housebook-GmbH\/100064052342719\/\" \/>\n<meta property=\"article:modified_time\" content=\"2024-02-07T10:12:01+00:00\" \/>\n<meta name=\"twitter:card\" content=\"summary_large_image\" \/>\n<meta name=\"twitter:site\" content=\"@housebook_app\" \/>\n<script type=\"application\/ld+json\" class=\"yoast-schema-graph\">{\"@context\":\"https:\/\/schema.org\",\"@graph\":[{\"@type\":\"WebPage\",\"@id\":\"https:\/\/housebook-solutions.com\/app\/\",\"url\":\"https:\/\/housebook-solutions.com\/app\/\",\"name\":\"App - Housebook | Die App f\u00fcr Baudokumentation &amp; Geb\u00e4udeverwaltung\",\"isPartOf\":{\"@id\":\"https:\/\/housebook-solutions.com\/#website\"},\"datePublished\":\"2022-03-09T12:10:36+00:00\",\"dateModified\":\"2024-02-07T10:12:01+00:00\",\"breadcrumb\":{\"@id\":\"https:\/\/housebook-solutions.com\/app\/#breadcrumb\"},\"inLanguage\":\"ar\",\"potentialAction\":[{\"@type\":\"ReadAction\",\"target\":[\"https:\/\/housebook-solutions.com\/app\/\"]}]},{\"@type\":\"BreadcrumbList\",\"@id\":\"https:\/\/housebook-solutions.com\/app\/#breadcrumb\",\"itemListElement\":[{\"@type\":\"ListItem\",\"position\":1,\"name\":\"Startseite\",\"item\":\"https:\/\/housebook-solutions.com\/\"},{\"@type\":\"ListItem\",\"position\":2,\"name\":\"App\"}]},{\"@type\":\"WebSite\",\"@id\":\"https:\/\/housebook-solutions.com\/#website\",\"url\":\"https:\/\/housebook-solutions.com\/\",\"name\":\"Housebook | Die App f\u00fcr Baudokumentation &amp; Geb\u00e4udeverwaltung\",\"description\":\"HOUSEBOOK ist ein Werkzeug, das aus einer Control-Software und einer mobilen App besteht. Das intuitive Panel erm\u00f6glicht die Erstellung der gesamten Dokumentation eines Investitions- und Bauprozesses an einem Ort.\",\"publisher\":{\"@id\":\"https:\/\/housebook-solutions.com\/#organization\"},\"potentialAction\":[{\"@type\":\"SearchAction\",\"target\":{\"@type\":\"EntryPoint\",\"urlTemplate\":\"https:\/\/housebook-solutions.com\/?s={search_term_string}\"},\"query-input\":\"required name=search_term_string\"}],\"inLanguage\":\"ar\"},{\"@type\":\"Organization\",\"@id\":\"https:\/\/housebook-solutions.com\/#organization\",\"name\":\"Housebook GmbH\",\"url\":\"https:\/\/housebook-solutions.com\/\",\"logo\":{\"@type\":\"ImageObject\",\"inLanguage\":\"ar\",\"@id\":\"https:\/\/housebook-solutions.com\/#\/schema\/logo\/image\/\",\"url\":\"https:\/\/housebook-solutions.com\/wp-content\/uploads\/2023\/04\/housebook-2023-primaryLogo.svg\",\"contentUrl\":\"https:\/\/housebook-solutions.com\/wp-content\/uploads\/2023\/04\/housebook-2023-primaryLogo.svg\",\"width\":\"1024\",\"height\":\"1024\",\"caption\":\"Housebook GmbH\"},\"image\":{\"@id\":\"https:\/\/housebook-solutions.com\/#\/schema\/logo\/image\/\"},\"sameAs\":[\"https:\/\/www.facebook.com\/people\/Housebook-GmbH\/100064052342719\/\",\"https:\/\/x.com\/housebook_app\",\"https:\/\/www.linkedin.com\/company\/housebook-gmbh\/\"]}]}<\/script>\n<!-- \/ Yoast SEO plugin. -->","yoast_head_json":{"title":"App - Housebook | Die App f\u00fcr Baudokumentation &amp; Geb\u00e4udeverwaltung","robots":{"index":"index","follow":"follow","max-snippet":"max-snippet:-1","max-image-preview":"max-image-preview:large","max-video-preview":"max-video-preview:-1"},"canonical":"https:\/\/housebook-solutions.com\/ar\/app\/","og_locale":"ar_AR","og_type":"article","og_title":"App - Housebook | Die App f\u00fcr Baudokumentation &amp; Geb\u00e4udeverwaltung","og_description":"Housebook App Housebook ist die perfekte App f\u00fcr Bautr\u00e4ger, Generalunternehmer, Architekten, Aufsichtsinspektoren, Versicherungsgesellschaften, Bauleiter, Versicherungsunternehmen und Geb\u00e4udeverwalter, die ihre Arbeit effektiver macht und die Verwaltung jeder Phase einer Bauinvestition erleichtert. Sehen Sie sich an, wie die HOUSEBOOK App w\u00e4hrend des Bauprozesses und bei der Immobilienverwaltung behilflich sein kann. iOS app Android app App-Funktionen im \u00dcberblick ... \u0627\u0642\u0631\u0623 \u0627\u0644\u0645\u0632\u064a\u062f","og_url":"https:\/\/housebook-solutions.com\/ar\/app\/","og_site_name":"Housebook | Die App f\u00fcr Baudokumentation &amp; Geb\u00e4udeverwaltung","article_publisher":"https:\/\/www.facebook.com\/people\/Housebook-GmbH\/100064052342719\/","article_modified_time":"2024-02-07T10:12:01+00:00","twitter_card":"summary_large_image","twitter_site":"@housebook_app","schema":{"@context":"https:\/\/schema.org","@graph":[{"@type":"WebPage","@id":"https:\/\/housebook-solutions.com\/app\/","url":"https:\/\/housebook-solutions.com\/app\/","name":"App - Housebook | Die App f\u00fcr Baudokumentation &amp; Geb\u00e4udeverwaltung","isPartOf":{"@id":"https:\/\/housebook-solutions.com\/#website"},"datePublished":"2022-03-09T12:10:36+00:00","dateModified":"2024-02-07T10:12:01+00:00","breadcrumb":{"@id":"https:\/\/housebook-solutions.com\/app\/#breadcrumb"},"inLanguage":"ar","potentialAction":[{"@type":"ReadAction","target":["https:\/\/housebook-solutions.com\/app\/"]}]},{"@type":"BreadcrumbList","@id":"https:\/\/housebook-solutions.com\/app\/#breadcrumb","itemListElement":[{"@type":"ListItem","position":1,"name":"Startseite","item":"https:\/\/housebook-solutions.com\/"},{"@type":"ListItem","position":2,"name":"App"}]},{"@type":"WebSite","@id":"https:\/\/housebook-solutions.com\/#website","url":"https:\/\/housebook-solutions.com\/","name":"Housebook | Die App f\u00fcr Baudokumentation &amp; Geb\u00e4udeverwaltung","description":"HOUSEBOOK ist ein Werkzeug, das aus einer Control-Software und einer mobilen App besteht. Das intuitive Panel erm\u00f6glicht die Erstellung der gesamten Dokumentation eines Investitions- und Bauprozesses an einem Ort.","publisher":{"@id":"https:\/\/housebook-solutions.com\/#organization"},"potentialAction":[{"@type":"SearchAction","target":{"@type":"EntryPoint","urlTemplate":"https:\/\/housebook-solutions.com\/?s={search_term_string}"},"query-input":"required name=search_term_string"}],"inLanguage":"ar"},{"@type":"Organization","@id":"https:\/\/housebook-solutions.com\/#organization","name":"Housebook GmbH","url":"https:\/\/housebook-solutions.com\/","logo":{"@type":"ImageObject","inLanguage":"ar","@id":"https:\/\/housebook-solutions.com\/#\/schema\/logo\/image\/","url":"https:\/\/housebook-solutions.com\/wp-content\/uploads\/2023\/04\/housebook-2023-primaryLogo.svg","contentUrl":"https:\/\/housebook-solutions.com\/wp-content\/uploads\/2023\/04\/housebook-2023-primaryLogo.svg","width":"1024","height":"1024","caption":"Housebook GmbH"},"image":{"@id":"https:\/\/housebook-solutions.com\/#\/schema\/logo\/image\/"},"sameAs":["https:\/\/www.facebook.com\/people\/Housebook-GmbH\/100064052342719\/","https:\/\/x.com\/housebook_app","https:\/\/www.linkedin.com\/company\/housebook-gmbh\/"]}]}},"_links":{"self":[{"href":"https:\/\/housebook-solutions.com\/ar\/wp-json\/wp\/v2\/pages\/753"}],"collection":[{"href":"https:\/\/housebook-solutions.com\/ar\/wp-json\/wp\/v2\/pages"}],"about":[{"href":"https:\/\/housebook-solutions.com\/ar\/wp-json\/wp\/v2\/types\/page"}],"author":[{"embeddable":true,"href":"https:\/\/housebook-solutions.com\/ar\/wp-json\/wp\/v2\/users\/3"}],"replies":[{"embeddable":true,"href":"https:\/\/housebook-solutions.com\/ar\/wp-json\/wp\/v2\/comments?post=753"}],"version-history":[{"count":12,"href":"https:\/\/housebook-solutions.com\/ar\/wp-json\/wp\/v2\/pages\/753\/revisions"}],"predecessor-version":[{"id":4727,"href":"https:\/\/housebook-solutions.com\/ar\/wp-json\/wp\/v2\/pages\/753\/revisions\/4727"}],"wp:attachment":[{"href":"https:\/\/housebook-solutions.com\/ar\/wp-json\/wp\/v2\/media?parent=753"}],"curies":[{"name":"wp","href":"https:\/\/api.w.org\/{rel}","templated":true}]}}