{"id":1328,"date":"2022-03-11T20:10:19","date_gmt":"2022-03-11T19:10:19","guid":{"rendered":"https:\/\/aed39d6b-c452-4f65-a5e4-4242a2f27b98.h3.conves.io\/?page_id=1328"},"modified":"2024-02-06T14:18:06","modified_gmt":"2024-02-06T13:18:06","slug":"control-de","status":"publish","type":"page","link":"https:\/\/housebook-solutions.com\/en\/control-de\/","title":{"rendered":"Control"},"content":{"rendered":"<h2>Housebook Control<\/h2>\n\t<h6>Housebook control allows you to create a project structure and build a full archive of the investment process. Each authorised user may introduce changes in real time, which are immediately visible. in this way you will achieve better results of the whole team.\n<\/h6>\n\t\t\t<a href=\"https:\/\/control.housebook-solutions.com\/#signup\/de\" target=\"_blank\" rel=\"noopener\">\n\t\t\t\t\t\tRegister for free trial\n\t\t\t\t\t<\/a>\n\t<img decoding=\"async\" id=\"change-image\" src=\"\/wp-content\/uploads\/2022\/03\/control-01.jpg\" alt=\"HOUSEBOOK Control\" \/>\n\t<h6>Overview of Control Tools<\/h6>\n        <img decoding=\"async\" src=\"\/wp-content\/uploads\/2022\/03\/housebook-icons-locationTracking.svg\" alt=\"HOUSEBOOK Control\" width=\"30\" \/>\n        <h3>Location determination by QR-Code<\/h3>\n        By locating the exact position of the attached QR code is determined on the grounds and in the building, a complex search is no longer necessary. Defects, deficiencies, work to be carried out are thus easily assigned and documented.\n    \n        <img decoding=\"async\" src=\"\/wp-content\/uploads\/2022\/03\/housebook-icons-siteManagers2.svg\" alt=\"HOUSEBOOK Control\" width=\"35\" \/>\n        <h3>Building management<\/h3>\n        With Housebook Control you have the entire building management everywhere and always under control, through the cloud solution of access to their data is available worldwide. <br \/><br \/>By self-determination of the respective building structure is to make them in a simple manner possible the building management as individual as desired. The object security checks are permanently and cleanly documented.\n    \n        <img decoding=\"async\" src=\"\/wp-content\/uploads\/2022\/03\/housebook-icons-quality.svg\" alt=\"HOUSEBOOK Control\" width=\"35\" \/>\n        <h3>Quality check made easy<\/h3>\n        <p>The flexible real estate documentation. All processes stored for an object can be printed out in several ways. All processes and fields of operation can be created flexibly, stored and printed out for each property.<\/p>\n        <img decoding=\"async\" src=\"\/wp-content\/uploads\/2022\/03\/housebook-icons-reminder.svg\" alt=\"HOUSEBOOK Control\" width=\"35\" \/>\n        <h3>Auto sending reminder messages<\/h3>\n        <p>Remembrance notices allow Its easy handling reminders of appointments on deliverables, services, meter readings, etc. to convey in addition. This in turn simplifies the implementation and impacts of cost saving.<\/p>\n\t<h6>Advantages<\/h6>\n\t<h3>HOUSEBOOK Control allows you to create a project structure and build a full archive of the investment process.<\/h3>\n\t<a href=\"#\">Register for free trial<\/a>\n        a01\n        <h4>Accessibility<\/h4>\n        <p>Access to full investment documentation from any mobile device and computer worldwide.<\/p>\n        a02\n        <h4>Monitoring<\/h4>\nKontrolle der aktuellen Phase und der mit der Beseitigung von M\u00e4ngeln verbundenen Arbeitsfortschritte.\n\n        a03\n        <h4>Personalization<\/h4>\n<p>Possibility to import your own documentation archiving model and convenient use of the application.<\/p>\n        a04\n        <h4>Efficiency<\/h4>\n<p>Faster management of construction documentation.<\/p>\n        a05\n        <h4>Documenting<\/h4>\n<p>Instant documenting of various types of inspections and work acceptance procedures.<\/p>\n        a06\n        <h4>QR Code<\/h4>\n        <p>Generate QR codes for each property within seconds.<\/p>\n        a07\n        <h4>Planning<\/h4>\n<p>Planning and delegating defect removal tasks.<\/p>\n\t<h3>Who benefits from Housebook?<\/h3>\n        <a href=\"https:\/\/housebook-solutions.com\/en\/bautraeger\/\"><img decoding=\"async\" src=\"\/wp-content\/uploads\/2022\/03\/housebook-icons-controlPlatform.svg\" alt=\"HOUSEBOOK Control\" width=\"35\" \/><br \/>Bau&shy;tr\u00e4ger &#038; Inves&shy;toren<\/a>\n        <a href=\"https:\/\/housebook-solutions.com\/en\/generalunternehmer\/\"><img decoding=\"async\" src=\"\/wp-content\/uploads\/2022\/03\/housebook-icons-realEstate1.svg\" alt=\"HOUSEBOOK Control\" width=\"35\" \/><br \/>General&shy;unternehmer &#038; \u00d6BA<\/a>\n        <a href=\"https:\/\/housebook-solutions.com\/en\/architekten\/\"><img decoding=\"async\" src=\"\/wp-content\/uploads\/2022\/03\/housebook-icons-architects1.svg\" alt=\"HOUSEBOOK Control\" width=\"32\" \/><br \/>Architekten &#038; Immo&shy;bilien&shy;ent&shy;wickler<\/a>\n        <a href=\"https:\/\/housebook-solutions.com\/en\/sicherheitsfachkraefte\/\"><img decoding=\"async\" src=\"\/wp-content\/uploads\/2022\/03\/housebook-icons-inspectors1.svg\" alt=\"HOUSEBOOK Control\" width=\"30\" \/><br \/>SAFETY SPECIALISTS<\/a>\n        <a href=\"https:\/\/housebook-solutions.com\/en\/immobilienverwalter\/\"><img decoding=\"async\" src=\"\/wp-content\/uploads\/2022\/03\/housebook-icons-propertyManagers.svg\" alt=\"HOUSEBOOK Control\" width=\"40\" \/><br \/>Technical property managers<\/a>\n        <a href=\"https:\/\/housebook-solutions.com\/en\/versicherungsgesellschaften\/\"><img decoding=\"async\" src=\"\/wp-content\/uploads\/2022\/03\/housebook-icons-insurance.svg\" alt=\"HOUSEBOOK Control\" width=\"40\" \/><br \/>INSURANCE COMPANIES<\/a>\n    <a href=\"https:\/\/control.housebook-solutions.com\/#signup\/de\" target=\"_blank\" rel=\"noopener\">REGISTER FOR FREE and start your first project<\/a>","protected":false},"excerpt":{"rendered":"<p>Housebook Control HOUSEBOOK Control erm\u00f6glicht den Aufbau einer Projektstruktur und Erstellung eines l\u00fcckenlosen Archivs f\u00fcr einen Bau- und Investitionsprozess. Die laufend eingef\u00fchrten \u00c4nderungen werden sofort sichtbar, was die Arbeit des gesamten Teams effizienter macht, das Zugang zu Housebook Control hat. Kostenlos testen Control-Funktionen im \u00dcberblick Ortsbestimmung durch QR-Code Durch die Ortsbestimmung wird die genaue Lage &#8230; <a title=\"Control\" class=\"read-more\" href=\"https:\/\/housebook-solutions.com\/en\/control-de\/\" aria-label=\"Read more about Control\">Read more<\/a><\/p>","protected":false},"author":3,"featured_media":0,"parent":0,"menu_order":0,"comment_status":"closed","ping_status":"closed","template":"","meta":{"inline_featured_image":false,"footnotes":""},"class_list":["post-1328","page","type-page","status-publish"],"yoast_head":"<!-- This site is optimized with the Yoast SEO plugin v23.1 - https:\/\/yoast.com\/wordpress\/plugins\/seo\/ -->\n<title>Housebook Control - Baudokumentation &amp; Geb\u00e4udeverwaltung<\/title>\n<meta name=\"description\" content=\"HOUSEBOOK Control erm\u00f6glicht den Aufbau einer Projektstruktur und Erstellung eines l\u00fcckenlosen Archivs f\u00fcr einen Bau- und Investitionsprozess. Die laufend eingef\u00fchrten \u00c4nderungen ...\" \/>\n<meta name=\"robots\" content=\"index, follow, max-snippet:-1, max-image-preview:large, max-video-preview:-1\" \/>\n<link rel=\"canonical\" href=\"https:\/\/housebook-solutions.com\/en\/control-de\/\" \/>\n<meta property=\"og:locale\" content=\"en_GB\" \/>\n<meta property=\"og:type\" content=\"article\" \/>\n<meta property=\"og:title\" content=\"Housebook Control - Baudokumentation &amp; Geb\u00e4udeverwaltung\" \/>\n<meta property=\"og:description\" content=\"HOUSEBOOK Control erm\u00f6glicht den Aufbau einer Projektstruktur und Erstellung eines l\u00fcckenlosen Archivs f\u00fcr einen Bau- und Investitionsprozess. Die laufend eingef\u00fchrten \u00c4nderungen ...\" \/>\n<meta property=\"og:url\" content=\"https:\/\/housebook-solutions.com\/en\/control-de\/\" \/>\n<meta property=\"og:site_name\" content=\"Housebook | Die App f\u00fcr Baudokumentation &amp; Geb\u00e4udeverwaltung\" \/>\n<meta property=\"article:publisher\" content=\"https:\/\/www.facebook.com\/people\/Housebook-GmbH\/100064052342719\/\" \/>\n<meta property=\"article:modified_time\" content=\"2024-02-06T13:18:06+00:00\" \/>\n<meta name=\"twitter:card\" content=\"summary_large_image\" \/>\n<meta name=\"twitter:site\" content=\"@housebook_app\" \/>\n<script type=\"application\/ld+json\" class=\"yoast-schema-graph\">{\"@context\":\"https:\/\/schema.org\",\"@graph\":[{\"@type\":\"WebPage\",\"@id\":\"https:\/\/housebook-solutions.com\/control-de\/\",\"url\":\"https:\/\/housebook-solutions.com\/control-de\/\",\"name\":\"Housebook Control - Baudokumentation & Geb\u00e4udeverwaltung\",\"isPartOf\":{\"@id\":\"https:\/\/housebook-solutions.com\/#website\"},\"datePublished\":\"2022-03-11T19:10:19+00:00\",\"dateModified\":\"2024-02-06T13:18:06+00:00\",\"description\":\"HOUSEBOOK Control erm\u00f6glicht den Aufbau einer Projektstruktur und Erstellung eines l\u00fcckenlosen Archivs f\u00fcr einen Bau- und Investitionsprozess. Die laufend eingef\u00fchrten \u00c4nderungen ...\",\"breadcrumb\":{\"@id\":\"https:\/\/housebook-solutions.com\/control-de\/#breadcrumb\"},\"inLanguage\":\"en-GB\",\"potentialAction\":[{\"@type\":\"ReadAction\",\"target\":[\"https:\/\/housebook-solutions.com\/control-de\/\"]}]},{\"@type\":\"BreadcrumbList\",\"@id\":\"https:\/\/housebook-solutions.com\/control-de\/#breadcrumb\",\"itemListElement\":[{\"@type\":\"ListItem\",\"position\":1,\"name\":\"Startseite\",\"item\":\"https:\/\/housebook-solutions.com\/\"},{\"@type\":\"ListItem\",\"position\":2,\"name\":\"Control\"}]},{\"@type\":\"WebSite\",\"@id\":\"https:\/\/housebook-solutions.com\/#website\",\"url\":\"https:\/\/housebook-solutions.com\/\",\"name\":\"Housebook | Die App f\u00fcr Baudokumentation &amp; Geb\u00e4udeverwaltung\",\"description\":\"HOUSEBOOK ist ein Werkzeug, das aus einer Control-Software und einer mobilen App besteht. Das intuitive Panel erm\u00f6glicht die Erstellung der gesamten Dokumentation eines Investitions- und Bauprozesses an einem Ort.\",\"publisher\":{\"@id\":\"https:\/\/housebook-solutions.com\/#organization\"},\"potentialAction\":[{\"@type\":\"SearchAction\",\"target\":{\"@type\":\"EntryPoint\",\"urlTemplate\":\"https:\/\/housebook-solutions.com\/?s={search_term_string}\"},\"query-input\":\"required name=search_term_string\"}],\"inLanguage\":\"en-GB\"},{\"@type\":\"Organization\",\"@id\":\"https:\/\/housebook-solutions.com\/#organization\",\"name\":\"Housebook GmbH\",\"url\":\"https:\/\/housebook-solutions.com\/\",\"logo\":{\"@type\":\"ImageObject\",\"inLanguage\":\"en-GB\",\"@id\":\"https:\/\/housebook-solutions.com\/#\/schema\/logo\/image\/\",\"url\":\"https:\/\/housebook-solutions.com\/wp-content\/uploads\/2023\/04\/housebook-2023-primaryLogo.svg\",\"contentUrl\":\"https:\/\/housebook-solutions.com\/wp-content\/uploads\/2023\/04\/housebook-2023-primaryLogo.svg\",\"width\":\"1024\",\"height\":\"1024\",\"caption\":\"Housebook GmbH\"},\"image\":{\"@id\":\"https:\/\/housebook-solutions.com\/#\/schema\/logo\/image\/\"},\"sameAs\":[\"https:\/\/www.facebook.com\/people\/Housebook-GmbH\/100064052342719\/\",\"https:\/\/x.com\/housebook_app\",\"https:\/\/www.linkedin.com\/company\/housebook-gmbh\/\"]}]}<\/script>\n<!-- \/ Yoast SEO plugin. -->","yoast_head_json":{"title":"Housebook Control - Baudokumentation & Geb\u00e4udeverwaltung","description":"HOUSEBOOK Control erm\u00f6glicht den Aufbau einer Projektstruktur und Erstellung eines l\u00fcckenlosen Archivs f\u00fcr einen Bau- und Investitionsprozess. Die laufend eingef\u00fchrten \u00c4nderungen ...","robots":{"index":"index","follow":"follow","max-snippet":"max-snippet:-1","max-image-preview":"max-image-preview:large","max-video-preview":"max-video-preview:-1"},"canonical":"https:\/\/housebook-solutions.com\/en\/control-de\/","og_locale":"en_GB","og_type":"article","og_title":"Housebook Control - Baudokumentation & Geb\u00e4udeverwaltung","og_description":"HOUSEBOOK Control erm\u00f6glicht den Aufbau einer Projektstruktur und Erstellung eines l\u00fcckenlosen Archivs f\u00fcr einen Bau- und Investitionsprozess. Die laufend eingef\u00fchrten \u00c4nderungen ...","og_url":"https:\/\/housebook-solutions.com\/en\/control-de\/","og_site_name":"Housebook | Die App f\u00fcr Baudokumentation &amp; Geb\u00e4udeverwaltung","article_publisher":"https:\/\/www.facebook.com\/people\/Housebook-GmbH\/100064052342719\/","article_modified_time":"2024-02-06T13:18:06+00:00","twitter_card":"summary_large_image","twitter_site":"@housebook_app","schema":{"@context":"https:\/\/schema.org","@graph":[{"@type":"WebPage","@id":"https:\/\/housebook-solutions.com\/control-de\/","url":"https:\/\/housebook-solutions.com\/control-de\/","name":"Housebook Control - Baudokumentation & Geb\u00e4udeverwaltung","isPartOf":{"@id":"https:\/\/housebook-solutions.com\/#website"},"datePublished":"2022-03-11T19:10:19+00:00","dateModified":"2024-02-06T13:18:06+00:00","description":"HOUSEBOOK Control erm\u00f6glicht den Aufbau einer Projektstruktur und Erstellung eines l\u00fcckenlosen Archivs f\u00fcr einen Bau- und Investitionsprozess. Die laufend eingef\u00fchrten \u00c4nderungen ...","breadcrumb":{"@id":"https:\/\/housebook-solutions.com\/control-de\/#breadcrumb"},"inLanguage":"en-GB","potentialAction":[{"@type":"ReadAction","target":["https:\/\/housebook-solutions.com\/control-de\/"]}]},{"@type":"BreadcrumbList","@id":"https:\/\/housebook-solutions.com\/control-de\/#breadcrumb","itemListElement":[{"@type":"ListItem","position":1,"name":"Startseite","item":"https:\/\/housebook-solutions.com\/"},{"@type":"ListItem","position":2,"name":"Control"}]},{"@type":"WebSite","@id":"https:\/\/housebook-solutions.com\/#website","url":"https:\/\/housebook-solutions.com\/","name":"Housebook | Die App f\u00fcr Baudokumentation &amp; Geb\u00e4udeverwaltung","description":"HOUSEBOOK ist ein Werkzeug, das aus einer Control-Software und einer mobilen App besteht. Das intuitive Panel erm\u00f6glicht die Erstellung der gesamten Dokumentation eines Investitions- und Bauprozesses an einem Ort.","publisher":{"@id":"https:\/\/housebook-solutions.com\/#organization"},"potentialAction":[{"@type":"SearchAction","target":{"@type":"EntryPoint","urlTemplate":"https:\/\/housebook-solutions.com\/?s={search_term_string}"},"query-input":"required name=search_term_string"}],"inLanguage":"en-GB"},{"@type":"Organization","@id":"https:\/\/housebook-solutions.com\/#organization","name":"Housebook GmbH","url":"https:\/\/housebook-solutions.com\/","logo":{"@type":"ImageObject","inLanguage":"en-GB","@id":"https:\/\/housebook-solutions.com\/#\/schema\/logo\/image\/","url":"https:\/\/housebook-solutions.com\/wp-content\/uploads\/2023\/04\/housebook-2023-primaryLogo.svg","contentUrl":"https:\/\/housebook-solutions.com\/wp-content\/uploads\/2023\/04\/housebook-2023-primaryLogo.svg","width":"1024","height":"1024","caption":"Housebook GmbH"},"image":{"@id":"https:\/\/housebook-solutions.com\/#\/schema\/logo\/image\/"},"sameAs":["https:\/\/www.facebook.com\/people\/Housebook-GmbH\/100064052342719\/","https:\/\/x.com\/housebook_app","https:\/\/www.linkedin.com\/company\/housebook-gmbh\/"]}]}},"_links":{"self":[{"href":"https:\/\/housebook-solutions.com\/en\/wp-json\/wp\/v2\/pages\/1328"}],"collection":[{"href":"https:\/\/housebook-solutions.com\/en\/wp-json\/wp\/v2\/pages"}],"about":[{"href":"https:\/\/housebook-solutions.com\/en\/wp-json\/wp\/v2\/types\/page"}],"author":[{"embeddable":true,"href":"https:\/\/housebook-solutions.com\/en\/wp-json\/wp\/v2\/users\/3"}],"replies":[{"embeddable":true,"href":"https:\/\/housebook-solutions.com\/en\/wp-json\/wp\/v2\/comments?post=1328"}],"version-history":[{"count":3,"href":"https:\/\/housebook-solutions.com\/en\/wp-json\/wp\/v2\/pages\/1328\/revisions"}],"predecessor-version":[{"id":4675,"href":"https:\/\/housebook-solutions.com\/en\/wp-json\/wp\/v2\/pages\/1328\/revisions\/4675"}],"wp:attachment":[{"href":"https:\/\/housebook-solutions.com\/en\/wp-json\/wp\/v2\/media?parent=1328"}],"curies":[{"name":"wp","href":"https:\/\/api.w.org\/{rel}","templated":true}]}}