{"id":1609,"date":"2022-03-13T19:17:18","date_gmt":"2022-03-13T18:17:18","guid":{"rendered":"https:\/\/aed39d6b-c452-4f65-a5e4-4242a2f27b98.h3.conves.io\/preise\/"},"modified":"2025-05-14T16:37:59","modified_gmt":"2025-05-14T14:37:59","slug":"preise","status":"publish","type":"page","link":"https:\/\/housebook-solutions.com\/en\/preise\/","title":{"rendered":"Prices"},"content":{"rendered":"<h3>Select your Package<\/h3>\n\t\t\t<a href=\"javascript:void(0)\" data-activate-price=\"primary\">Monthly<\/a>\n\t\t\t<a href=\"javascript:void(0)\" data-activate-price=\"secondary\">Annual<\/a>\n\t\t\t\t\t<h4>&nbsp;<\/h4>\n\t\t\t\t\t\t&nbsp;\n\t\t\t\t<ul>\n\t\t\t\t\t\t\t\t\t\t\t\t\t\t\t\t\t<li>Projekte<\/li>\n\t\t\t\t\t\t\t\t\t\t\t\t<li>QR codes\/project (incl. printing)<\/li>\n\t\t\t\t\t\t\t\t\t\t\t\t<li>Users (per project)<\/li>\n\t\t\t\t\t\t\t\t\t\t\t\t<li>Administrators<\/li>\n\t\t\t\t\t\t\t\t\t\t\t\t<li>Personal support<\/li>\n\t\t\t\t\t\t\t\t\t\t\t\t<li>Distribution of tasks<\/li>\n\t\t\t\t\t\t\t\t\t\t\t\t<li>Reporting<\/li>\n\t\t\t\t\t\t\t\t\t\t\t\t<li>Document filing<\/li>\n\t\t\t\t\t\t\t\t\t\t\t\t<li>Support<\/li>\n\t\t\t\t\t\t\t\t\t\t\t\t<li>CAD connection<\/li>\n\t\t\t\t\t\t\t\t\t\t\t\t\t\t\t<\/ul>\n\t\t\t\t\t\t\t\t\t\t\t<h4>Basic<\/h4>\n\t\t\t\t\t\t Upon request<br \/><br \/><br \/>\n\t\t\t\t\t\t Upon request<br \/><br \/><br \/>\n\t\t\t\t<ul>\n\t\t\t\t\t\t\t\t\t\t\t\t\t\t\t\t\t<li>\n\t\t\t\t\t\t\t\t\t\t\t\t\t\tProjekte\n\t\t\t\t\t\t\t\t\t\t\t\t\t\t5\t\t\t\t\t\t<\/li>\n\t\t\t\t\t\t\t\t\t\t\t\t<li>\n\t\t\t\t\t\t\t\t\t\t\t\t\t\tQR-Codes\/\u00adProjekt (inkl. Druck)\n\t\t\t\t\t\t\t\t\t\t\t\t\t\t60\t\t\t\t\t\t<\/li>\n\t\t\t\t\t\t\t\t\t\t\t\t<li>\n\t\t\t\t\t\t\t\t\t\t\t\t\t\tBenutzer (pro Projekt)\n\t\t\t\t\t\t\t\t\t\t\t\t\t\tunbegrenzt\t\t\t\t\t\t<\/li>\n\t\t\t\t\t\t\t\t\t\t\t\t<li>\n\t\t\t\t\t\t\t\t\t\t\t\t\t\tAdminis\u00adtratoren\n\t\t\t\t\t\t\t\t\t\t\t\t\t\t5\t\t\t\t\t\t<\/li>\n\t\t\t\t\t\t\t\t\t\t\t\t<li>\n\t\t\t\t\t\t\t\t\t\t\t\t\t\tPers\u00f6n\u00adlicher Support\n\t\t\t\t\t\t\t\t\t\t\t\t\t\t2 Stunden\t\t\t\t\t\t<\/li>\n\t\t\t\t\t\t\t\t\t\t\t\t<li>\n\t\t\t\t\t\t\t\t\t\t\t\t\t\tDistribution of tasks\n\t\t\t\t\t\t\t\t\t\t\t\t\t\t\t\t\t\t\t\t<\/li>\n\t\t\t\t\t\t\t\t\t\t\t\t<li>\n\t\t\t\t\t\t\t\t\t\t\t\t\t\tReporting\n\t\t\t\t\t\t\t\t\t\t\t\t\t\t\t\t\t\t\t\t<\/li>\n\t\t\t\t\t\t\t\t\t\t\t\t<li>\n\t\t\t\t\t\t\t\t\t\t\t\t\t\tDocument filing\n\t\t\t\t\t\t\t\t\t\t\t\t\t\t\t\t\t\t\t\t<\/li>\n\t\t\t\t\t\t\t\t\t\t\t\t<li>\n\t\t\t\t\t\t\t\t\t\t\t\t\t\tSupport\n\t\t\t\t\t\t\t\t\t\t\t\t\t\t\t\t\t\t\t\t<\/li>\n\t\t\t\t\t\t\t\t\t\t\t\t<li>\n\t\t\t\t\t\t\t\t\t\t\t\t\t\tCAD connection\n\t\t\t\t\t\t\t\t\t\t\t\t\t\t\t\t\t\t\t\t<\/li>\n\t\t\t\t\t\t\t\t\t\t\t\t\t\t\t<\/ul>\n\t\t\t<a href=\"https:\/\/housebook-solutions.com\/en\/uber-uns\/#kontakt\" target=\"_self\" role=\"button\" data-primary-link=\"https:\/\/housebook-solutions.com\/uber-uns\/#kontakt\" data-secondary-link=\"https:\/\/housebook-solutions.com\/uber-uns\/#kontakt\" rel=\"noopener\">\n\t\t\t\t\t\t\tInquire now\n\t\t\t\t\t<\/a>\n\t\t\t\t\t\t\t\t\t\t\t<h4>Pro<\/h4>\n\t\t\t\t\t\t Upon request<br \/><br \/><br \/>\n\t\t\t\t\t\t Upon request<br \/><br \/><br \/>\n\t\t\t\t<ul>\n\t\t\t\t\t\t\t\t\t\t\t\t\t\t\t\t\t<li>\n\t\t\t\t\t\t\t\t\t\t\t\t\t\tProjekte\n\t\t\t\t\t\t\t\t\t\t\t\t\t\t10\t\t\t\t\t\t<\/li>\n\t\t\t\t\t\t\t\t\t\t\t\t<li>\n\t\t\t\t\t\t\t\t\t\t\t\t\t\tQR-Codes\/\u00adProjekt (inkl. Druck)\n\t\t\t\t\t\t\t\t\t\t\t\t\t\t90\t\t\t\t\t\t<\/li>\n\t\t\t\t\t\t\t\t\t\t\t\t<li>\n\t\t\t\t\t\t\t\t\t\t\t\t\t\tBenutzer (pro Projekt)\n\t\t\t\t\t\t\t\t\t\t\t\t\t\tunbegrenzt\t\t\t\t\t\t<\/li>\n\t\t\t\t\t\t\t\t\t\t\t\t<li>\n\t\t\t\t\t\t\t\t\t\t\t\t\t\tAdminis\u00adtratoren\n\t\t\t\t\t\t\t\t\t\t\t\t\t\t10\t\t\t\t\t\t<\/li>\n\t\t\t\t\t\t\t\t\t\t\t\t<li>\n\t\t\t\t\t\t\t\t\t\t\t\t\t\tPers\u00f6n\u00adlicher Support\n\t\t\t\t\t\t\t\t\t\t\t\t\t\t3,5 Stunden\t\t\t\t\t\t<\/li>\n\t\t\t\t\t\t\t\t\t\t\t\t<li>\n\t\t\t\t\t\t\t\t\t\t\t\t\t\tDistribution of tasks\n\t\t\t\t\t\t\t\t\t\t\t\t\t\t\t\t\t\t\t\t<\/li>\n\t\t\t\t\t\t\t\t\t\t\t\t<li>\n\t\t\t\t\t\t\t\t\t\t\t\t\t\tReporting\n\t\t\t\t\t\t\t\t\t\t\t\t\t\t\t\t\t\t\t\t<\/li>\n\t\t\t\t\t\t\t\t\t\t\t\t<li>\n\t\t\t\t\t\t\t\t\t\t\t\t\t\tDocument filing\n\t\t\t\t\t\t\t\t\t\t\t\t\t\t\t\t\t\t\t\t<\/li>\n\t\t\t\t\t\t\t\t\t\t\t\t<li>\n\t\t\t\t\t\t\t\t\t\t\t\t\t\tSupport\n\t\t\t\t\t\t\t\t\t\t\t\t\t\t\t\t\t\t\t\t<\/li>\n\t\t\t\t\t\t\t\t\t\t\t\t<li>\n\t\t\t\t\t\t\t\t\t\t\t\t\t\tCAD connection\n\t\t\t\t\t\t\t\t\t\t\t\t\t\t\t\t\t\t\t\t<\/li>\n\t\t\t\t\t\t\t\t\t\t\t\t\t\t\t<\/ul>\n\t\t\t<a href=\"https:\/\/housebook-solutions.com\/en\/uber-uns\/#kontakt\" target=\"_self\" role=\"button\" data-primary-link=\"https:\/\/housebook-solutions.com\/uber-uns\/#kontakt\" data-secondary-link=\"https:\/\/housebook-solutions.com\/uber-uns\/#kontakt\" rel=\"noopener\">\n\t\t\t\t\t\t\tInquire now\n\t\t\t\t\t<\/a>\n\t\t\t\t\t\t\t\t\t\t\t<h4>Enterprise<\/h4>\n\t\t\t\t\t\t Upon request<br \/><br \/><br \/>\n\t\t\t\t\t\t Upon request<br \/><br \/><br \/>\n\t\t\t\t<ul>\n\t\t\t\t\t\t\t\t\t\t\t\t\t\t\t\t\t<li>\n\t\t\t\t\t\t\t\t\t\t\t\t\t\tProjekte\n\t\t\t\t\t\t\t\t\t\t\t\t\t\tunbegrenzt\t\t\t\t\t\t<\/li>\n\t\t\t\t\t\t\t\t\t\t\t\t<li>\n\t\t\t\t\t\t\t\t\t\t\t\t\t\tQR-Codes\/\u00adProjekt (inkl. Druck)\n\t\t\t\t\t\t\t\t\t\t\t\t\t\tunbegrenzt\t\t\t\t\t\t<\/li>\n\t\t\t\t\t\t\t\t\t\t\t\t<li>\n\t\t\t\t\t\t\t\t\t\t\t\t\t\tBenutzer (pro Projekt)\n\t\t\t\t\t\t\t\t\t\t\t\t\t\tunbegrenzt\t\t\t\t\t\t<\/li>\n\t\t\t\t\t\t\t\t\t\t\t\t<li>\n\t\t\t\t\t\t\t\t\t\t\t\t\t\tAdminis\u00adtratoren\n\t\t\t\t\t\t\t\t\t\t\t\t\t\tunbegrenzt\t\t\t\t\t\t<\/li>\n\t\t\t\t\t\t\t\t\t\t\t\t<li>\n\t\t\t\t\t\t\t\t\t\t\t\t\t\tPers\u00f6n\u00adlicher Support\n\t\t\t\t\t\t\t\t\t\t\t\t\t\tauf Anfrage\t\t\t\t\t\t<\/li>\n\t\t\t\t\t\t\t\t\t\t\t\t<li>\n\t\t\t\t\t\t\t\t\t\t\t\t\t\tDistribution of tasks\n\t\t\t\t\t\t\t\t\t\t\t\t\t\t\t\t\t\t\t\t<\/li>\n\t\t\t\t\t\t\t\t\t\t\t\t<li>\n\t\t\t\t\t\t\t\t\t\t\t\t\t\tReporting\n\t\t\t\t\t\t\t\t\t\t\t\t\t\t\t\t\t\t\t\t<\/li>\n\t\t\t\t\t\t\t\t\t\t\t\t<li>\n\t\t\t\t\t\t\t\t\t\t\t\t\t\tDocument filing\n\t\t\t\t\t\t\t\t\t\t\t\t\t\t\t\t\t\t\t\t<\/li>\n\t\t\t\t\t\t\t\t\t\t\t\t<li>\n\t\t\t\t\t\t\t\t\t\t\t\t\t\tSupport\n\t\t\t\t\t\t\t\t\t\t\t\t\t\t\t\t\t\t\t\t<\/li>\n\t\t\t\t\t\t\t\t\t\t\t\t<li>\n\t\t\t\t\t\t\t\t\t\t\t\t\t\tCAD connection\n\t\t\t\t\t\t\t\t\t\t\t\t\t\t\t\t\t\t\t\t<\/li>\n\t\t\t\t\t\t\t\t\t\t\t\t\t\t\t<\/ul>\n\t\t\t<a href=\"https:\/\/housebook-solutions.com\/en\/uber-uns\/#kontakt\" target=\"_self\" role=\"button\" data-primary-link=\"https:\/\/housebook-solutions.com\/uber-uns\/#kontakt\" data-secondary-link=\"https:\/\/housebook-solutions.com\/uber-uns\/#kontakt\" rel=\"noopener\">\n\t\t\t\t\t\t\tInquire now\n\t\t\t\t\t<\/a>\n\t<p>* Price when paid annually in advance. All prices exclusive of sales tax<\/p>\n\t<h6>In allen Housebook Paketen enthalten:<\/h6>\n        <img decoding=\"async\" src=\"\/wp-content\/uploads\/2022\/03\/housebook-icons-teamComm.svg\" alt=\"\" width=\"70\" \/>\n        <h4>UNLIMITED USERS<\/h4>\n        <p>You can add Unlimited User (Contractor \/ Subcontractor) to your projects. These users are allowed to edit and create tasks.<\/p>\n        <img loading=\"lazy\" decoding=\"async\" src=\"\/wp-content\/uploads\/2022\/03\/housebook-icons-mobileApp.svg\" alt=\"\" width=\"70\" height=\"150\" \/>\n        <h4>HOUSEBOOK APP<\/h4>\n        <p>The HOUSEBOOK APP is available for Apple iOS and Google Android smartphones. The HOUSEBOOK APP automatically synchronizes itself with HOUSEBOOK CONTROL.<\/p>\n        <img loading=\"lazy\" decoding=\"async\" src=\"\/wp-content\/uploads\/2022\/03\/housebook-icons-controlPlatform.svg\" alt=\"\" width=\"150\" height=\"150\" \/>\n        <h4>HOUSEBOOK CONTROL<\/h4>\n        <p>HOUSEBOOK CONTROL is an easy-to-use web application for managing your projects, as well as controlling the work done.<\/p>\n        <img decoding=\"async\" src=\"\/wp-content\/uploads\/2022\/03\/housebook-icons-backup.svg\" alt=\"\" width=\"70\" \/>\n        <h4>RELIABLE SUPPORT<\/h4>\n        <p>Software updates are free for both our mobile apps for iOS and Android as well as the HOUSEBOOK CONTROL web application.<\/p>\n        <img loading=\"lazy\" decoding=\"async\" src=\"\/wp-content\/uploads\/2022\/03\/housebook-icons-management.svg\" alt=\"\" width=\"150\" height=\"150\" \/>\n        <h4>UNLIMITED CLOUD STORAGE<\/h4>\n        <p>Save unlimited projects, events, photos, notes, documentation, reports, and much more.<\/p>\n        <img loading=\"lazy\" decoding=\"async\" src=\"\/wp-content\/uploads\/2022\/03\/housebook-icons-teamComm.svg\" alt=\"\" width=\"150\" height=\"150\" \/>\n        <h4>QR-CODE BADGES<\/h4>\n        <p>HOUSEBOOK QR-Code Badges of the highest quality. Our badges are weatherproof, adhere to almost all surfaces and have a service life of more than 10 years.<\/p>\n        <img decoding=\"async\" src=\"\/wp-content\/uploads\/2022\/03\/housebook-icons-descriptions.svg\" alt=\"\" width=\"70\" \/>\n        <h4>RELIABLE SUPPORT<\/h4>\n        <p class=\" translation-block\">Our support team will be pleased to help you with your inquiries: <a href=\"mailto:support@housebook.at\" target=\"_self\">support@housebook.at<\/a>.<\/p>\n\t<a href=\"\/en\/control\/#signup\">REGISTER FOR FREE and start your first project<\/a>\n<h3>\n\t\tFAQs\n\t<\/h3>\n\t\t\t\t\t<a href=\"#\" id=\"fl-accordion--label-0\" tabindex=\"0\" aria-controls=\"fl-accordion--panel-0\">How does the 20 day test phase work?<\/a>\n\t\t\t\t\t\t\t\t\t\t\t<a href=\"#\" id=\"fl-accordion--icon-0\" tabindex=\"-1\"><i>Expand<\/i><\/a>\n\t\t\t\t\t<p class=\" translation-block\">Sie k\u00f6nnen Housebook&nbsp;20 Tage lang in vollem Umfang testen. In der Testversion haben Sie die M\u00f6glichkeit bis zu 60 QR-Codes f\u00fcr Ihre Elemente (Geb\u00e4udeetage, Aufzug, Feuerl\u00f6scher, etc.) zu generieren und selbst auszudrucken. Der Versand von HOUSEBOOK Plaketten ist nur f\u00fcr kostenpflichtige Pakete vorgesehen. Diese k\u00f6nnen Sie&nbsp;<a href=\"\/preise\/\" target=\"_blank\" rel=\"noopener\">hier bestellen<\/a>.<\/p>\n\t\t\t\t\t<a href=\"#\" id=\"fl-accordion--label-1\" tabindex=\"0\" aria-controls=\"fl-accordion--panel-1\">What happens after the test phase?<\/a>\n\t\t\t\t\t\t\t\t\t\t\t<a href=\"#\" id=\"fl-accordion--icon-1\" tabindex=\"-1\"><i>Expand<\/i><\/a>\n\t\t\t\t\t<p class=\" translation-block\">Nach der Testphase k\u00f6nnen Sie innerhalb von 10 Tagen ein&nbsp;<a href=\"\/preise\/\" target=\"_blank\" rel=\"noopener\">Housebook-Paket<\/a>&nbsp;w\u00e4hlen. Sollten Sie sich nicht f\u00fcr ein Paket-Abonnement entscheiden, k\u00f6nnen Sie Ihre Projektdaten herunterladen und Ihr Account l\u00e4uft automatisch aus.<\/p>\n\t\t\t\t\t<a href=\"#\" id=\"fl-accordion--label-2\" tabindex=\"0\" aria-controls=\"fl-accordion--panel-2\">Our support team will be pleased to help you with your inquiries: <a href=\"mailto:support@housebook.at\" target=\"_self\">support@housebook.at<\/a>.<\/a>\n\t\t\t\t\t\t\t\t\t\t\t<a href=\"#\" id=\"fl-accordion--icon-2\" tabindex=\"-1\"><i>Expand<\/i><\/a>\n\t\t\t\t\t<p>Wir akzeptieren alle g\u00e4ngigen Kreditkarten, Zahlung per Bank\u00fcberweisung und PayPal. Ihre Zahlungsvorg\u00e4nge werden \u00fcber eine sichere SSL-Verbindung abgewickelt. Alle Paket-Abonnements werden j\u00e4hrlich abgerechnet.<\/p>\n\t\t\t\t\t<a href=\"#\" id=\"fl-accordion--label-3\" tabindex=\"0\" aria-controls=\"fl-accordion--panel-3\">Do I have to sign a long term contract?<\/a>\n\t\t\t\t\t\t\t\t\t\t\t<a href=\"#\" id=\"fl-accordion--icon-3\" tabindex=\"-1\"><i>Expand<\/i><\/a>\n\t\t\t\t\t<p>No. All Housebook packages can be annually terminated. You only pay for the subscription package you currently use. You may terminate at any time and the payments will be terminated at the end of the term of payment in which the termination was made.<\/p>\n\t\t\t\t\t<a href=\"#\" id=\"fl-accordion--label-4\" tabindex=\"0\" aria-controls=\"fl-accordion--panel-4\">I have more questions!<\/a>\n\t\t\t\t\t\t\t\t\t\t\t<a href=\"#\" id=\"fl-accordion--icon-4\" tabindex=\"-1\"><i>Expand<\/i><\/a>\n\t\t\t\t\t<p>Our support team is willing to help. If you have questions on our subscription plans or billing, please get in touch with us.<\/p>","protected":false},"excerpt":{"rendered":"<p>W\u00e4hlen Sie Ihr Housebook Paket Monats\u00adpaket Jahres\u00adpaket &nbsp; &nbsp; Projekte QR-Codes\/\u00adProjekt (inkl. Druck) Benutzer (pro Projekt) Adminis\u00adtratoren Pers\u00f6n\u00adlicher Support Aufgaben\u00adverteilung Bericht\u00aderstellung Doku\u00admenten\u00adablage Support CAD-Anbindung Basic Auf Anfrage Auf Anfrage Projekte 5 QR-Codes\/\u00adProjekt (inkl. Druck) 60 Benutzer (pro Projekt) unbegrenzt Adminis\u00adtratoren 5 Pers\u00f6n\u00adlicher Support 2 Stunden Aufgaben\u00adverteilung Bericht\u00aderstellung Doku\u00admenten\u00adablage Support CAD-Anbindung Jetzt anfragen Pro Auf Anfrage &#8230; <a title=\"Prices\" class=\"read-more\" href=\"https:\/\/housebook-solutions.com\/en\/preise\/\" aria-label=\"Read more about Preise\">Read more<\/a><\/p>","protected":false},"author":3,"featured_media":0,"parent":0,"menu_order":0,"comment_status":"closed","ping_status":"closed","template":"","meta":{"inline_featured_image":false,"footnotes":""},"class_list":["post-1609","page","type-page","status-publish"],"yoast_head":"<!-- This site is optimized with the Yoast SEO plugin v23.1 - https:\/\/yoast.com\/wordpress\/plugins\/seo\/ -->\n<title>Preise - Housebook | Die App f\u00fcr Baudokumentation &amp; Geb\u00e4udeverwaltung<\/title>\n<meta name=\"robots\" content=\"index, follow, max-snippet:-1, max-image-preview:large, max-video-preview:-1\" \/>\n<link rel=\"canonical\" href=\"https:\/\/housebook-solutions.com\/en\/preise\/\" \/>\n<meta property=\"og:locale\" content=\"en_GB\" \/>\n<meta property=\"og:type\" content=\"article\" \/>\n<meta property=\"og:title\" content=\"Preise - Housebook | Die App f\u00fcr Baudokumentation &amp; Geb\u00e4udeverwaltung\" \/>\n<meta property=\"og:description\" content=\"W\u00e4hlen Sie Ihr Housebook Paket Monats\u00adpaket Jahres\u00adpaket &nbsp; &nbsp; Projekte QR-Codes\/\u00adProjekt (inkl. Druck) Benutzer (pro Projekt) Adminis\u00adtratoren Pers\u00f6n\u00adlicher Support Aufgaben\u00adverteilung Bericht\u00aderstellung Doku\u00admenten\u00adablage Support CAD-Anbindung Basic Auf Anfrage Auf Anfrage Projekte 5 QR-Codes\/\u00adProjekt (inkl. Druck) 60 Benutzer (pro Projekt) unbegrenzt Adminis\u00adtratoren 5 Pers\u00f6n\u00adlicher Support 2 Stunden Aufgaben\u00adverteilung Bericht\u00aderstellung Doku\u00admenten\u00adablage Support CAD-Anbindung Jetzt anfragen Pro Auf Anfrage ... Read more\" \/>\n<meta property=\"og:url\" content=\"https:\/\/housebook-solutions.com\/en\/preise\/\" \/>\n<meta property=\"og:site_name\" content=\"Housebook | Die App f\u00fcr Baudokumentation &amp; Geb\u00e4udeverwaltung\" \/>\n<meta property=\"article:publisher\" content=\"https:\/\/www.facebook.com\/people\/Housebook-GmbH\/100064052342719\/\" \/>\n<meta property=\"article:modified_time\" content=\"2025-05-14T14:37:59+00:00\" \/>\n<meta name=\"twitter:card\" content=\"summary_large_image\" \/>\n<meta name=\"twitter:site\" content=\"@housebook_app\" \/>\n<script type=\"application\/ld+json\" class=\"yoast-schema-graph\">{\"@context\":\"https:\/\/schema.org\",\"@graph\":[{\"@type\":\"WebPage\",\"@id\":\"https:\/\/housebook-solutions.com\/preise\/\",\"url\":\"https:\/\/housebook-solutions.com\/preise\/\",\"name\":\"Preise - Housebook | Die App f\u00fcr Baudokumentation &amp; Geb\u00e4udeverwaltung\",\"isPartOf\":{\"@id\":\"https:\/\/housebook-solutions.com\/#website\"},\"datePublished\":\"2022-03-13T18:17:18+00:00\",\"dateModified\":\"2025-05-14T14:37:59+00:00\",\"breadcrumb\":{\"@id\":\"https:\/\/housebook-solutions.com\/preise\/#breadcrumb\"},\"inLanguage\":\"en-GB\",\"potentialAction\":[{\"@type\":\"ReadAction\",\"target\":[\"https:\/\/housebook-solutions.com\/preise\/\"]}]},{\"@type\":\"BreadcrumbList\",\"@id\":\"https:\/\/housebook-solutions.com\/preise\/#breadcrumb\",\"itemListElement\":[{\"@type\":\"ListItem\",\"position\":1,\"name\":\"Startseite\",\"item\":\"https:\/\/housebook-solutions.com\/\"},{\"@type\":\"ListItem\",\"position\":2,\"name\":\"Preise\"}]},{\"@type\":\"WebSite\",\"@id\":\"https:\/\/housebook-solutions.com\/#website\",\"url\":\"https:\/\/housebook-solutions.com\/\",\"name\":\"Housebook | Die App f\u00fcr Baudokumentation &amp; Geb\u00e4udeverwaltung\",\"description\":\"HOUSEBOOK ist ein Werkzeug, das aus einer Control-Software und einer mobilen App besteht. Das intuitive Panel erm\u00f6glicht die Erstellung der gesamten Dokumentation eines Investitions- und Bauprozesses an einem Ort.\",\"publisher\":{\"@id\":\"https:\/\/housebook-solutions.com\/#organization\"},\"potentialAction\":[{\"@type\":\"SearchAction\",\"target\":{\"@type\":\"EntryPoint\",\"urlTemplate\":\"https:\/\/housebook-solutions.com\/?s={search_term_string}\"},\"query-input\":\"required name=search_term_string\"}],\"inLanguage\":\"en-GB\"},{\"@type\":\"Organization\",\"@id\":\"https:\/\/housebook-solutions.com\/#organization\",\"name\":\"Housebook GmbH\",\"url\":\"https:\/\/housebook-solutions.com\/\",\"logo\":{\"@type\":\"ImageObject\",\"inLanguage\":\"en-GB\",\"@id\":\"https:\/\/housebook-solutions.com\/#\/schema\/logo\/image\/\",\"url\":\"https:\/\/housebook-solutions.com\/wp-content\/uploads\/2023\/04\/housebook-2023-primaryLogo.svg\",\"contentUrl\":\"https:\/\/housebook-solutions.com\/wp-content\/uploads\/2023\/04\/housebook-2023-primaryLogo.svg\",\"width\":\"1024\",\"height\":\"1024\",\"caption\":\"Housebook GmbH\"},\"image\":{\"@id\":\"https:\/\/housebook-solutions.com\/#\/schema\/logo\/image\/\"},\"sameAs\":[\"https:\/\/www.facebook.com\/people\/Housebook-GmbH\/100064052342719\/\",\"https:\/\/x.com\/housebook_app\",\"https:\/\/www.linkedin.com\/company\/housebook-gmbh\/\"]}]}<\/script>\n<!-- \/ Yoast SEO plugin. -->","yoast_head_json":{"title":"Preise - Housebook | Die App f\u00fcr Baudokumentation &amp; Geb\u00e4udeverwaltung","robots":{"index":"index","follow":"follow","max-snippet":"max-snippet:-1","max-image-preview":"max-image-preview:large","max-video-preview":"max-video-preview:-1"},"canonical":"https:\/\/housebook-solutions.com\/en\/preise\/","og_locale":"en_GB","og_type":"article","og_title":"Preise - Housebook | Die App f\u00fcr Baudokumentation &amp; Geb\u00e4udeverwaltung","og_description":"W\u00e4hlen Sie Ihr Housebook Paket Monats\u00adpaket Jahres\u00adpaket &nbsp; &nbsp; Projekte QR-Codes\/\u00adProjekt (inkl. Druck) Benutzer (pro Projekt) Adminis\u00adtratoren Pers\u00f6n\u00adlicher Support Aufgaben\u00adverteilung Bericht\u00aderstellung Doku\u00admenten\u00adablage Support CAD-Anbindung Basic Auf Anfrage Auf Anfrage Projekte 5 QR-Codes\/\u00adProjekt (inkl. Druck) 60 Benutzer (pro Projekt) unbegrenzt Adminis\u00adtratoren 5 Pers\u00f6n\u00adlicher Support 2 Stunden Aufgaben\u00adverteilung Bericht\u00aderstellung Doku\u00admenten\u00adablage Support CAD-Anbindung Jetzt anfragen Pro Auf Anfrage ... Read more","og_url":"https:\/\/housebook-solutions.com\/en\/preise\/","og_site_name":"Housebook | Die App f\u00fcr Baudokumentation &amp; Geb\u00e4udeverwaltung","article_publisher":"https:\/\/www.facebook.com\/people\/Housebook-GmbH\/100064052342719\/","article_modified_time":"2025-05-14T14:37:59+00:00","twitter_card":"summary_large_image","twitter_site":"@housebook_app","schema":{"@context":"https:\/\/schema.org","@graph":[{"@type":"WebPage","@id":"https:\/\/housebook-solutions.com\/preise\/","url":"https:\/\/housebook-solutions.com\/preise\/","name":"Preise - Housebook | Die App f\u00fcr Baudokumentation &amp; Geb\u00e4udeverwaltung","isPartOf":{"@id":"https:\/\/housebook-solutions.com\/#website"},"datePublished":"2022-03-13T18:17:18+00:00","dateModified":"2025-05-14T14:37:59+00:00","breadcrumb":{"@id":"https:\/\/housebook-solutions.com\/preise\/#breadcrumb"},"inLanguage":"en-GB","potentialAction":[{"@type":"ReadAction","target":["https:\/\/housebook-solutions.com\/preise\/"]}]},{"@type":"BreadcrumbList","@id":"https:\/\/housebook-solutions.com\/preise\/#breadcrumb","itemListElement":[{"@type":"ListItem","position":1,"name":"Startseite","item":"https:\/\/housebook-solutions.com\/"},{"@type":"ListItem","position":2,"name":"Preise"}]},{"@type":"WebSite","@id":"https:\/\/housebook-solutions.com\/#website","url":"https:\/\/housebook-solutions.com\/","name":"Housebook | Die App f\u00fcr Baudokumentation &amp; Geb\u00e4udeverwaltung","description":"HOUSEBOOK ist ein Werkzeug, das aus einer Control-Software und einer mobilen App besteht. Das intuitive Panel erm\u00f6glicht die Erstellung der gesamten Dokumentation eines Investitions- und Bauprozesses an einem Ort.","publisher":{"@id":"https:\/\/housebook-solutions.com\/#organization"},"potentialAction":[{"@type":"SearchAction","target":{"@type":"EntryPoint","urlTemplate":"https:\/\/housebook-solutions.com\/?s={search_term_string}"},"query-input":"required name=search_term_string"}],"inLanguage":"en-GB"},{"@type":"Organization","@id":"https:\/\/housebook-solutions.com\/#organization","name":"Housebook GmbH","url":"https:\/\/housebook-solutions.com\/","logo":{"@type":"ImageObject","inLanguage":"en-GB","@id":"https:\/\/housebook-solutions.com\/#\/schema\/logo\/image\/","url":"https:\/\/housebook-solutions.com\/wp-content\/uploads\/2023\/04\/housebook-2023-primaryLogo.svg","contentUrl":"https:\/\/housebook-solutions.com\/wp-content\/uploads\/2023\/04\/housebook-2023-primaryLogo.svg","width":"1024","height":"1024","caption":"Housebook GmbH"},"image":{"@id":"https:\/\/housebook-solutions.com\/#\/schema\/logo\/image\/"},"sameAs":["https:\/\/www.facebook.com\/people\/Housebook-GmbH\/100064052342719\/","https:\/\/x.com\/housebook_app","https:\/\/www.linkedin.com\/company\/housebook-gmbh\/"]}]}},"_links":{"self":[{"href":"https:\/\/housebook-solutions.com\/en\/wp-json\/wp\/v2\/pages\/1609"}],"collection":[{"href":"https:\/\/housebook-solutions.com\/en\/wp-json\/wp\/v2\/pages"}],"about":[{"href":"https:\/\/housebook-solutions.com\/en\/wp-json\/wp\/v2\/types\/page"}],"author":[{"embeddable":true,"href":"https:\/\/housebook-solutions.com\/en\/wp-json\/wp\/v2\/users\/3"}],"replies":[{"embeddable":true,"href":"https:\/\/housebook-solutions.com\/en\/wp-json\/wp\/v2\/comments?post=1609"}],"version-history":[{"count":6,"href":"https:\/\/housebook-solutions.com\/en\/wp-json\/wp\/v2\/pages\/1609\/revisions"}],"predecessor-version":[{"id":4939,"href":"https:\/\/housebook-solutions.com\/en\/wp-json\/wp\/v2\/pages\/1609\/revisions\/4939"}],"wp:attachment":[{"href":"https:\/\/housebook-solutions.com\/en\/wp-json\/wp\/v2\/media?parent=1609"}],"curies":[{"name":"wp","href":"https:\/\/api.w.org\/{rel}","templated":true}]}}