{"id":2295,"date":"2022-03-16T12:44:20","date_gmt":"2022-03-16T11:44:20","guid":{"rendered":"https:\/\/aed39d6b-c452-4f65-a5e4-4242a2f27b98.h3.conves.io\/?page_id=2295"},"modified":"2024-09-03T17:16:07","modified_gmt":"2024-09-03T15:16:07","slug":"uber-uns","status":"publish","type":"page","link":"https:\/\/housebook-solutions.com\/en\/uber-uns\/","title":{"rendered":"About us"},"content":{"rendered":"<h2>About us<\/h2>\r\n<h6>Mehr als 30 Jahre Berufserfahrung im Bauwesen! Planung, Ausf\u00fchrung, als Bautr\u00e4ger und Hausverwalter &#8211; wir haben s\u00e4mtliche Stationen durchlaufen und dabei erkannt, dass es eine allumfassende Dokumentation braucht. <br \/><br \/>That's why we founded the Housebook brand at the beginning of 2016 and developed an app for site managers, owners, service providers, craftsmen and administrators that enables digital documentation of all processes in a property. <br \/><br \/>Housebook ist heute nicht nur eine Marke. Es ist das Qualit\u00e4tssiegel Ihrer Immobilien. Housebook erh\u00e4lt nicht nur den Immobilienwert. Es steigert ihn. Und zwar durch die l\u00fcckenlose und fortlaufende digitale Dokumentation. Vom Baubeginn \u00fcber die Fertigstellung und \u00dcbergabe bis hin zur laufenden Nutzung der Immobilien werden alle Vorg\u00e4nge transparent und offen dargestellt.<\/h6>\r\n<p><a role=\"button\" href=\"https:\/\/itunes.apple.com\/de\/app\/housebook-app\/id1109844386?mt=8\" target=\"_blank\" rel=\"noopener\"> iOS app <\/a> <a role=\"button\" href=\"https:\/\/play.google.com\/store\/apps\/details?id=at.bitstudios.housebook\" target=\"_blank\" rel=\"noopener\"> Android app <\/a> <img loading=\"lazy\" decoding=\"async\" title=\"app1\" src=\"https:\/\/housebook-solutions.com\/wp-content\/uploads\/2022\/03\/app1.jpg\" alt=\"app1\" width=\"810\" height=\"810\" \/><\/p>\r\n<h6>Housebook<\/h6>\r\n<h3>Qualit\u00e4t &amp; Sicherheit<\/h3>\r\n<p><a href=\"https:\/\/control.housebook-solutions.com\/#signup\/de\" target=\"_blank\" rel=\"noopener\">Register for free trial<\/a><\/p>\r\n<p>The security check of your property will play an increasingly important role. Because test routines are necessary in order to permanently guarantee safety in operation. Housebook documents the property safety check based on the \u00d6-Norm B 1300 and TRVB O 120 for fire protection. This makes Housebook the seal of quality for your property.<\/p>\r\n<h3>Contact<\/h3>\r\n<p>Housebook GmbH<\/p>\r\n<p>Salzburgerstra\u00dfe 22b,<br \/>A-6380 St. Johann +43 5352 \/ 216 30-10<br \/><a title=\"office@housebook.solutions\" href=\"mailto:office@housebook.solutions\">office@housebook.solutions<\/a><\/p>","protected":false},"excerpt":{"rendered":"<p>\u00dcber Uns Mehr als 30 Jahre Berufserfahrung im Bauwesen! Planung, Ausf\u00fchrung, als Bautr\u00e4ger und Hausverwalter &#8211; wir haben s\u00e4mtliche Stationen durchlaufen und dabei erkannt, dass es eine allumfassende Dokumentation braucht. Anfang 2016 haben wir deshalb die Marke Housebook gegr\u00fcndet und eine App f\u00fcr Bauleiter, Eigent\u00fcmer, Dienstleister, Handwerker und Verwalter entwickelt, die eine digitale Dokumentation aller &#8230; <a title=\"About us\" class=\"read-more\" href=\"https:\/\/housebook-solutions.com\/en\/uber-uns\/\" aria-label=\"Read more about \u00dcber Uns\">Read more<\/a><\/p>","protected":false},"author":3,"featured_media":0,"parent":0,"menu_order":0,"comment_status":"closed","ping_status":"closed","template":"","meta":{"inline_featured_image":false,"footnotes":""},"class_list":["post-2295","page","type-page","status-publish"],"yoast_head":"<!-- This site is optimized with the Yoast SEO plugin v23.1 - https:\/\/yoast.com\/wordpress\/plugins\/seo\/ -->\n<title>\u00dcber Uns - Housebook | Die App f\u00fcr Baudokumentation &amp; Geb\u00e4udeverwaltung<\/title>\n<meta name=\"robots\" content=\"index, follow, max-snippet:-1, max-image-preview:large, max-video-preview:-1\" \/>\n<link rel=\"canonical\" href=\"https:\/\/housebook-solutions.com\/en\/uber-uns\/\" \/>\n<meta property=\"og:locale\" content=\"en_GB\" \/>\n<meta property=\"og:type\" content=\"article\" \/>\n<meta property=\"og:title\" content=\"\u00dcber Uns - Housebook | Die App f\u00fcr Baudokumentation &amp; Geb\u00e4udeverwaltung\" \/>\n<meta property=\"og:description\" content=\"\u00dcber Uns Mehr als 30 Jahre Berufserfahrung im Bauwesen! Planung, Ausf\u00fchrung, als Bautr\u00e4ger und Hausverwalter &#8211; wir haben s\u00e4mtliche Stationen durchlaufen und dabei erkannt, dass es eine allumfassende Dokumentation braucht. Anfang 2016 haben wir deshalb die Marke Housebook gegr\u00fcndet und eine App f\u00fcr Bauleiter, Eigent\u00fcmer, Dienstleister, Handwerker und Verwalter entwickelt, die eine digitale Dokumentation aller ... Read more\" \/>\n<meta property=\"og:url\" content=\"https:\/\/housebook-solutions.com\/en\/uber-uns\/\" \/>\n<meta property=\"og:site_name\" content=\"Housebook | Die App f\u00fcr Baudokumentation &amp; Geb\u00e4udeverwaltung\" \/>\n<meta property=\"article:publisher\" content=\"https:\/\/www.facebook.com\/people\/Housebook-GmbH\/100064052342719\/\" \/>\n<meta property=\"article:modified_time\" content=\"2024-09-03T15:16:07+00:00\" \/>\n<meta property=\"og:image\" content=\"https:\/\/housebook-solutions.com\/wp-content\/uploads\/2022\/03\/app1.jpg\" \/>\n<meta name=\"twitter:card\" content=\"summary_large_image\" \/>\n<meta name=\"twitter:site\" content=\"@housebook_app\" \/>\n<script type=\"application\/ld+json\" class=\"yoast-schema-graph\">{\"@context\":\"https:\/\/schema.org\",\"@graph\":[{\"@type\":\"WebPage\",\"@id\":\"https:\/\/housebook-solutions.com\/uber-uns\/\",\"url\":\"https:\/\/housebook-solutions.com\/uber-uns\/\",\"name\":\"\u00dcber Uns - Housebook | Die App f\u00fcr Baudokumentation &amp; Geb\u00e4udeverwaltung\",\"isPartOf\":{\"@id\":\"https:\/\/housebook-solutions.com\/#website\"},\"primaryImageOfPage\":{\"@id\":\"https:\/\/housebook-solutions.com\/uber-uns\/#primaryimage\"},\"image\":{\"@id\":\"https:\/\/housebook-solutions.com\/uber-uns\/#primaryimage\"},\"thumbnailUrl\":\"https:\/\/housebook-solutions.com\/wp-content\/uploads\/2022\/03\/app1.jpg\",\"datePublished\":\"2022-03-16T11:44:20+00:00\",\"dateModified\":\"2024-09-03T15:16:07+00:00\",\"breadcrumb\":{\"@id\":\"https:\/\/housebook-solutions.com\/uber-uns\/#breadcrumb\"},\"inLanguage\":\"en-GB\",\"potentialAction\":[{\"@type\":\"ReadAction\",\"target\":[\"https:\/\/housebook-solutions.com\/uber-uns\/\"]}]},{\"@type\":\"ImageObject\",\"inLanguage\":\"en-GB\",\"@id\":\"https:\/\/housebook-solutions.com\/uber-uns\/#primaryimage\",\"url\":\"https:\/\/housebook-solutions.com\/wp-content\/uploads\/2022\/03\/app1.jpg\",\"contentUrl\":\"https:\/\/housebook-solutions.com\/wp-content\/uploads\/2022\/03\/app1.jpg\"},{\"@type\":\"BreadcrumbList\",\"@id\":\"https:\/\/housebook-solutions.com\/uber-uns\/#breadcrumb\",\"itemListElement\":[{\"@type\":\"ListItem\",\"position\":1,\"name\":\"Startseite\",\"item\":\"https:\/\/housebook-solutions.com\/\"},{\"@type\":\"ListItem\",\"position\":2,\"name\":\"\u00dcber Uns\"}]},{\"@type\":\"WebSite\",\"@id\":\"https:\/\/housebook-solutions.com\/#website\",\"url\":\"https:\/\/housebook-solutions.com\/\",\"name\":\"Housebook | Die App f\u00fcr Baudokumentation &amp; Geb\u00e4udeverwaltung\",\"description\":\"HOUSEBOOK ist ein Werkzeug, das aus einer Control-Software und einer mobilen App besteht. Das intuitive Panel erm\u00f6glicht die Erstellung der gesamten Dokumentation eines Investitions- und Bauprozesses an einem Ort.\",\"publisher\":{\"@id\":\"https:\/\/housebook-solutions.com\/#organization\"},\"potentialAction\":[{\"@type\":\"SearchAction\",\"target\":{\"@type\":\"EntryPoint\",\"urlTemplate\":\"https:\/\/housebook-solutions.com\/?s={search_term_string}\"},\"query-input\":\"required name=search_term_string\"}],\"inLanguage\":\"en-GB\"},{\"@type\":\"Organization\",\"@id\":\"https:\/\/housebook-solutions.com\/#organization\",\"name\":\"Housebook GmbH\",\"url\":\"https:\/\/housebook-solutions.com\/\",\"logo\":{\"@type\":\"ImageObject\",\"inLanguage\":\"en-GB\",\"@id\":\"https:\/\/housebook-solutions.com\/#\/schema\/logo\/image\/\",\"url\":\"https:\/\/housebook-solutions.com\/wp-content\/uploads\/2023\/04\/housebook-2023-primaryLogo.svg\",\"contentUrl\":\"https:\/\/housebook-solutions.com\/wp-content\/uploads\/2023\/04\/housebook-2023-primaryLogo.svg\",\"width\":\"1024\",\"height\":\"1024\",\"caption\":\"Housebook GmbH\"},\"image\":{\"@id\":\"https:\/\/housebook-solutions.com\/#\/schema\/logo\/image\/\"},\"sameAs\":[\"https:\/\/www.facebook.com\/people\/Housebook-GmbH\/100064052342719\/\",\"https:\/\/x.com\/housebook_app\",\"https:\/\/www.linkedin.com\/company\/housebook-gmbh\/\"]}]}<\/script>\n<!-- \/ Yoast SEO plugin. -->","yoast_head_json":{"title":"\u00dcber Uns - Housebook | Die App f\u00fcr Baudokumentation &amp; Geb\u00e4udeverwaltung","robots":{"index":"index","follow":"follow","max-snippet":"max-snippet:-1","max-image-preview":"max-image-preview:large","max-video-preview":"max-video-preview:-1"},"canonical":"https:\/\/housebook-solutions.com\/en\/uber-uns\/","og_locale":"en_GB","og_type":"article","og_title":"\u00dcber Uns - Housebook | Die App f\u00fcr Baudokumentation &amp; Geb\u00e4udeverwaltung","og_description":"\u00dcber Uns Mehr als 30 Jahre Berufserfahrung im Bauwesen! Planung, Ausf\u00fchrung, als Bautr\u00e4ger und Hausverwalter &#8211; wir haben s\u00e4mtliche Stationen durchlaufen und dabei erkannt, dass es eine allumfassende Dokumentation braucht. Anfang 2016 haben wir deshalb die Marke Housebook gegr\u00fcndet und eine App f\u00fcr Bauleiter, Eigent\u00fcmer, Dienstleister, Handwerker und Verwalter entwickelt, die eine digitale Dokumentation aller ... Read more","og_url":"https:\/\/housebook-solutions.com\/en\/uber-uns\/","og_site_name":"Housebook | Die App f\u00fcr Baudokumentation &amp; Geb\u00e4udeverwaltung","article_publisher":"https:\/\/www.facebook.com\/people\/Housebook-GmbH\/100064052342719\/","article_modified_time":"2024-09-03T15:16:07+00:00","og_image":[{"url":"https:\/\/housebook-solutions.com\/wp-content\/uploads\/2022\/03\/app1.jpg"}],"twitter_card":"summary_large_image","twitter_site":"@housebook_app","schema":{"@context":"https:\/\/schema.org","@graph":[{"@type":"WebPage","@id":"https:\/\/housebook-solutions.com\/uber-uns\/","url":"https:\/\/housebook-solutions.com\/uber-uns\/","name":"\u00dcber Uns - Housebook | Die App f\u00fcr Baudokumentation &amp; Geb\u00e4udeverwaltung","isPartOf":{"@id":"https:\/\/housebook-solutions.com\/#website"},"primaryImageOfPage":{"@id":"https:\/\/housebook-solutions.com\/uber-uns\/#primaryimage"},"image":{"@id":"https:\/\/housebook-solutions.com\/uber-uns\/#primaryimage"},"thumbnailUrl":"https:\/\/housebook-solutions.com\/wp-content\/uploads\/2022\/03\/app1.jpg","datePublished":"2022-03-16T11:44:20+00:00","dateModified":"2024-09-03T15:16:07+00:00","breadcrumb":{"@id":"https:\/\/housebook-solutions.com\/uber-uns\/#breadcrumb"},"inLanguage":"en-GB","potentialAction":[{"@type":"ReadAction","target":["https:\/\/housebook-solutions.com\/uber-uns\/"]}]},{"@type":"ImageObject","inLanguage":"en-GB","@id":"https:\/\/housebook-solutions.com\/uber-uns\/#primaryimage","url":"https:\/\/housebook-solutions.com\/wp-content\/uploads\/2022\/03\/app1.jpg","contentUrl":"https:\/\/housebook-solutions.com\/wp-content\/uploads\/2022\/03\/app1.jpg"},{"@type":"BreadcrumbList","@id":"https:\/\/housebook-solutions.com\/uber-uns\/#breadcrumb","itemListElement":[{"@type":"ListItem","position":1,"name":"Startseite","item":"https:\/\/housebook-solutions.com\/"},{"@type":"ListItem","position":2,"name":"\u00dcber Uns"}]},{"@type":"WebSite","@id":"https:\/\/housebook-solutions.com\/#website","url":"https:\/\/housebook-solutions.com\/","name":"Housebook | Die App f\u00fcr Baudokumentation &amp; Geb\u00e4udeverwaltung","description":"HOUSEBOOK ist ein Werkzeug, das aus einer Control-Software und einer mobilen App besteht. Das intuitive Panel erm\u00f6glicht die Erstellung der gesamten Dokumentation eines Investitions- und Bauprozesses an einem Ort.","publisher":{"@id":"https:\/\/housebook-solutions.com\/#organization"},"potentialAction":[{"@type":"SearchAction","target":{"@type":"EntryPoint","urlTemplate":"https:\/\/housebook-solutions.com\/?s={search_term_string}"},"query-input":"required name=search_term_string"}],"inLanguage":"en-GB"},{"@type":"Organization","@id":"https:\/\/housebook-solutions.com\/#organization","name":"Housebook GmbH","url":"https:\/\/housebook-solutions.com\/","logo":{"@type":"ImageObject","inLanguage":"en-GB","@id":"https:\/\/housebook-solutions.com\/#\/schema\/logo\/image\/","url":"https:\/\/housebook-solutions.com\/wp-content\/uploads\/2023\/04\/housebook-2023-primaryLogo.svg","contentUrl":"https:\/\/housebook-solutions.com\/wp-content\/uploads\/2023\/04\/housebook-2023-primaryLogo.svg","width":"1024","height":"1024","caption":"Housebook GmbH"},"image":{"@id":"https:\/\/housebook-solutions.com\/#\/schema\/logo\/image\/"},"sameAs":["https:\/\/www.facebook.com\/people\/Housebook-GmbH\/100064052342719\/","https:\/\/x.com\/housebook_app","https:\/\/www.linkedin.com\/company\/housebook-gmbh\/"]}]}},"_links":{"self":[{"href":"https:\/\/housebook-solutions.com\/en\/wp-json\/wp\/v2\/pages\/2295"}],"collection":[{"href":"https:\/\/housebook-solutions.com\/en\/wp-json\/wp\/v2\/pages"}],"about":[{"href":"https:\/\/housebook-solutions.com\/en\/wp-json\/wp\/v2\/types\/page"}],"author":[{"embeddable":true,"href":"https:\/\/housebook-solutions.com\/en\/wp-json\/wp\/v2\/users\/3"}],"replies":[{"embeddable":true,"href":"https:\/\/housebook-solutions.com\/en\/wp-json\/wp\/v2\/comments?post=2295"}],"version-history":[{"count":2,"href":"https:\/\/housebook-solutions.com\/en\/wp-json\/wp\/v2\/pages\/2295\/revisions"}],"predecessor-version":[{"id":4868,"href":"https:\/\/housebook-solutions.com\/en\/wp-json\/wp\/v2\/pages\/2295\/revisions\/4868"}],"wp:attachment":[{"href":"https:\/\/housebook-solutions.com\/en\/wp-json\/wp\/v2\/media?parent=2295"}],"curies":[{"name":"wp","href":"https:\/\/api.w.org\/{rel}","templated":true}]}}