{"id":3930,"date":"2022-09-01T12:15:03","date_gmt":"2022-09-01T10:15:03","guid":{"rendered":"https:\/\/aed39d6b-c452-4f65-a5e4-4242a2f27b98.h3.conves.io\/?page_id=3930"},"modified":"2024-02-07T11:18:19","modified_gmt":"2024-02-07T10:18:19","slug":"generalunternehmer","status":"publish","type":"page","link":"https:\/\/housebook-solutions.com\/en\/generalunternehmer\/","title":{"rendered":"General\u00adunternehmer"},"content":{"rendered":"<h6>Seamless documentation for <\/h6>\n<h2>\n\t\tGeneral\u00adunternehmer &#038; \u00d6BA\n\t<\/h2>\n\t<h5>AS A GENERAL CONTRACTOR OR DESIGN-BUILD CONTRACTOR, YOU ALWAYS HAVE CONTROL OVER ALL YOUR SUBCONTRACTORS AND CONTRACTORS. A SITE VISIT IS NOT NECESSARY, BUT YOU CAN STILL TAKE ACTIVE STEPS IF NECESSARY.<\/h5>\n<p class=\" translation-block\">Die mit dem Bauprozess verbundenen Materialien werden in der HOUSEBOOK App aufbewahrt und sind \u00fcber mobile Ger\u00e4te sowohl auf der Baustelle als auch w\u00e4hrend eines Treffens im B\u00fcro f\u00fcr die Mitglieder zug\u00e4nglich. Dank der HOUSEBOOK-App wird die Besprechung der Fortschritte in Bezug auf die Bauarbeiten deutlich einfacher. Durch Anwendung unseres digitalen Werkzeugs erzielen Sie eine zuverl\u00e4ssige Methode, so dass Sie mit Ihren <strong>Subunternehmen<\/strong> zu jeder Zeit und von jedem beliebigen Ort der Welt aus kommunizieren k\u00f6nnen.<\/p>\n\t\t\t<video src=\"https:\/\/housebook-solutions.com\/wp-content\/uploads\/2022\/09\/iphone-Versicherungen.mp4\" autoplay=\"\" webkit-playsinline=\"\" playsinline=\"\" loop=\"\" controls=\"\" muted=\"muted\" controlslist=\"nodownload\" poster=\"\" preload=\"none\"><\/video>\n<h3>\n\t\tBenefits for General Contractors\n\t<\/h3>\n\t<ul>\n\t\t\t<li>\n\t\t\t\tPerformance records for clients\n\t\t\t<\/li>\n\t\t\t<li>\n\t\t\t\tTime-saving documentation of all services for handover to the client\n\t\t\t<\/li>\n\t\t\t<li>\n\t\t\t\tEasy documentation of defects\n\t\t\t<\/li>\n\t\t\t<li>\n\t\t\t\tControl and documentation of executing trades\n\t\t\t<\/li>\n\t\t<\/ul>\n\t<ul>\n\t\t\t<li>\n\t\t\t\tDirect assignment of tasks to other contractors\n\t\t\t<\/li>\n\t\t\t<li>\n\t\t\t\tEase of work with collected documentation for clients\n\t\t\t<\/li>\n\t\t\t<li>\n\t\t\t\tTime savings through automatic logging\n\t\t\t<\/li>\n\t\t<\/ul>\n\t<h4>With HOUSEBOOK, you not only plan your employees' tasks but also ensure that they are carried out safely and on time.<\/h4>\n\t<h6>The monitoring of the investment process will become more coherent, organized, and effective thanks to the digital tool. You can plan your work in a safe and transparent way for all team members and provide complete documentation of the investment process. Don't let the responsible task ahead of you become too challenging.<\/h6>","protected":false},"excerpt":{"rendered":"<p>L\u00fcckenlose Dokumentation f\u00fcr General\u00adunternehmer &#038; \u00d6BA ALS GENERALUNTERNEHMER ODER TOTALUNTENEHMER HABEN SIE ALLE IHRE SUBUNTNEHMER UND AUFTRAGNEHMER IMMER UNTER KONTROLLE. DABEI IST EIN BAUSTELLENBESUCH NICHT ERFORDERLICH. DENNOCH K\u00d6NNEN SIE AKTIV EINGREIFEN FALLS DIES NOTWENDIG ERSCHEINT. Die mit dem Bauprozess verbundenen Materialien werden in der HOUSEBOOK App aufbewahrt und sind \u00fcber mobile Ger\u00e4te sowohl auf der &#8230; <a title=\"General\u00adunternehmer\" class=\"read-more\" href=\"https:\/\/housebook-solutions.com\/en\/generalunternehmer\/\" aria-label=\"Read more about General\u00adunternehmer\">Read more<\/a><\/p>","protected":false},"author":3,"featured_media":0,"parent":0,"menu_order":0,"comment_status":"closed","ping_status":"closed","template":"","meta":{"inline_featured_image":false,"footnotes":""},"class_list":["post-3930","page","type-page","status-publish"],"yoast_head":"<!-- This site is optimized with the Yoast SEO plugin v23.1 - https:\/\/yoast.com\/wordpress\/plugins\/seo\/ -->\n<title>General\u00adunternehmer - Housebook | Die App f\u00fcr Baudokumentation &amp; Geb\u00e4udeverwaltung<\/title>\n<meta name=\"robots\" content=\"index, follow, max-snippet:-1, max-image-preview:large, max-video-preview:-1\" \/>\n<link rel=\"canonical\" href=\"https:\/\/housebook-solutions.com\/en\/generalunternehmer\/\" \/>\n<meta property=\"og:locale\" content=\"en_GB\" \/>\n<meta property=\"og:type\" content=\"article\" \/>\n<meta property=\"og:title\" content=\"General\u00adunternehmer - Housebook | Die App f\u00fcr Baudokumentation &amp; Geb\u00e4udeverwaltung\" \/>\n<meta property=\"og:description\" content=\"L\u00fcckenlose Dokumentation f\u00fcr General\u00adunternehmer &#038; \u00d6BA ALS GENERALUNTERNEHMER ODER TOTALUNTENEHMER HABEN SIE ALLE IHRE SUBUNTNEHMER UND AUFTRAGNEHMER IMMER UNTER KONTROLLE. DABEI IST EIN BAUSTELLENBESUCH NICHT ERFORDERLICH. DENNOCH K\u00d6NNEN SIE AKTIV EINGREIFEN FALLS DIES NOTWENDIG ERSCHEINT. Die mit dem Bauprozess verbundenen Materialien werden in der HOUSEBOOK App aufbewahrt und sind \u00fcber mobile Ger\u00e4te sowohl auf der ... Read more\" \/>\n<meta property=\"og:url\" content=\"https:\/\/housebook-solutions.com\/en\/generalunternehmer\/\" \/>\n<meta property=\"og:site_name\" content=\"Housebook | Die App f\u00fcr Baudokumentation &amp; Geb\u00e4udeverwaltung\" \/>\n<meta property=\"article:publisher\" content=\"https:\/\/www.facebook.com\/people\/Housebook-GmbH\/100064052342719\/\" \/>\n<meta property=\"article:modified_time\" content=\"2024-02-07T10:18:19+00:00\" \/>\n<meta name=\"twitter:card\" content=\"summary_large_image\" \/>\n<meta name=\"twitter:site\" content=\"@housebook_app\" \/>\n<script type=\"application\/ld+json\" class=\"yoast-schema-graph\">{\"@context\":\"https:\/\/schema.org\",\"@graph\":[{\"@type\":\"WebPage\",\"@id\":\"https:\/\/housebook-solutions.com\/generalunternehmer\/\",\"url\":\"https:\/\/housebook-solutions.com\/generalunternehmer\/\",\"name\":\"General\u00adunternehmer - Housebook | Die App f\u00fcr Baudokumentation &amp; Geb\u00e4udeverwaltung\",\"isPartOf\":{\"@id\":\"https:\/\/housebook-solutions.com\/#website\"},\"datePublished\":\"2022-09-01T10:15:03+00:00\",\"dateModified\":\"2024-02-07T10:18:19+00:00\",\"breadcrumb\":{\"@id\":\"https:\/\/housebook-solutions.com\/generalunternehmer\/#breadcrumb\"},\"inLanguage\":\"en-GB\",\"potentialAction\":[{\"@type\":\"ReadAction\",\"target\":[\"https:\/\/housebook-solutions.com\/generalunternehmer\/\"]}]},{\"@type\":\"BreadcrumbList\",\"@id\":\"https:\/\/housebook-solutions.com\/generalunternehmer\/#breadcrumb\",\"itemListElement\":[{\"@type\":\"ListItem\",\"position\":1,\"name\":\"Startseite\",\"item\":\"https:\/\/housebook-solutions.com\/\"},{\"@type\":\"ListItem\",\"position\":2,\"name\":\"General\u00adunternehmer\"}]},{\"@type\":\"WebSite\",\"@id\":\"https:\/\/housebook-solutions.com\/#website\",\"url\":\"https:\/\/housebook-solutions.com\/\",\"name\":\"Housebook | Die App f\u00fcr Baudokumentation &amp; Geb\u00e4udeverwaltung\",\"description\":\"HOUSEBOOK ist ein Werkzeug, das aus einer Control-Software und einer mobilen App besteht. Das intuitive Panel erm\u00f6glicht die Erstellung der gesamten Dokumentation eines Investitions- und Bauprozesses an einem Ort.\",\"publisher\":{\"@id\":\"https:\/\/housebook-solutions.com\/#organization\"},\"potentialAction\":[{\"@type\":\"SearchAction\",\"target\":{\"@type\":\"EntryPoint\",\"urlTemplate\":\"https:\/\/housebook-solutions.com\/?s={search_term_string}\"},\"query-input\":\"required name=search_term_string\"}],\"inLanguage\":\"en-GB\"},{\"@type\":\"Organization\",\"@id\":\"https:\/\/housebook-solutions.com\/#organization\",\"name\":\"Housebook GmbH\",\"url\":\"https:\/\/housebook-solutions.com\/\",\"logo\":{\"@type\":\"ImageObject\",\"inLanguage\":\"en-GB\",\"@id\":\"https:\/\/housebook-solutions.com\/#\/schema\/logo\/image\/\",\"url\":\"https:\/\/housebook-solutions.com\/wp-content\/uploads\/2023\/04\/housebook-2023-primaryLogo.svg\",\"contentUrl\":\"https:\/\/housebook-solutions.com\/wp-content\/uploads\/2023\/04\/housebook-2023-primaryLogo.svg\",\"width\":\"1024\",\"height\":\"1024\",\"caption\":\"Housebook GmbH\"},\"image\":{\"@id\":\"https:\/\/housebook-solutions.com\/#\/schema\/logo\/image\/\"},\"sameAs\":[\"https:\/\/www.facebook.com\/people\/Housebook-GmbH\/100064052342719\/\",\"https:\/\/x.com\/housebook_app\",\"https:\/\/www.linkedin.com\/company\/housebook-gmbh\/\"]}]}<\/script>\n<!-- \/ Yoast SEO plugin. -->","yoast_head_json":{"title":"General\u00adunternehmer - Housebook | Die App f\u00fcr Baudokumentation &amp; Geb\u00e4udeverwaltung","robots":{"index":"index","follow":"follow","max-snippet":"max-snippet:-1","max-image-preview":"max-image-preview:large","max-video-preview":"max-video-preview:-1"},"canonical":"https:\/\/housebook-solutions.com\/en\/generalunternehmer\/","og_locale":"en_GB","og_type":"article","og_title":"General\u00adunternehmer - Housebook | Die App f\u00fcr Baudokumentation &amp; Geb\u00e4udeverwaltung","og_description":"L\u00fcckenlose Dokumentation f\u00fcr General\u00adunternehmer &#038; \u00d6BA ALS GENERALUNTERNEHMER ODER TOTALUNTENEHMER HABEN SIE ALLE IHRE SUBUNTNEHMER UND AUFTRAGNEHMER IMMER UNTER KONTROLLE. DABEI IST EIN BAUSTELLENBESUCH NICHT ERFORDERLICH. DENNOCH K\u00d6NNEN SIE AKTIV EINGREIFEN FALLS DIES NOTWENDIG ERSCHEINT. Die mit dem Bauprozess verbundenen Materialien werden in der HOUSEBOOK App aufbewahrt und sind \u00fcber mobile Ger\u00e4te sowohl auf der ... Read more","og_url":"https:\/\/housebook-solutions.com\/en\/generalunternehmer\/","og_site_name":"Housebook | Die App f\u00fcr Baudokumentation &amp; Geb\u00e4udeverwaltung","article_publisher":"https:\/\/www.facebook.com\/people\/Housebook-GmbH\/100064052342719\/","article_modified_time":"2024-02-07T10:18:19+00:00","twitter_card":"summary_large_image","twitter_site":"@housebook_app","schema":{"@context":"https:\/\/schema.org","@graph":[{"@type":"WebPage","@id":"https:\/\/housebook-solutions.com\/generalunternehmer\/","url":"https:\/\/housebook-solutions.com\/generalunternehmer\/","name":"General\u00adunternehmer - Housebook | Die App f\u00fcr Baudokumentation &amp; Geb\u00e4udeverwaltung","isPartOf":{"@id":"https:\/\/housebook-solutions.com\/#website"},"datePublished":"2022-09-01T10:15:03+00:00","dateModified":"2024-02-07T10:18:19+00:00","breadcrumb":{"@id":"https:\/\/housebook-solutions.com\/generalunternehmer\/#breadcrumb"},"inLanguage":"en-GB","potentialAction":[{"@type":"ReadAction","target":["https:\/\/housebook-solutions.com\/generalunternehmer\/"]}]},{"@type":"BreadcrumbList","@id":"https:\/\/housebook-solutions.com\/generalunternehmer\/#breadcrumb","itemListElement":[{"@type":"ListItem","position":1,"name":"Startseite","item":"https:\/\/housebook-solutions.com\/"},{"@type":"ListItem","position":2,"name":"General\u00adunternehmer"}]},{"@type":"WebSite","@id":"https:\/\/housebook-solutions.com\/#website","url":"https:\/\/housebook-solutions.com\/","name":"Housebook | Die App f\u00fcr Baudokumentation &amp; Geb\u00e4udeverwaltung","description":"HOUSEBOOK ist ein Werkzeug, das aus einer Control-Software und einer mobilen App besteht. Das intuitive Panel erm\u00f6glicht die Erstellung der gesamten Dokumentation eines Investitions- und Bauprozesses an einem Ort.","publisher":{"@id":"https:\/\/housebook-solutions.com\/#organization"},"potentialAction":[{"@type":"SearchAction","target":{"@type":"EntryPoint","urlTemplate":"https:\/\/housebook-solutions.com\/?s={search_term_string}"},"query-input":"required name=search_term_string"}],"inLanguage":"en-GB"},{"@type":"Organization","@id":"https:\/\/housebook-solutions.com\/#organization","name":"Housebook GmbH","url":"https:\/\/housebook-solutions.com\/","logo":{"@type":"ImageObject","inLanguage":"en-GB","@id":"https:\/\/housebook-solutions.com\/#\/schema\/logo\/image\/","url":"https:\/\/housebook-solutions.com\/wp-content\/uploads\/2023\/04\/housebook-2023-primaryLogo.svg","contentUrl":"https:\/\/housebook-solutions.com\/wp-content\/uploads\/2023\/04\/housebook-2023-primaryLogo.svg","width":"1024","height":"1024","caption":"Housebook GmbH"},"image":{"@id":"https:\/\/housebook-solutions.com\/#\/schema\/logo\/image\/"},"sameAs":["https:\/\/www.facebook.com\/people\/Housebook-GmbH\/100064052342719\/","https:\/\/x.com\/housebook_app","https:\/\/www.linkedin.com\/company\/housebook-gmbh\/"]}]}},"_links":{"self":[{"href":"https:\/\/housebook-solutions.com\/en\/wp-json\/wp\/v2\/pages\/3930"}],"collection":[{"href":"https:\/\/housebook-solutions.com\/en\/wp-json\/wp\/v2\/pages"}],"about":[{"href":"https:\/\/housebook-solutions.com\/en\/wp-json\/wp\/v2\/types\/page"}],"author":[{"embeddable":true,"href":"https:\/\/housebook-solutions.com\/en\/wp-json\/wp\/v2\/users\/3"}],"replies":[{"embeddable":true,"href":"https:\/\/housebook-solutions.com\/en\/wp-json\/wp\/v2\/comments?post=3930"}],"version-history":[{"count":6,"href":"https:\/\/housebook-solutions.com\/en\/wp-json\/wp\/v2\/pages\/3930\/revisions"}],"predecessor-version":[{"id":4731,"href":"https:\/\/housebook-solutions.com\/en\/wp-json\/wp\/v2\/pages\/3930\/revisions\/4731"}],"wp:attachment":[{"href":"https:\/\/housebook-solutions.com\/en\/wp-json\/wp\/v2\/media?parent=3930"}],"curies":[{"name":"wp","href":"https:\/\/api.w.org\/{rel}","templated":true}]}}