{"id":3984,"date":"2022-09-01T12:56:53","date_gmt":"2022-09-01T10:56:53","guid":{"rendered":"https:\/\/aed39d6b-c452-4f65-a5e4-4242a2f27b98.h3.conves.io\/?page_id=3984"},"modified":"2024-02-07T11:25:26","modified_gmt":"2024-02-07T10:25:26","slug":"immobilienverwalter","status":"publish","type":"page","link":"https:\/\/housebook-solutions.com\/en\/immobilienverwalter\/","title":{"rendered":"Technische Immobilienverwalter"},"content":{"rendered":"<h6>Analysis for<\/h6>\n<h2>\n\t\tTechnical property managers\n\t<\/h2>\n\t<h5>ANALYZING AND MONITORING THE CONDITION OF THE USED PROPERTY CAN BE A DEMANDING PROCESS.<\/h5>\n<p>Fortunately, you can optimize these processes with the digital tool. HOUSEBOOK offers unlimited possibilities to monitor all aspects related to building safety and the current condition of the building.<\/p>\n\t\t\t<video src=\"https:\/\/housebook-solutions.com\/wp-content\/uploads\/2022\/09\/iphone-Immobilienverwalter.mp4\" autoplay=\"\" webkit-playsinline=\"\" playsinline=\"\" loop=\"\" controls=\"\" muted=\"muted\" controlslist=\"nodownload\" poster=\"\" preload=\"none\"><\/video>\n<h3>\n\t\tBenefits for Technical Property Managers\n\t<\/h3>\n\t<ul>\n\t\t\t<li>\n\t\t\t\tDirect assignment of tasks to contractors\n\t\t\t<\/li>\n\t\t\t<li>\n\t\t\t\tDigital maintenance calendar\n\t\t\t<\/li>\n\t\t\t<li>\n\t\t\t\tMonitoring of recurring inspections and work by contractors\n\t\t\t<\/li>\n\t\t\t<li>\n\t\t\t\tDefect management\n\t\t\t<\/li>\n\t\t\t<li>\n\t\t\t\tMonitoring service provider (e.g., caretaker or cleaning company)\n\t\t\t<\/li>\n\t\t<\/ul>\n\t<ul>\n\t\t\t<li>\n\t\t\t\tRegular inspections of properties\n\t\t\t<\/li>\n\t\t\t<li>\n\t\t\t\tTesting of technical equipment and maintenance contracts\n\t\t\t<\/li>\n\t\t\t<li>\n\t\t\t\tProcessing of insurance claims for damage settlement \n\t\t\t<\/li>\n\t\t\t<li>\n\t\t\t\tFree use of the Housebook app for contractors\n\t\t\t<\/li>\n\t\t<\/ul>\n\t<h4>With HOUSEBOOK, you not only plan your employees' tasks but also ensure that they are carried out safely and on time.<\/h4>\n\t<h6>The monitoring of the investment process will become more coherent, organized, and effective thanks to the digital tool. You can plan your work in a safe and transparent way for all team members and provide complete documentation of the investment process. Don't let the responsible task ahead of you become too challenging.<\/h6>","protected":false},"excerpt":{"rendered":"<p>Analyse f\u00fcr Technische Immobilien&shy;verwalter DIE ANALYSE UND \u00dcBERWACHUNG DES ZUSTANDS DER GENUTZTEN IMMOBILIE STELLT EINEN DURCHHAUS ANSPRUCHSVOLLEN PROZESS DAR. Zum Gl\u00fcck k\u00f6nnen Sie diese Prozesse mit dem digitalen Werkzeug optimalisieren. HOUSEBOOK bietet unbeschr\u00e4nkte M\u00f6glichkeiten, alle mit der Geb\u00e4udesicherheit und mit dem aktuellen Geb\u00e4udezustand verbundenen Aspekte zu \u00fcberwachen. Vorteile f\u00fcr technische Immobilien&shy;verwalter Direkte Aufgabenverteilung an Auftragnehmer &#8230; <a title=\"Technische Immobilienverwalter\" class=\"read-more\" href=\"https:\/\/housebook-solutions.com\/en\/immobilienverwalter\/\" aria-label=\"Read more about Technische Immobilienverwalter\">Read more<\/a><\/p>","protected":false},"author":3,"featured_media":0,"parent":0,"menu_order":0,"comment_status":"closed","ping_status":"closed","template":"","meta":{"inline_featured_image":false,"footnotes":""},"class_list":["post-3984","page","type-page","status-publish"],"yoast_head":"<!-- This site is optimized with the Yoast SEO plugin v23.1 - https:\/\/yoast.com\/wordpress\/plugins\/seo\/ -->\n<title>Technische Immobilienverwalter - Housebook | Die App f\u00fcr Baudokumentation &amp; Geb\u00e4udeverwaltung<\/title>\n<meta name=\"description\" content=\"DIE ANALYSE UND \u00dcBERWACHUNG DES ZUSTANDS DER GENUTZTEN IMMOBILIE STELLT EINEN DURCHHAUS ANSPRUCHSVOLLEN PROZESS DAR.Zum Gl\u00fcck k\u00f6nnen Sie diese Prozesse mit dem digitalen Werkzeug optimalisieren. HOUSEBOOK bietet unbeschr\u00e4nkte M\u00f6glichkeiten, alle mit der Geb\u00e4udesicherheit und mit dem aktuellen Geb\u00e4udezustand verbundenen Aspekte zu \u00fcberwachen.\" \/>\n<meta name=\"robots\" content=\"index, follow, max-snippet:-1, max-image-preview:large, max-video-preview:-1\" \/>\n<link rel=\"canonical\" href=\"https:\/\/housebook-solutions.com\/en\/immobilienverwalter\/\" \/>\n<meta property=\"og:locale\" content=\"en_GB\" \/>\n<meta property=\"og:type\" content=\"article\" \/>\n<meta property=\"og:title\" content=\"Technische Immobilienverwalter - Housebook | Die App f\u00fcr Baudokumentation &amp; Geb\u00e4udeverwaltung\" \/>\n<meta property=\"og:description\" content=\"DIE ANALYSE UND \u00dcBERWACHUNG DES ZUSTANDS DER GENUTZTEN IMMOBILIE STELLT EINEN DURCHHAUS ANSPRUCHSVOLLEN PROZESS DAR.Zum Gl\u00fcck k\u00f6nnen Sie diese Prozesse mit dem digitalen Werkzeug optimalisieren. HOUSEBOOK bietet unbeschr\u00e4nkte M\u00f6glichkeiten, alle mit der Geb\u00e4udesicherheit und mit dem aktuellen Geb\u00e4udezustand verbundenen Aspekte zu \u00fcberwachen.\" \/>\n<meta property=\"og:url\" content=\"https:\/\/housebook-solutions.com\/en\/immobilienverwalter\/\" \/>\n<meta property=\"og:site_name\" content=\"Housebook | Die App f\u00fcr Baudokumentation &amp; Geb\u00e4udeverwaltung\" \/>\n<meta property=\"article:publisher\" content=\"https:\/\/www.facebook.com\/people\/Housebook-GmbH\/100064052342719\/\" \/>\n<meta property=\"article:modified_time\" content=\"2024-02-07T10:25:26+00:00\" \/>\n<meta name=\"twitter:card\" content=\"summary_large_image\" \/>\n<meta name=\"twitter:site\" content=\"@housebook_app\" \/>\n<script type=\"application\/ld+json\" class=\"yoast-schema-graph\">{\"@context\":\"https:\/\/schema.org\",\"@graph\":[{\"@type\":\"WebPage\",\"@id\":\"https:\/\/housebook-solutions.com\/immobilienverwalter\/\",\"url\":\"https:\/\/housebook-solutions.com\/immobilienverwalter\/\",\"name\":\"Technische Immobilienverwalter - Housebook | Die App f\u00fcr Baudokumentation &amp; Geb\u00e4udeverwaltung\",\"isPartOf\":{\"@id\":\"https:\/\/housebook-solutions.com\/#website\"},\"datePublished\":\"2022-09-01T10:56:53+00:00\",\"dateModified\":\"2024-02-07T10:25:26+00:00\",\"description\":\"DIE ANALYSE UND \u00dcBERWACHUNG DES ZUSTANDS DER GENUTZTEN IMMOBILIE STELLT EINEN DURCHHAUS ANSPRUCHSVOLLEN PROZESS DAR.Zum Gl\u00fcck k\u00f6nnen Sie diese Prozesse mit dem digitalen Werkzeug optimalisieren. HOUSEBOOK bietet unbeschr\u00e4nkte M\u00f6glichkeiten, alle mit der Geb\u00e4udesicherheit und mit dem aktuellen Geb\u00e4udezustand verbundenen Aspekte zu \u00fcberwachen.\",\"breadcrumb\":{\"@id\":\"https:\/\/housebook-solutions.com\/immobilienverwalter\/#breadcrumb\"},\"inLanguage\":\"en-GB\",\"potentialAction\":[{\"@type\":\"ReadAction\",\"target\":[\"https:\/\/housebook-solutions.com\/immobilienverwalter\/\"]}]},{\"@type\":\"BreadcrumbList\",\"@id\":\"https:\/\/housebook-solutions.com\/immobilienverwalter\/#breadcrumb\",\"itemListElement\":[{\"@type\":\"ListItem\",\"position\":1,\"name\":\"Startseite\",\"item\":\"https:\/\/housebook-solutions.com\/\"},{\"@type\":\"ListItem\",\"position\":2,\"name\":\"Technische Immobilienverwalter\"}]},{\"@type\":\"WebSite\",\"@id\":\"https:\/\/housebook-solutions.com\/#website\",\"url\":\"https:\/\/housebook-solutions.com\/\",\"name\":\"Housebook | Die App f\u00fcr Baudokumentation &amp; Geb\u00e4udeverwaltung\",\"description\":\"HOUSEBOOK ist ein Werkzeug, das aus einer Control-Software und einer mobilen App besteht. Das intuitive Panel erm\u00f6glicht die Erstellung der gesamten Dokumentation eines Investitions- und Bauprozesses an einem Ort.\",\"publisher\":{\"@id\":\"https:\/\/housebook-solutions.com\/#organization\"},\"potentialAction\":[{\"@type\":\"SearchAction\",\"target\":{\"@type\":\"EntryPoint\",\"urlTemplate\":\"https:\/\/housebook-solutions.com\/?s={search_term_string}\"},\"query-input\":\"required name=search_term_string\"}],\"inLanguage\":\"en-GB\"},{\"@type\":\"Organization\",\"@id\":\"https:\/\/housebook-solutions.com\/#organization\",\"name\":\"Housebook GmbH\",\"url\":\"https:\/\/housebook-solutions.com\/\",\"logo\":{\"@type\":\"ImageObject\",\"inLanguage\":\"en-GB\",\"@id\":\"https:\/\/housebook-solutions.com\/#\/schema\/logo\/image\/\",\"url\":\"https:\/\/housebook-solutions.com\/wp-content\/uploads\/2023\/04\/housebook-2023-primaryLogo.svg\",\"contentUrl\":\"https:\/\/housebook-solutions.com\/wp-content\/uploads\/2023\/04\/housebook-2023-primaryLogo.svg\",\"width\":\"1024\",\"height\":\"1024\",\"caption\":\"Housebook GmbH\"},\"image\":{\"@id\":\"https:\/\/housebook-solutions.com\/#\/schema\/logo\/image\/\"},\"sameAs\":[\"https:\/\/www.facebook.com\/people\/Housebook-GmbH\/100064052342719\/\",\"https:\/\/x.com\/housebook_app\",\"https:\/\/www.linkedin.com\/company\/housebook-gmbh\/\"]}]}<\/script>\n<!-- \/ Yoast SEO plugin. -->","yoast_head_json":{"title":"Technische Immobilienverwalter - Housebook | Die App f\u00fcr Baudokumentation &amp; Geb\u00e4udeverwaltung","description":"DIE ANALYSE UND \u00dcBERWACHUNG DES ZUSTANDS DER GENUTZTEN IMMOBILIE STELLT EINEN DURCHHAUS ANSPRUCHSVOLLEN PROZESS DAR.Zum Gl\u00fcck k\u00f6nnen Sie diese Prozesse mit dem digitalen Werkzeug optimalisieren. HOUSEBOOK bietet unbeschr\u00e4nkte M\u00f6glichkeiten, alle mit der Geb\u00e4udesicherheit und mit dem aktuellen Geb\u00e4udezustand verbundenen Aspekte zu \u00fcberwachen.","robots":{"index":"index","follow":"follow","max-snippet":"max-snippet:-1","max-image-preview":"max-image-preview:large","max-video-preview":"max-video-preview:-1"},"canonical":"https:\/\/housebook-solutions.com\/en\/immobilienverwalter\/","og_locale":"en_GB","og_type":"article","og_title":"Technische Immobilienverwalter - Housebook | Die App f\u00fcr Baudokumentation &amp; Geb\u00e4udeverwaltung","og_description":"DIE ANALYSE UND \u00dcBERWACHUNG DES ZUSTANDS DER GENUTZTEN IMMOBILIE STELLT EINEN DURCHHAUS ANSPRUCHSVOLLEN PROZESS DAR.Zum Gl\u00fcck k\u00f6nnen Sie diese Prozesse mit dem digitalen Werkzeug optimalisieren. HOUSEBOOK bietet unbeschr\u00e4nkte M\u00f6glichkeiten, alle mit der Geb\u00e4udesicherheit und mit dem aktuellen Geb\u00e4udezustand verbundenen Aspekte zu \u00fcberwachen.","og_url":"https:\/\/housebook-solutions.com\/en\/immobilienverwalter\/","og_site_name":"Housebook | Die App f\u00fcr Baudokumentation &amp; Geb\u00e4udeverwaltung","article_publisher":"https:\/\/www.facebook.com\/people\/Housebook-GmbH\/100064052342719\/","article_modified_time":"2024-02-07T10:25:26+00:00","twitter_card":"summary_large_image","twitter_site":"@housebook_app","schema":{"@context":"https:\/\/schema.org","@graph":[{"@type":"WebPage","@id":"https:\/\/housebook-solutions.com\/immobilienverwalter\/","url":"https:\/\/housebook-solutions.com\/immobilienverwalter\/","name":"Technische Immobilienverwalter - Housebook | Die App f\u00fcr Baudokumentation &amp; Geb\u00e4udeverwaltung","isPartOf":{"@id":"https:\/\/housebook-solutions.com\/#website"},"datePublished":"2022-09-01T10:56:53+00:00","dateModified":"2024-02-07T10:25:26+00:00","description":"DIE ANALYSE UND \u00dcBERWACHUNG DES ZUSTANDS DER GENUTZTEN IMMOBILIE STELLT EINEN DURCHHAUS ANSPRUCHSVOLLEN PROZESS DAR.Zum Gl\u00fcck k\u00f6nnen Sie diese Prozesse mit dem digitalen Werkzeug optimalisieren. HOUSEBOOK bietet unbeschr\u00e4nkte M\u00f6glichkeiten, alle mit der Geb\u00e4udesicherheit und mit dem aktuellen Geb\u00e4udezustand verbundenen Aspekte zu \u00fcberwachen.","breadcrumb":{"@id":"https:\/\/housebook-solutions.com\/immobilienverwalter\/#breadcrumb"},"inLanguage":"en-GB","potentialAction":[{"@type":"ReadAction","target":["https:\/\/housebook-solutions.com\/immobilienverwalter\/"]}]},{"@type":"BreadcrumbList","@id":"https:\/\/housebook-solutions.com\/immobilienverwalter\/#breadcrumb","itemListElement":[{"@type":"ListItem","position":1,"name":"Startseite","item":"https:\/\/housebook-solutions.com\/"},{"@type":"ListItem","position":2,"name":"Technische Immobilienverwalter"}]},{"@type":"WebSite","@id":"https:\/\/housebook-solutions.com\/#website","url":"https:\/\/housebook-solutions.com\/","name":"Housebook | Die App f\u00fcr Baudokumentation &amp; Geb\u00e4udeverwaltung","description":"HOUSEBOOK ist ein Werkzeug, das aus einer Control-Software und einer mobilen App besteht. Das intuitive Panel erm\u00f6glicht die Erstellung der gesamten Dokumentation eines Investitions- und Bauprozesses an einem Ort.","publisher":{"@id":"https:\/\/housebook-solutions.com\/#organization"},"potentialAction":[{"@type":"SearchAction","target":{"@type":"EntryPoint","urlTemplate":"https:\/\/housebook-solutions.com\/?s={search_term_string}"},"query-input":"required name=search_term_string"}],"inLanguage":"en-GB"},{"@type":"Organization","@id":"https:\/\/housebook-solutions.com\/#organization","name":"Housebook GmbH","url":"https:\/\/housebook-solutions.com\/","logo":{"@type":"ImageObject","inLanguage":"en-GB","@id":"https:\/\/housebook-solutions.com\/#\/schema\/logo\/image\/","url":"https:\/\/housebook-solutions.com\/wp-content\/uploads\/2023\/04\/housebook-2023-primaryLogo.svg","contentUrl":"https:\/\/housebook-solutions.com\/wp-content\/uploads\/2023\/04\/housebook-2023-primaryLogo.svg","width":"1024","height":"1024","caption":"Housebook GmbH"},"image":{"@id":"https:\/\/housebook-solutions.com\/#\/schema\/logo\/image\/"},"sameAs":["https:\/\/www.facebook.com\/people\/Housebook-GmbH\/100064052342719\/","https:\/\/x.com\/housebook_app","https:\/\/www.linkedin.com\/company\/housebook-gmbh\/"]}]}},"_links":{"self":[{"href":"https:\/\/housebook-solutions.com\/en\/wp-json\/wp\/v2\/pages\/3984"}],"collection":[{"href":"https:\/\/housebook-solutions.com\/en\/wp-json\/wp\/v2\/pages"}],"about":[{"href":"https:\/\/housebook-solutions.com\/en\/wp-json\/wp\/v2\/types\/page"}],"author":[{"embeddable":true,"href":"https:\/\/housebook-solutions.com\/en\/wp-json\/wp\/v2\/users\/3"}],"replies":[{"embeddable":true,"href":"https:\/\/housebook-solutions.com\/en\/wp-json\/wp\/v2\/comments?post=3984"}],"version-history":[{"count":4,"href":"https:\/\/housebook-solutions.com\/en\/wp-json\/wp\/v2\/pages\/3984\/revisions"}],"predecessor-version":[{"id":4735,"href":"https:\/\/housebook-solutions.com\/en\/wp-json\/wp\/v2\/pages\/3984\/revisions\/4735"}],"wp:attachment":[{"href":"https:\/\/housebook-solutions.com\/en\/wp-json\/wp\/v2\/media?parent=3984"}],"curies":[{"name":"wp","href":"https:\/\/api.w.org\/{rel}","templated":true}]}}