{"id":753,"date":"2022-03-09T13:10:36","date_gmt":"2022-03-09T12:10:36","guid":{"rendered":"https:\/\/aed39d6b-c452-4f65-a5e4-4242a2f27b98.h3.conves.io\/?page_id=753"},"modified":"2024-02-07T11:12:01","modified_gmt":"2024-02-07T10:12:01","slug":"app","status":"publish","type":"page","link":"https:\/\/housebook-solutions.com\/en\/app\/","title":{"rendered":"App"},"content":{"rendered":"<h2>Housebook App<\/h2>\n\t<h6 class=\" translation-block\">Housebook is the perfect app for <span class=\"about_red\">developers, general contractors, architects, supervisory inspectors, insurance companies, site managers, insurance companies and building managers<\/span>, making their jobs more effective and making it easier to manage every phase of a construction investment.\n\nSee how the HOUSEBOOK app can help during the construction process and property management.<\/h6>\n\t\t\t<a href=\"https:\/\/itunes.apple.com\/de\/app\/housebook-app\/id1109844386?mt=8\" target=\"_blank\" rel=\"noopener\">\n\t\t\t\t\t\tiOS app\n\t\t\t\t\t<\/a>\n\t\t\t<a href=\"https:\/\/play.google.com\/store\/apps\/details?id=at.bitstudios.housebook\" target=\"_blank\" rel=\"noopener\">\n\t\t\t\t\t\tAndroid app\n\t\t\t\t\t<\/a>\n\t<img decoding=\"async\" id=\"change-image\" src=\"\/wp-content\/uploads\/2022\/03\/app-home2.jpg\" alt=\"Housebook App\" \/>\n\t<h6>Overview of app functions<\/h6>\n        <img decoding=\"async\" src=\"\/wp-content\/uploads\/2022\/03\/housebook-icons-locationTracking.svg\" alt=\"HOUSEBOOK App\" width=\"30\" \/>\n        <h3>Easy Login &amp; Location Tracking<\/h3>\n        \u00dcber die an Ihrer Immobilie angebrachten QR-Codes melden Sie sich mit der Housebook App beim System an. Ihr Standort wird bestimmt &#8211; es kann losgehen! Ihre QR-Codes k\u00f6nnen Sie mit <a href=\"https:\/\/housebook-solutions.com\/en\/control-de\/\">HOUSEBOOK CONTROL<\/a> erstellen.\n    \n        <img decoding=\"async\" src=\"\/wp-content\/uploads\/2022\/03\/housebook-icons-descriptions.svg\" alt=\"HOUSEBOOK App\" width=\"35\" \/>\n        <h3>All descriptions at a glance<\/h3>\n        No more tedious searches! All descriptions are accessible after logging in \u2013 anytime and anywhere.\n    \n        <img decoding=\"async\" src=\"\/wp-content\/uploads\/2022\/03\/housebook-icons-documentation.svg\" alt=\"HOUSEBOOK App\" width=\"35\" \/>\n        <h3>Documentation<\/h3>\n        <p>The flexible real estate documentation. All processes stored for an object can be printed out in several ways. All processes and fields of operation can be created flexibly, stored and printed out for each property.<\/p>\n        <img decoding=\"async\" src=\"\/wp-content\/uploads\/2022\/03\/housebook-icons-backup.svg\" alt=\"HOUSEBOOK App\" width=\"35\" \/>\n        <h3>Made easy backup<\/h3>\n        <p class=\" translation-block\">All data are connected with their relevant QR code, collected and stored in a cloud. This way, the data do not only stay connected with the property constantly, but they do not consume storage space on your hard disk either.<\/p>\n\t<h6>Advantages<\/h6>\n\t<h3>Learn how to control defects on construction site or in existing buildings through your mobile device<\/h3>\n\t<a href=\"https:\/\/control.housebook-solutions.com\/#signup\/de\" target=\"_blank\" rel=\"noopener\">Register for free trial<\/a>\n        a01\n        <h4>Monitoring<\/h4>\n        Kontrolle der aktuellen Phase und der mit der Beseitigung von M\u00e4ngeln verbundenen Arbeitsfortschritte.\n\n        a02\n        <h4>Efficiency<\/h4>\n<p>Increasing the return on investment through proper management of identification and repair of defects.<\/p>\n        a03\n        <h4>Documenting<\/h4>\nBlitzschnelle Dokumentation von Inspektionen aller Art und der Abnahme von Arbeiten.\n\n        a04\n        <h4>QR Code<\/h4>\n<p>Identify each property within seconds.<\/p>\n        a05\n        <h4>Intuitiveness<\/h4>\n<p>Easy acceptance procedures for housing units, easy inspections and acceptance procedures for construction works and fire protection systems, easy safety inspections.<\/p>\n        a06\n        <h4>3D BiM<\/h4>\n<p>Enables connection with 3D BiM software via Hyperlink.<\/p>\n\t<h3>Who benefits from Housebook?<\/h3>\n        <a href=\"https:\/\/housebook-solutions.com\/en\/bautraeger\/\"><img decoding=\"async\" src=\"\/wp-content\/uploads\/2022\/03\/housebook-icons-controlPlatform.svg\" alt=\"HOUSEBOOK App\" width=\"35\" \/><br \/>Bau&shy;tr\u00e4ger &#038; Inves&shy;toren<\/a>\n        <a href=\"https:\/\/housebook-solutions.com\/en\/generalunternehmer\/\"><img decoding=\"async\" src=\"\/wp-content\/uploads\/2022\/03\/housebook-icons-realEstate1.svg\" alt=\"HOUSEBOOK App\" width=\"35\" \/><br \/>General&shy;unternehmer &#038; \u00d6BA<\/a>\n        <a href=\"https:\/\/housebook-solutions.com\/en\/architekten\/\"><img decoding=\"async\" src=\"\/wp-content\/uploads\/2022\/03\/housebook-icons-architects1.svg\" alt=\"HOUSEBOOK App\" width=\"32\" \/><br \/>Architekten &#038; Immo&shy;bilien&shy;ent&shy;wickler<\/a>\n        <a href=\"https:\/\/housebook-solutions.com\/en\/sicherheitsfachkraefte\/\"><img decoding=\"async\" src=\"\/wp-content\/uploads\/2022\/03\/housebook-icons-inspectors1.svg\" alt=\"HOUSEBOOK App\" width=\"30\" \/><br \/>SAFETY SPECIALISTS<\/a>\n        <a href=\"https:\/\/housebook-solutions.com\/en\/immobilienverwalter\/\"><img decoding=\"async\" src=\"\/wp-content\/uploads\/2022\/03\/housebook-icons-propertyManagers.svg\" alt=\"HOUSEBOOK App\" width=\"40\" \/><br \/>Technical property managers<\/a>\n        <a href=\"https:\/\/housebook-solutions.com\/en\/versicherungsgesellschaften\/\"><img decoding=\"async\" src=\"\/wp-content\/uploads\/2022\/03\/housebook-icons-insurance.svg\" alt=\"HOUSEBOOK App\" width=\"40\" \/><br \/>INSURANCE COMPANIES<\/a>\n    <a href=\"https:\/\/control.housebook-solutions.com\/#signup\/de\" target=\"_blank\" rel=\"noopener\">REGISTER FOR FREE and start your first project<\/a>","protected":false},"excerpt":{"rendered":"<p>Housebook App Housebook ist die perfekte App f\u00fcr Bautr\u00e4ger, Generalunternehmer, Architekten, Aufsichtsinspektoren, Versicherungsgesellschaften, Bauleiter, Versicherungsunternehmen und Geb\u00e4udeverwalter, die ihre Arbeit effektiver macht und die Verwaltung jeder Phase einer Bauinvestition erleichtert. Sehen Sie sich an, wie die HOUSEBOOK App w\u00e4hrend des Bauprozesses und bei der Immobilienverwaltung behilflich sein kann. iOS app Android app App-Funktionen im \u00dcberblick &#8230; <a title=\"App\" class=\"read-more\" href=\"https:\/\/housebook-solutions.com\/en\/app\/\" aria-label=\"Read more about App\">Read more<\/a><\/p>","protected":false},"author":3,"featured_media":0,"parent":0,"menu_order":0,"comment_status":"closed","ping_status":"closed","template":"","meta":{"inline_featured_image":false,"footnotes":""},"class_list":["post-753","page","type-page","status-publish"],"yoast_head":"<!-- This site is optimized with the Yoast SEO plugin v23.1 - https:\/\/yoast.com\/wordpress\/plugins\/seo\/ -->\n<title>App - Housebook | Die App f\u00fcr Baudokumentation &amp; Geb\u00e4udeverwaltung<\/title>\n<meta name=\"robots\" content=\"index, follow, max-snippet:-1, max-image-preview:large, max-video-preview:-1\" \/>\n<link rel=\"canonical\" href=\"https:\/\/housebook-solutions.com\/en\/app\/\" \/>\n<meta property=\"og:locale\" content=\"en_GB\" \/>\n<meta property=\"og:type\" content=\"article\" \/>\n<meta property=\"og:title\" content=\"App - Housebook | Die App f\u00fcr Baudokumentation &amp; Geb\u00e4udeverwaltung\" \/>\n<meta property=\"og:description\" content=\"Housebook App Housebook ist die perfekte App f\u00fcr Bautr\u00e4ger, Generalunternehmer, Architekten, Aufsichtsinspektoren, Versicherungsgesellschaften, Bauleiter, Versicherungsunternehmen und Geb\u00e4udeverwalter, die ihre Arbeit effektiver macht und die Verwaltung jeder Phase einer Bauinvestition erleichtert. Sehen Sie sich an, wie die HOUSEBOOK App w\u00e4hrend des Bauprozesses und bei der Immobilienverwaltung behilflich sein kann. iOS app Android app App-Funktionen im \u00dcberblick ... Read more\" \/>\n<meta property=\"og:url\" content=\"https:\/\/housebook-solutions.com\/en\/app\/\" \/>\n<meta property=\"og:site_name\" content=\"Housebook | Die App f\u00fcr Baudokumentation &amp; Geb\u00e4udeverwaltung\" \/>\n<meta property=\"article:publisher\" content=\"https:\/\/www.facebook.com\/people\/Housebook-GmbH\/100064052342719\/\" \/>\n<meta property=\"article:modified_time\" content=\"2024-02-07T10:12:01+00:00\" \/>\n<meta name=\"twitter:card\" content=\"summary_large_image\" \/>\n<meta name=\"twitter:site\" content=\"@housebook_app\" \/>\n<script type=\"application\/ld+json\" class=\"yoast-schema-graph\">{\"@context\":\"https:\/\/schema.org\",\"@graph\":[{\"@type\":\"WebPage\",\"@id\":\"https:\/\/housebook-solutions.com\/app\/\",\"url\":\"https:\/\/housebook-solutions.com\/app\/\",\"name\":\"App - Housebook | Die App f\u00fcr Baudokumentation &amp; Geb\u00e4udeverwaltung\",\"isPartOf\":{\"@id\":\"https:\/\/housebook-solutions.com\/#website\"},\"datePublished\":\"2022-03-09T12:10:36+00:00\",\"dateModified\":\"2024-02-07T10:12:01+00:00\",\"breadcrumb\":{\"@id\":\"https:\/\/housebook-solutions.com\/app\/#breadcrumb\"},\"inLanguage\":\"en-GB\",\"potentialAction\":[{\"@type\":\"ReadAction\",\"target\":[\"https:\/\/housebook-solutions.com\/app\/\"]}]},{\"@type\":\"BreadcrumbList\",\"@id\":\"https:\/\/housebook-solutions.com\/app\/#breadcrumb\",\"itemListElement\":[{\"@type\":\"ListItem\",\"position\":1,\"name\":\"Startseite\",\"item\":\"https:\/\/housebook-solutions.com\/\"},{\"@type\":\"ListItem\",\"position\":2,\"name\":\"App\"}]},{\"@type\":\"WebSite\",\"@id\":\"https:\/\/housebook-solutions.com\/#website\",\"url\":\"https:\/\/housebook-solutions.com\/\",\"name\":\"Housebook | Die App f\u00fcr Baudokumentation &amp; Geb\u00e4udeverwaltung\",\"description\":\"HOUSEBOOK ist ein Werkzeug, das aus einer Control-Software und einer mobilen App besteht. Das intuitive Panel erm\u00f6glicht die Erstellung der gesamten Dokumentation eines Investitions- und Bauprozesses an einem Ort.\",\"publisher\":{\"@id\":\"https:\/\/housebook-solutions.com\/#organization\"},\"potentialAction\":[{\"@type\":\"SearchAction\",\"target\":{\"@type\":\"EntryPoint\",\"urlTemplate\":\"https:\/\/housebook-solutions.com\/?s={search_term_string}\"},\"query-input\":\"required name=search_term_string\"}],\"inLanguage\":\"en-GB\"},{\"@type\":\"Organization\",\"@id\":\"https:\/\/housebook-solutions.com\/#organization\",\"name\":\"Housebook GmbH\",\"url\":\"https:\/\/housebook-solutions.com\/\",\"logo\":{\"@type\":\"ImageObject\",\"inLanguage\":\"en-GB\",\"@id\":\"https:\/\/housebook-solutions.com\/#\/schema\/logo\/image\/\",\"url\":\"https:\/\/housebook-solutions.com\/wp-content\/uploads\/2023\/04\/housebook-2023-primaryLogo.svg\",\"contentUrl\":\"https:\/\/housebook-solutions.com\/wp-content\/uploads\/2023\/04\/housebook-2023-primaryLogo.svg\",\"width\":\"1024\",\"height\":\"1024\",\"caption\":\"Housebook GmbH\"},\"image\":{\"@id\":\"https:\/\/housebook-solutions.com\/#\/schema\/logo\/image\/\"},\"sameAs\":[\"https:\/\/www.facebook.com\/people\/Housebook-GmbH\/100064052342719\/\",\"https:\/\/x.com\/housebook_app\",\"https:\/\/www.linkedin.com\/company\/housebook-gmbh\/\"]}]}<\/script>\n<!-- \/ Yoast SEO plugin. -->","yoast_head_json":{"title":"App - Housebook | Die App f\u00fcr Baudokumentation &amp; Geb\u00e4udeverwaltung","robots":{"index":"index","follow":"follow","max-snippet":"max-snippet:-1","max-image-preview":"max-image-preview:large","max-video-preview":"max-video-preview:-1"},"canonical":"https:\/\/housebook-solutions.com\/en\/app\/","og_locale":"en_GB","og_type":"article","og_title":"App - Housebook | Die App f\u00fcr Baudokumentation &amp; Geb\u00e4udeverwaltung","og_description":"Housebook App Housebook ist die perfekte App f\u00fcr Bautr\u00e4ger, Generalunternehmer, Architekten, Aufsichtsinspektoren, Versicherungsgesellschaften, Bauleiter, Versicherungsunternehmen und Geb\u00e4udeverwalter, die ihre Arbeit effektiver macht und die Verwaltung jeder Phase einer Bauinvestition erleichtert. Sehen Sie sich an, wie die HOUSEBOOK App w\u00e4hrend des Bauprozesses und bei der Immobilienverwaltung behilflich sein kann. iOS app Android app App-Funktionen im \u00dcberblick ... Read more","og_url":"https:\/\/housebook-solutions.com\/en\/app\/","og_site_name":"Housebook | Die App f\u00fcr Baudokumentation &amp; Geb\u00e4udeverwaltung","article_publisher":"https:\/\/www.facebook.com\/people\/Housebook-GmbH\/100064052342719\/","article_modified_time":"2024-02-07T10:12:01+00:00","twitter_card":"summary_large_image","twitter_site":"@housebook_app","schema":{"@context":"https:\/\/schema.org","@graph":[{"@type":"WebPage","@id":"https:\/\/housebook-solutions.com\/app\/","url":"https:\/\/housebook-solutions.com\/app\/","name":"App - Housebook | Die App f\u00fcr Baudokumentation &amp; Geb\u00e4udeverwaltung","isPartOf":{"@id":"https:\/\/housebook-solutions.com\/#website"},"datePublished":"2022-03-09T12:10:36+00:00","dateModified":"2024-02-07T10:12:01+00:00","breadcrumb":{"@id":"https:\/\/housebook-solutions.com\/app\/#breadcrumb"},"inLanguage":"en-GB","potentialAction":[{"@type":"ReadAction","target":["https:\/\/housebook-solutions.com\/app\/"]}]},{"@type":"BreadcrumbList","@id":"https:\/\/housebook-solutions.com\/app\/#breadcrumb","itemListElement":[{"@type":"ListItem","position":1,"name":"Startseite","item":"https:\/\/housebook-solutions.com\/"},{"@type":"ListItem","position":2,"name":"App"}]},{"@type":"WebSite","@id":"https:\/\/housebook-solutions.com\/#website","url":"https:\/\/housebook-solutions.com\/","name":"Housebook | Die App f\u00fcr Baudokumentation &amp; Geb\u00e4udeverwaltung","description":"HOUSEBOOK ist ein Werkzeug, das aus einer Control-Software und einer mobilen App besteht. Das intuitive Panel erm\u00f6glicht die Erstellung der gesamten Dokumentation eines Investitions- und Bauprozesses an einem Ort.","publisher":{"@id":"https:\/\/housebook-solutions.com\/#organization"},"potentialAction":[{"@type":"SearchAction","target":{"@type":"EntryPoint","urlTemplate":"https:\/\/housebook-solutions.com\/?s={search_term_string}"},"query-input":"required name=search_term_string"}],"inLanguage":"en-GB"},{"@type":"Organization","@id":"https:\/\/housebook-solutions.com\/#organization","name":"Housebook GmbH","url":"https:\/\/housebook-solutions.com\/","logo":{"@type":"ImageObject","inLanguage":"en-GB","@id":"https:\/\/housebook-solutions.com\/#\/schema\/logo\/image\/","url":"https:\/\/housebook-solutions.com\/wp-content\/uploads\/2023\/04\/housebook-2023-primaryLogo.svg","contentUrl":"https:\/\/housebook-solutions.com\/wp-content\/uploads\/2023\/04\/housebook-2023-primaryLogo.svg","width":"1024","height":"1024","caption":"Housebook GmbH"},"image":{"@id":"https:\/\/housebook-solutions.com\/#\/schema\/logo\/image\/"},"sameAs":["https:\/\/www.facebook.com\/people\/Housebook-GmbH\/100064052342719\/","https:\/\/x.com\/housebook_app","https:\/\/www.linkedin.com\/company\/housebook-gmbh\/"]}]}},"_links":{"self":[{"href":"https:\/\/housebook-solutions.com\/en\/wp-json\/wp\/v2\/pages\/753"}],"collection":[{"href":"https:\/\/housebook-solutions.com\/en\/wp-json\/wp\/v2\/pages"}],"about":[{"href":"https:\/\/housebook-solutions.com\/en\/wp-json\/wp\/v2\/types\/page"}],"author":[{"embeddable":true,"href":"https:\/\/housebook-solutions.com\/en\/wp-json\/wp\/v2\/users\/3"}],"replies":[{"embeddable":true,"href":"https:\/\/housebook-solutions.com\/en\/wp-json\/wp\/v2\/comments?post=753"}],"version-history":[{"count":12,"href":"https:\/\/housebook-solutions.com\/en\/wp-json\/wp\/v2\/pages\/753\/revisions"}],"predecessor-version":[{"id":4727,"href":"https:\/\/housebook-solutions.com\/en\/wp-json\/wp\/v2\/pages\/753\/revisions\/4727"}],"wp:attachment":[{"href":"https:\/\/housebook-solutions.com\/en\/wp-json\/wp\/v2\/media?parent=753"}],"curies":[{"name":"wp","href":"https:\/\/api.w.org\/{rel}","templated":true}]}}